{"id":5022,"date":"2022-01-17T23:43:14","date_gmt":"2022-01-17T20:43:14","guid":{"rendered":"https:\/\/www.agrio.market\/?post_type=product&#038;p=5022"},"modified":"2023-05-22T23:33:16","modified_gmt":"2023-05-22T20:33:16","slug":"2022-agricultural-fertilizer-distributor-agro-machines-tasos","status":"publish","type":"product","link":"https:\/\/www.agriomarket.com\/index.php\/urun\/2022-agricultural-fertilizer-distributor-agro-machines-tasos\/","title":{"rendered":"2022 Agricultural fertilizer distributor AGRO MACHINES TASOS"},"content":{"rendered":"<p>G\u00fcbre da\u011f\u0131t\u0131c\u0131s\u0131 500 kg, ekstra 200 kg \u00e7er\u00e7eveli ve tekli lineer.<\/p>\n","protected":false},"excerpt":{"rendered":"<p>G\u00fcbre da\u011f\u0131t\u0131c\u0131s\u0131 500 kg, ekstra 200 kg \u00e7er\u00e7eveli ve tekli lineer.<\/p>\n","protected":false},"featured_media":5030,"template":"","meta":[],"product_cat":[381,212],"product_tag":[342,295,312,313,311,294,310,308,309],"class_list":{"0":"post-5022","1":"product","2":"type-product","3":"status-publish","4":"has-post-thumbnail","6":"product_cat-meyve-ve-sebze-hasat-makineleri","7":"product_cat-tarim-makine-ve-ekipmanlari","8":"product_tag-endustriyel-makineler","9":"product_tag-gubre-grubu","10":"product_tag-gubreleme-araclari","11":"product_tag-gubreleme-makineleri","12":"product_tag-tohum-araclari","13":"product_tag-tohum-grubu","14":"product_tag-tohum-makineleri","15":"product_tag-toprak-isleme-araclari","16":"product_tag-toprak-isleme-makineleri","18":"first","19":"instock","20":"taxable","21":"shipping-taxable","22":"product-type-external","23":"col-xs-6 col-sm-4","24":"col-md-3 col-lg-3","25":"un-4-cols"},"_links":{"self":[{"href":"https:\/\/www.agriomarket.com\/index.php\/wp-json\/wp\/v2\/product\/5022","targetHints":{"allow":["GET"]}}],"collection":[{"href":"https:\/\/www.agriomarket.com\/index.php\/wp-json\/wp\/v2\/product"}],"about":[{"href":"https:\/\/www.agriomarket.com\/index.php\/wp-json\/wp\/v2\/types\/product"}],"wp:featuredmedia":[{"embeddable":true,"href":"https:\/\/www.agriomarket.com\/index.php\/wp-json\/wp\/v2\/media\/5030"}],"wp:attachment":[{"href":"https:\/\/www.agriomarket.com\/index.php\/wp-json\/wp\/v2\/media?parent=5022"}],"wp:term":[{"taxonomy":"product_cat","embeddable":true,"href":"https:\/\/www.agriomarket.com\/index.php\/wp-json\/wp\/v2\/product_cat?post=5022"},{"taxonomy":"product_tag","embeddable":true,"href":"https:\/\/www.agriomarket.com\/index.php\/wp-json\/wp\/v2\/product_tag?post=5022"}],"curies":[{"name":"wp","href":"https:\/\/api.w.org\/{rel}","templated":true}]}}