{"id":5036,"date":"2022-01-17T23:43:37","date_gmt":"2022-01-17T20:43:37","guid":{"rendered":"https:\/\/www.agrio.market\/?post_type=product&#038;p=5036"},"modified":"2023-05-22T23:33:01","modified_gmt":"2023-05-22T20:33:01","slug":"2021-tractor-fertilizer-spreaders-600-800-1000-1200-1500-liters","status":"publish","type":"product","link":"https:\/\/www.agriomarket.com\/index.php\/urun\/2021-tractor-fertilizer-spreaders-600-800-1000-1200-1500-liters\/","title":{"rendered":"2021 Tractor fertilizer spreaders 600-800-1000-1200-1500 liters"},"content":{"rendered":"<p>600-800-1000-1200-1500 L\u0130TRE \u00e7ift ve tek kanatl\u0131 hidrolik a\u00e7\u0131labilir.<\/p>\n","protected":false},"excerpt":{"rendered":"<p>600-800-1000-1200-1500 L\u0130TRE \u00e7ift ve tek kanatl\u0131 hidrolik a\u00e7\u0131labilir.<\/p>\n","protected":false},"featured_media":5040,"template":"","meta":[],"product_cat":[381,212],"product_tag":[342,295,312,313,311,294,310,308,309],"class_list":{"0":"post-5036","1":"product","2":"type-product","3":"status-publish","4":"has-post-thumbnail","6":"product_cat-meyve-ve-sebze-hasat-makineleri","7":"product_cat-tarim-makine-ve-ekipmanlari","8":"product_tag-endustriyel-makineler","9":"product_tag-gubre-grubu","10":"product_tag-gubreleme-araclari","11":"product_tag-gubreleme-makineleri","12":"product_tag-tohum-araclari","13":"product_tag-tohum-grubu","14":"product_tag-tohum-makineleri","15":"product_tag-toprak-isleme-araclari","16":"product_tag-toprak-isleme-makineleri","18":"first","19":"instock","20":"taxable","21":"shipping-taxable","22":"product-type-external","23":"col-xs-6 col-sm-4","24":"col-md-3 col-lg-3","25":"un-4-cols"},"_links":{"self":[{"href":"https:\/\/www.agriomarket.com\/index.php\/wp-json\/wp\/v2\/product\/5036","targetHints":{"allow":["GET"]}}],"collection":[{"href":"https:\/\/www.agriomarket.com\/index.php\/wp-json\/wp\/v2\/product"}],"about":[{"href":"https:\/\/www.agriomarket.com\/index.php\/wp-json\/wp\/v2\/types\/product"}],"wp:featuredmedia":[{"embeddable":true,"href":"https:\/\/www.agriomarket.com\/index.php\/wp-json\/wp\/v2\/media\/5040"}],"wp:attachment":[{"href":"https:\/\/www.agriomarket.com\/index.php\/wp-json\/wp\/v2\/media?parent=5036"}],"wp:term":[{"taxonomy":"product_cat","embeddable":true,"href":"https:\/\/www.agriomarket.com\/index.php\/wp-json\/wp\/v2\/product_cat?post=5036"},{"taxonomy":"product_tag","embeddable":true,"href":"https:\/\/www.agriomarket.com\/index.php\/wp-json\/wp\/v2\/product_tag?post=5036"}],"curies":[{"name":"wp","href":"https:\/\/api.w.org\/{rel}","templated":true}]}}