{"id":5169,"date":"2022-01-18T22:06:24","date_gmt":"2022-01-18T19:06:24","guid":{"rendered":"https:\/\/www.agrio.market\/?post_type=product&#038;p=5169"},"modified":"2023-05-23T15:07:02","modified_gmt":"2023-05-23T12:07:02","slug":"nugent-l3618h-door-ramp","status":"publish","type":"product","link":"https:\/\/www.agriomarket.com\/index.php\/urun\/nugent-l3618h-door-ramp\/","title":{"rendered":"Nugent L3618H Door\/Ramp"},"content":{"rendered":"<p>2 dingilli hayvan ta\u015f\u0131y\u0131c\u0131\/hayvan r\u00f6morku<br \/>\nKnott \u015fasi ve ta\u015fma freni<br \/>\nParabolik yaprak yaylar ***\u00d6zel s\u00fcspansiyon PARABOL\u0130K EQUALIZER***<br \/>\nOtomatik geri s\u00fcr\u00fc\u015f<br \/>\nKilitlenebilir r\u00f6mork ba\u011flant\u0131s\u0131<br \/>\nSa\u011flam destek tekerle\u011fi<br \/>\n3 mm al\u00fcminyum baklaval\u0131 kal\u0131n sacl\u0131 30 mm \u00f6zel i\u015flenmi\u015f ah\u015fap zemin<br \/>\nbirka\u00e7 ba\u011flama olas\u0131l\u0131\u011f\u0131<br \/>\nAl\u00fcminyum profilli b\u00f6lme duvarlar<br \/>\nGaz bas\u0131nc\u0131 damperli sa\u011flam bagaj kapa\u011f\u0131<br \/>\nBagaj b\u00f6l\u00fcm\u00fc kontrol\u00fc i\u00e7in yan kap\u0131<br \/>\nOptimum havaland\u0131rma<br \/>\nLastikler 195\/75R16C dahil. stepne ve tutucu<br \/>\nLED ayd\u0131nlatma<br \/>\nBirlikte verilen aksesuarlar:<br \/>\nKap\u0131\/rampa kombinasyonu<br \/>\n1 enine b\u00f6lme<br \/>\nayr\u0131 mente\u015feli \u00f6n havaland\u0131rma kanatlar\u0131<br \/>\nyan havaland\u0131rma kanatlar\u0131, ayr\u0131 ayr\u0131 a\u00e7\u0131l\u0131p kapat\u0131labilir<br \/>\n\u0130\u00e7 ayd\u0131nlatma<br \/>\ns\u00fcrekli muayene kap\u0131s\u0131<br \/>\n13 pinli fi\u015fli STVO&#8217;ya g\u00f6re ayd\u0131nlatma<br \/>\nEC Uygunluk Sertifikas\u0131 (COC)<br \/>\n*** giri\u015fte ***<br \/>\nTe\u00e7hizat<br \/>\nTandem aks<br \/>\nTip sertifikas\u0131<br \/>\nHayvan t\u00fcr\u00fc: S\u0131\u011f\u0131r<br \/>\n\u00dcst ek: \u00c7elik<\/p>\n","protected":false},"excerpt":{"rendered":"<p>2 dingilli hayvan ta\u015f\u0131y\u0131c\u0131\/hayvan r\u00f6morku Knott \u015fasi ve ta\u015fma freni Parabolik yaprak yaylar ***\u00d6zel s\u00fcspansiyon PARABOL\u0130K EQUALIZER*** Otomatik geri s\u00fcr\u00fc\u015f Kilitlenebilir r\u00f6mork ba\u011flant\u0131s\u0131 Sa\u011flam destek tekerle\u011fi 3 mm al\u00fcminyum baklaval\u0131 kal\u0131n sacl\u0131 30 mm \u00f6zel i\u015flenmi\u015f ah\u015fap zemin birka\u00e7 ba\u011flama olas\u0131l\u0131\u011f\u0131 Al\u00fcminyum profilli b\u00f6lme duvarlar Gaz bas\u0131nc\u0131 damperli sa\u011flam bagaj kapa\u011f\u0131 Bagaj b\u00f6l\u00fcm\u00fc kontrol\u00fc i\u00e7in&hellip;<\/p>\n","protected":false},"featured_media":5170,"template":"","meta":[],"product_cat":[387,212],"product_tag":[401,379,399,341,264,339,340],"class_list":{"0":"post-5169","1":"product","2":"type-product","3":"status-publish","4":"has-post-thumbnail","6":"product_cat-hayvancilik-makine-ve-ekipmanlari","7":"product_cat-tarim-makine-ve-ekipmanlari","8":"product_tag-arac","9":"product_tag-ekipman","10":"product_tag-hayvancilik-ekipmanlari","11":"product_tag-kulucka-makineleri","12":"product_tag-sut","13":"product_tag-sut-sagma-makineleri","14":"product_tag-yumurta-makineleri","16":"first","17":"instock","18":"taxable","19":"shipping-taxable","20":"product-type-external","21":"col-xs-6 col-sm-4","22":"col-md-3 col-lg-3","23":"un-4-cols"},"_links":{"self":[{"href":"https:\/\/www.agriomarket.com\/index.php\/wp-json\/wp\/v2\/product\/5169","targetHints":{"allow":["GET"]}}],"collection":[{"href":"https:\/\/www.agriomarket.com\/index.php\/wp-json\/wp\/v2\/product"}],"about":[{"href":"https:\/\/www.agriomarket.com\/index.php\/wp-json\/wp\/v2\/types\/product"}],"wp:featuredmedia":[{"embeddable":true,"href":"https:\/\/www.agriomarket.com\/index.php\/wp-json\/wp\/v2\/media\/5170"}],"wp:attachment":[{"href":"https:\/\/www.agriomarket.com\/index.php\/wp-json\/wp\/v2\/media?parent=5169"}],"wp:term":[{"taxonomy":"product_cat","embeddable":true,"href":"https:\/\/www.agriomarket.com\/index.php\/wp-json\/wp\/v2\/product_cat?post=5169"},{"taxonomy":"product_tag","embeddable":true,"href":"https:\/\/www.agriomarket.com\/index.php\/wp-json\/wp\/v2\/product_tag?post=5169"}],"curies":[{"name":"wp","href":"https:\/\/api.w.org\/{rel}","templated":true}]}}