{"id":5222,"date":"2022-01-19T21:44:27","date_gmt":"2022-01-19T18:44:27","guid":{"rendered":"https:\/\/www.agrio.market\/?post_type=product&#038;p=5222"},"modified":"2023-05-22T22:45:06","modified_gmt":"2023-05-22T19:45:06","slug":"mazzotti-ibis-1500","status":"publish","type":"product","link":"https:\/\/www.agriomarket.com\/index.php\/urun\/mazzotti-ibis-1500\/","title":{"rendered":"Mazzotti Ibis 1500"},"content":{"rendered":"<p>Kendinden tahrikli p\u00fcsk\u00fcrt\u00fcc\u00fc MAZZOTTI mod. IBIS 1500 , KOMPLE : bom 15 mt, hava kovan\u0131, 2.000 saat, ara b\u00f6lmeli bilgisayar, mikser, tesis \u015farj cihaz\u0131, yeni tekerlekler, m\u00fckemmel, her t\u00fcrl\u00fc test i\u00e7in mevcut.<\/p>\n","protected":false},"excerpt":{"rendered":"<p>Kendinden tahrikli p\u00fcsk\u00fcrt\u00fcc\u00fc MAZZOTTI mod. IBIS 1500 , KOMPLE : bom 15 mt, hava kovan\u0131, 2.000 saat, ara b\u00f6lmeli bilgisayar, mikser, tesis \u015farj cihaz\u0131, yeni tekerlekler, m\u00fckemmel, her t\u00fcrl\u00fc test i\u00e7in mevcut.<\/p>\n","protected":false},"featured_media":5223,"template":"","meta":[],"product_cat":[212,445],"product_tag":[392,401,379],"class_list":{"0":"post-5222","1":"product","2":"type-product","3":"status-publish","4":"has-post-thumbnail","6":"product_cat-tarim-makine-ve-ekipmanlari","7":"product_cat-tarimsal-ilaclama-makineleri","8":"product_tag-aplikatorler","9":"product_tag-arac","10":"product_tag-ekipman","12":"first","13":"instock","14":"taxable","15":"shipping-taxable","16":"product-type-external","17":"col-xs-6 col-sm-4","18":"col-md-3 col-lg-3","19":"un-4-cols"},"_links":{"self":[{"href":"https:\/\/www.agriomarket.com\/index.php\/wp-json\/wp\/v2\/product\/5222","targetHints":{"allow":["GET"]}}],"collection":[{"href":"https:\/\/www.agriomarket.com\/index.php\/wp-json\/wp\/v2\/product"}],"about":[{"href":"https:\/\/www.agriomarket.com\/index.php\/wp-json\/wp\/v2\/types\/product"}],"wp:featuredmedia":[{"embeddable":true,"href":"https:\/\/www.agriomarket.com\/index.php\/wp-json\/wp\/v2\/media\/5223"}],"wp:attachment":[{"href":"https:\/\/www.agriomarket.com\/index.php\/wp-json\/wp\/v2\/media?parent=5222"}],"wp:term":[{"taxonomy":"product_cat","embeddable":true,"href":"https:\/\/www.agriomarket.com\/index.php\/wp-json\/wp\/v2\/product_cat?post=5222"},{"taxonomy":"product_tag","embeddable":true,"href":"https:\/\/www.agriomarket.com\/index.php\/wp-json\/wp\/v2\/product_tag?post=5222"}],"curies":[{"name":"wp","href":"https:\/\/api.w.org\/{rel}","templated":true}]}}