{"id":5278,"date":"2022-01-20T23:26:34","date_gmt":"2022-01-20T20:26:34","guid":{"rendered":"https:\/\/www.agrio.market\/?post_type=product&#038;p=5278"},"modified":"2023-05-22T23:15:50","modified_gmt":"2023-05-22T20:15:50","slug":"2019-tractor-mowers-am-bush-cutter","status":"publish","type":"product","link":"https:\/\/www.agriomarket.com\/index.php\/urun\/2019-tractor-mowers-am-bush-cutter\/","title":{"rendered":"2019 Tractor mowers AM BUSH CUTTER"},"content":{"rendered":"<p>Hidrolik Kollu Hafif Tip Muhrip<br \/>\nAM (hafif bi\u00e7me makinesi)<br \/>\n\u00f6zellikleri;<br \/>\n\u2022 25-50 HP (18-37 Kw) trakt\u00f6rler i\u00e7in<br \/>\n\u2022 Hidrolik Motorlu B\u0131\u00e7ak Hareketi<br \/>\n\u2022 CE G\u00fcvenlik Sertifikas\u0131<br \/>\n\u00d6nerilen Ya\u011f: ISO 46<br \/>\n80 cm 4600 kafa ile<br \/>\n100 cm 4750 kafa ile<\/p>\n","protected":false},"excerpt":{"rendered":"<p>Hidrolik Kollu Hafif Tip Muhrip AM (hafif bi\u00e7me makinesi) \u00f6zellikleri; \u2022 25-50 HP (18-37 Kw) trakt\u00f6rler i\u00e7in \u2022 Hidrolik Motorlu B\u0131\u00e7ak Hareketi \u2022 CE G\u00fcvenlik Sertifikas\u0131 \u00d6nerilen Ya\u011f: ISO 46 80 cm 4600 kafa ile 100 cm 4750 kafa ile<\/p>\n","protected":false},"featured_media":5279,"template":"","meta":[],"product_cat":[381,212],"product_tag":[319,322,318,321,342,315,317,314,316],"class_list":{"0":"post-5278","1":"product","2":"type-product","3":"status-publish","4":"has-post-thumbnail","6":"product_cat-meyve-ve-sebze-hasat-makineleri","7":"product_cat-tarim-makine-ve-ekipmanlari","8":"product_tag-dikim-araclari","9":"product_tag-dikim-makineleri","10":"product_tag-ekim-araclari","11":"product_tag-ekim-makineleri","12":"product_tag-endustriyel-makineler","13":"product_tag-harman-araclari","14":"product_tag-harman-makineleri","15":"product_tag-hasat-araclari","16":"product_tag-hasat-makineleri","18":"first","19":"instock","20":"taxable","21":"shipping-taxable","22":"product-type-external","23":"col-xs-6 col-sm-4","24":"col-md-3 col-lg-3","25":"un-4-cols"},"_links":{"self":[{"href":"https:\/\/www.agriomarket.com\/index.php\/wp-json\/wp\/v2\/product\/5278","targetHints":{"allow":["GET"]}}],"collection":[{"href":"https:\/\/www.agriomarket.com\/index.php\/wp-json\/wp\/v2\/product"}],"about":[{"href":"https:\/\/www.agriomarket.com\/index.php\/wp-json\/wp\/v2\/types\/product"}],"wp:featuredmedia":[{"embeddable":true,"href":"https:\/\/www.agriomarket.com\/index.php\/wp-json\/wp\/v2\/media\/5279"}],"wp:attachment":[{"href":"https:\/\/www.agriomarket.com\/index.php\/wp-json\/wp\/v2\/media?parent=5278"}],"wp:term":[{"taxonomy":"product_cat","embeddable":true,"href":"https:\/\/www.agriomarket.com\/index.php\/wp-json\/wp\/v2\/product_cat?post=5278"},{"taxonomy":"product_tag","embeddable":true,"href":"https:\/\/www.agriomarket.com\/index.php\/wp-json\/wp\/v2\/product_tag?post=5278"}],"curies":[{"name":"wp","href":"https:\/\/api.w.org\/{rel}","templated":true}]}}