{"id":5324,"date":"2022-01-21T00:05:35","date_gmt":"2022-01-20T21:05:35","guid":{"rendered":"https:\/\/www.agrio.market\/?post_type=product&#038;p=5324"},"modified":"2023-05-22T23:26:26","modified_gmt":"2023-05-22T20:26:26","slug":"2021-agm-unifeed-14","status":"publish","type":"product","link":"https:\/\/www.agriomarket.com\/index.php\/urun\/2021-agm-unifeed-14\/","title":{"rendered":"2021 AGM Unifeed 14"},"content":{"rendered":"<p>Teslimata haz\u0131r.<br \/>\n12 AY GARANT\u0130 \u0130LE YEN\u0130LENM\u0130\u015eT\u0130R.<\/p>\n","protected":false},"excerpt":{"rendered":"<p>Teslimata haz\u0131r. 12 AY GARANT\u0130 \u0130LE YEN\u0130LENM\u0130\u015eT\u0130R.<\/p>\n","protected":false},"featured_media":5325,"template":"","meta":[],"product_cat":[387,212],"product_tag":[336,342,337,305,307,334,335,304,306],"class_list":{"0":"post-5324","1":"product","2":"type-product","3":"status-publish","4":"has-post-thumbnail","6":"product_cat-hayvancilik-makine-ve-ekipmanlari","7":"product_cat-tarim-makine-ve-ekipmanlari","8":"product_tag-eleme-makineleri","9":"product_tag-endustriyel-makineler","10":"product_tag-filtreleme-makineleri","11":"product_tag-istifleme-araclari","12":"product_tag-istifleme-makineleri","13":"product_tag-karistirma-makineleri","14":"product_tag-soyma-makineleri","15":"product_tag-tasima-araclari","16":"product_tag-tasima-makineleri","18":"first","19":"instock","20":"taxable","21":"shipping-taxable","22":"product-type-external","23":"col-xs-6 col-sm-4","24":"col-md-3 col-lg-3","25":"un-4-cols"},"_links":{"self":[{"href":"https:\/\/www.agriomarket.com\/index.php\/wp-json\/wp\/v2\/product\/5324","targetHints":{"allow":["GET"]}}],"collection":[{"href":"https:\/\/www.agriomarket.com\/index.php\/wp-json\/wp\/v2\/product"}],"about":[{"href":"https:\/\/www.agriomarket.com\/index.php\/wp-json\/wp\/v2\/types\/product"}],"wp:featuredmedia":[{"embeddable":true,"href":"https:\/\/www.agriomarket.com\/index.php\/wp-json\/wp\/v2\/media\/5325"}],"wp:attachment":[{"href":"https:\/\/www.agriomarket.com\/index.php\/wp-json\/wp\/v2\/media?parent=5324"}],"wp:term":[{"taxonomy":"product_cat","embeddable":true,"href":"https:\/\/www.agriomarket.com\/index.php\/wp-json\/wp\/v2\/product_cat?post=5324"},{"taxonomy":"product_tag","embeddable":true,"href":"https:\/\/www.agriomarket.com\/index.php\/wp-json\/wp\/v2\/product_tag?post=5324"}],"curies":[{"name":"wp","href":"https:\/\/api.w.org\/{rel}","templated":true}]}}