{"id":5362,"date":"2022-01-21T22:38:02","date_gmt":"2022-01-21T19:38:02","guid":{"rendered":"https:\/\/www.agrio.market\/?post_type=product&#038;p=5362"},"modified":"2023-05-22T23:30:21","modified_gmt":"2023-05-22T20:30:21","slug":"sand-split-spreaders-120-cm-to-3-point-attachment","status":"publish","type":"product","link":"https:\/\/www.agriomarket.com\/index.php\/urun\/sand-split-spreaders-120-cm-to-3-point-attachment\/","title":{"rendered":"Sand &#038; Split Spreaders 120 cm to 3 Point Attachment"},"content":{"rendered":"<p>YEN\u0130, 120 cm geni\u015flik, 3 noktadan toplamaya uygun, 430 kg kendi a\u011f\u0131rl\u0131\u011f\u0131, 0,70 m\u00b3 kapasiteli, kendinden y\u00fcklemeli sistem, hid. Yay\u0131lma tahriki, ayd\u0131nlatma sistemi, koruyucu \u0131zgaral\u0131, Euro, Bobcat, Claas, CAT, Dieci, JCB, John Deere, Kramer, Liebherr, Merlo, Manitou, New Holland, Terex\/Genie, Sch\u00e4fer, Weidemann gibi bir\u00e7ok ata\u015fmanla birlikte.<\/p>\n","protected":false},"excerpt":{"rendered":"<p>YEN\u0130, 120 cm geni\u015flik, 3 noktadan toplamaya uygun, 430 kg kendi a\u011f\u0131rl\u0131\u011f\u0131, 0,70 m\u00b3 kapasiteli, kendinden y\u00fcklemeli sistem, hid. Yay\u0131lma tahriki, ayd\u0131nlatma sistemi, koruyucu \u0131zgaral\u0131, Euro, Bobcat, Claas, CAT, Dieci, JCB, John Deere, Kramer, Liebherr, Merlo, Manitou, New Holland, Terex\/Genie, Sch\u00e4fer, Weidemann gibi bir\u00e7ok ata\u015fmanla birlikte.<\/p>\n","protected":false},"featured_media":5363,"template":"","meta":[],"product_cat":[381,212],"product_tag":[342,295,312,313,311,294,310,308,309],"class_list":{"0":"post-5362","1":"product","2":"type-product","3":"status-publish","4":"has-post-thumbnail","6":"product_cat-meyve-ve-sebze-hasat-makineleri","7":"product_cat-tarim-makine-ve-ekipmanlari","8":"product_tag-endustriyel-makineler","9":"product_tag-gubre-grubu","10":"product_tag-gubreleme-araclari","11":"product_tag-gubreleme-makineleri","12":"product_tag-tohum-araclari","13":"product_tag-tohum-grubu","14":"product_tag-tohum-makineleri","15":"product_tag-toprak-isleme-araclari","16":"product_tag-toprak-isleme-makineleri","18":"first","19":"instock","20":"taxable","21":"shipping-taxable","22":"product-type-external","23":"col-xs-6 col-sm-4","24":"col-md-3 col-lg-3","25":"un-4-cols"},"_links":{"self":[{"href":"https:\/\/www.agriomarket.com\/index.php\/wp-json\/wp\/v2\/product\/5362","targetHints":{"allow":["GET"]}}],"collection":[{"href":"https:\/\/www.agriomarket.com\/index.php\/wp-json\/wp\/v2\/product"}],"about":[{"href":"https:\/\/www.agriomarket.com\/index.php\/wp-json\/wp\/v2\/types\/product"}],"wp:featuredmedia":[{"embeddable":true,"href":"https:\/\/www.agriomarket.com\/index.php\/wp-json\/wp\/v2\/media\/5363"}],"wp:attachment":[{"href":"https:\/\/www.agriomarket.com\/index.php\/wp-json\/wp\/v2\/media?parent=5362"}],"wp:term":[{"taxonomy":"product_cat","embeddable":true,"href":"https:\/\/www.agriomarket.com\/index.php\/wp-json\/wp\/v2\/product_cat?post=5362"},{"taxonomy":"product_tag","embeddable":true,"href":"https:\/\/www.agriomarket.com\/index.php\/wp-json\/wp\/v2\/product_tag?post=5362"}],"curies":[{"name":"wp","href":"https:\/\/api.w.org\/{rel}","templated":true}]}}