{"id":5627,"date":"2022-01-26T22:07:35","date_gmt":"2022-01-26T19:07:35","guid":{"rendered":"https:\/\/www.agrio.market\/?post_type=product&#038;p=5627"},"modified":"2023-05-22T22:43:40","modified_gmt":"2023-05-22T19:43:40","slug":"2015-joskin-volumetra-18500-d","status":"publish","type":"product","link":"https:\/\/www.agriomarket.com\/index.php\/urun\/2015-joskin-volumetra-18500-d\/","title":{"rendered":"2015 Joskin Volumetra 18500 D"},"content":{"rendered":"<p>Vogelsang s\u0131v\u0131 g\u00fcbre serpme makinesi dahil Swingmax 3 &#8211; 21m &#8211; <\/p>\n<p>&#8211; Yap\u0131m y\u0131l\u0131 2021<br \/>\n&#8211; Elektrohid. Operasyon<br \/>\n&#8211; Aktif sarka\u00e7 telafisi<\/p>\n","protected":false},"excerpt":{"rendered":"<p>&#8211; \u00dcr\u00fcn ile ilgili fiyat teklifi talebinde bulunabilirsiniz.<br \/>\n&#8211; Alternatif \u00fcr\u00fcnler ile ilgili uzman ekibimize talep g\u00f6nderebilirsiniz.<br \/>\n&#8211; \u00dcr\u00fcn al\u0131m\u0131 ile ilgili finansal \u00e7\u00f6z\u00fcmler konusunda finans ekibimiz ile g\u00f6r\u00fc\u015fme talep edebilirsiniz.<\/p>\n","protected":false},"featured_media":5628,"template":"","meta":[],"product_cat":[212,445],"product_tag":[392,401,379,342,300,299],"class_list":{"0":"post-5627","1":"product","2":"type-product","3":"status-publish","4":"has-post-thumbnail","6":"product_cat-tarim-makine-ve-ekipmanlari","7":"product_cat-tarimsal-ilaclama-makineleri","8":"product_tag-aplikatorler","9":"product_tag-arac","10":"product_tag-ekipman","11":"product_tag-endustriyel-makineler","12":"product_tag-tarim-ekipmanlari","13":"product_tag-tarim-makineleri","15":"first","16":"instock","17":"taxable","18":"shipping-taxable","19":"product-type-external","20":"col-xs-6 col-sm-4","21":"col-md-3 col-lg-3","22":"un-4-cols"},"_links":{"self":[{"href":"https:\/\/www.agriomarket.com\/index.php\/wp-json\/wp\/v2\/product\/5627","targetHints":{"allow":["GET"]}}],"collection":[{"href":"https:\/\/www.agriomarket.com\/index.php\/wp-json\/wp\/v2\/product"}],"about":[{"href":"https:\/\/www.agriomarket.com\/index.php\/wp-json\/wp\/v2\/types\/product"}],"wp:featuredmedia":[{"embeddable":true,"href":"https:\/\/www.agriomarket.com\/index.php\/wp-json\/wp\/v2\/media\/5628"}],"wp:attachment":[{"href":"https:\/\/www.agriomarket.com\/index.php\/wp-json\/wp\/v2\/media?parent=5627"}],"wp:term":[{"taxonomy":"product_cat","embeddable":true,"href":"https:\/\/www.agriomarket.com\/index.php\/wp-json\/wp\/v2\/product_cat?post=5627"},{"taxonomy":"product_tag","embeddable":true,"href":"https:\/\/www.agriomarket.com\/index.php\/wp-json\/wp\/v2\/product_tag?post=5627"}],"curies":[{"name":"wp","href":"https:\/\/api.w.org\/{rel}","templated":true}]}}