{"id":5712,"date":"2022-01-27T21:35:59","date_gmt":"2022-01-27T18:35:59","guid":{"rendered":"https:\/\/www.agrio.market\/?post_type=product&#038;p=5712"},"modified":"2023-05-23T00:02:14","modified_gmt":"2023-05-22T21:02:14","slug":"2020-fendt-tigo-75-xr-d","status":"publish","type":"product","link":"https:\/\/www.agriomarket.com\/index.php\/urun\/2020-fendt-tigo-75-xr-d\/","title":{"rendered":"2020 Fendt Tigo 75 XR-D"},"content":{"rendered":"<p>FENDT Tigo 75 XR-D <\/p>\n<p>Yap\u0131m y\u0131l\u0131: 12\/2020 <\/p>\n<p>\u0130lk kullan\u0131m: 2021 &#8211; 4 ton \u00e7eki y\u00fck\u00fc olan K80 alt ask\u0131 &#8211; konum kontroll\u00fc ve hidrolik s\u00fcspansiyonlu mafsall\u0131 \u00e7eki &#8211; hidrolik tahrikli XL toplay\u0131c\u0131 &#8211; hidrolik tahliyeli toplay\u0131c\u0131 &#8211; ile toplay\u0131c\u0131 merkezi ke\u00e7e silindiri &#8211; 2 tak\u0131m kesme b\u0131\u00e7a\u011f\u0131 &#8211; 2 h\u0131z kademeli s\u0131y\u0131r\u0131c\u0131 zemin motorlar\u0131 &#8211; 3 dozlama silindiri &#8211; Kutuda 1 LED \u00e7al\u0131\u015fma lambas\u0131 &#8211; Vagonun ortas\u0131nda ve arkas\u0131nda 4 LED \u00e7al\u0131\u015fma lambas\u0131 &#8211; E\u011fimli hidrolik yayl\u0131 \u015fasi telafi &#8211; 800 \/ 45R26.5 Vredestein FlotationTrac lastikleri &#8211; BPW akslar &#8211; 40 km \/ s &#8211; Onay &#8211; Haval\u0131 frenler &#8211; ISOBUS i\u015fletimi &#8211; Ek i\u015fletim terminali &#8211; Kanal kapa\u011f\u0131 <\/p>\n","protected":false},"excerpt":{"rendered":"<p>FENDT Tigo 75 XR-D Yap\u0131m y\u0131l\u0131: 12\/2020 \u0130lk kullan\u0131m: 2021 &#8211; 4 ton \u00e7eki y\u00fck\u00fc olan K80 alt ask\u0131 &#8211; konum kontroll\u00fc ve hidrolik s\u00fcspansiyonlu mafsall\u0131 \u00e7eki &#8211; hidrolik tahrikli XL toplay\u0131c\u0131 &#8211; hidrolik tahliyeli toplay\u0131c\u0131 &#8211; ile toplay\u0131c\u0131 merkezi ke\u00e7e silindiri &#8211; 2 tak\u0131m kesme b\u0131\u00e7a\u011f\u0131 &#8211; 2 h\u0131z kademeli s\u0131y\u0131r\u0131c\u0131 zemin motorlar\u0131 &#8211;&hellip;<\/p>\n","protected":false},"featured_media":5713,"template":"","meta":[],"product_cat":[212,446],"product_tag":[342,305,307,397,304,306,297,396],"class_list":{"0":"post-5712","1":"product","2":"type-product","3":"status-publish","4":"has-post-thumbnail","6":"product_cat-tarim-makine-ve-ekipmanlari","7":"product_cat-yem-hasat-makineleri","8":"product_tag-endustriyel-makineler","9":"product_tag-istifleme-araclari","10":"product_tag-istifleme-makineleri","11":"product_tag-tahil-vagonlari","12":"product_tag-tasima-araclari","13":"product_tag-tasima-makineleri","14":"product_tag-yem-grubu","15":"product_tag-yem-vagonlari","17":"first","18":"instock","19":"taxable","20":"shipping-taxable","21":"product-type-external","22":"col-xs-6 col-sm-4","23":"col-md-3 col-lg-3","24":"un-4-cols"},"_links":{"self":[{"href":"https:\/\/www.agriomarket.com\/index.php\/wp-json\/wp\/v2\/product\/5712","targetHints":{"allow":["GET"]}}],"collection":[{"href":"https:\/\/www.agriomarket.com\/index.php\/wp-json\/wp\/v2\/product"}],"about":[{"href":"https:\/\/www.agriomarket.com\/index.php\/wp-json\/wp\/v2\/types\/product"}],"wp:featuredmedia":[{"embeddable":true,"href":"https:\/\/www.agriomarket.com\/index.php\/wp-json\/wp\/v2\/media\/5713"}],"wp:attachment":[{"href":"https:\/\/www.agriomarket.com\/index.php\/wp-json\/wp\/v2\/media?parent=5712"}],"wp:term":[{"taxonomy":"product_cat","embeddable":true,"href":"https:\/\/www.agriomarket.com\/index.php\/wp-json\/wp\/v2\/product_cat?post=5712"},{"taxonomy":"product_tag","embeddable":true,"href":"https:\/\/www.agriomarket.com\/index.php\/wp-json\/wp\/v2\/product_tag?post=5712"}],"curies":[{"name":"wp","href":"https:\/\/api.w.org\/{rel}","templated":true}]}}