{"id":5894,"date":"2022-02-04T00:20:54","date_gmt":"2022-02-03T21:20:54","guid":{"rendered":"https:\/\/www.agrio.market\/?post_type=product&#038;p=5894"},"modified":"2023-05-22T23:05:39","modified_gmt":"2023-05-22T20:05:39","slug":"2017-fromm-fs131","status":"publish","type":"product","link":"https:\/\/www.agriomarket.com\/index.php\/urun\/2017-fromm-fs131\/","title":{"rendered":"2017 Fromm FS131"},"content":{"rendered":"<p>Paletler i\u00e7in d\u00f6ner tablal\u0131 Fromm otomatik sarma makinesi<br \/>\nBu balya makinesinin d\u00f6ner tablas\u0131n\u0131n \u00e7ap\u0131 150 cm&#8217;dir.<\/p>\n","protected":false},"excerpt":{"rendered":"<p>Paletler i\u00e7in d\u00f6ner tablal\u0131 Fromm otomatik sarma makinesi Bu balya makinesinin d\u00f6ner tablas\u0131n\u0131n \u00e7ap\u0131 150 cm&#8217;dir.<\/p>\n","protected":false},"featured_media":5895,"template":"","meta":[],"product_cat":[381,212],"product_tag":[402,275,327,324,390,276,329,326,391],"class_list":{"0":"post-5894","1":"product","2":"type-product","3":"status-publish","4":"has-post-thumbnail","6":"product_cat-meyve-ve-sebze-hasat-makineleri","7":"product_cat-tarim-makine-ve-ekipmanlari","8":"product_tag-meyve","9":"product_tag-meyve-grubu","10":"product_tag-meyve-toplama-araclari","11":"product_tag-meyve-toplama-makineleri","12":"product_tag-meyve-yetistiriciligi","13":"product_tag-sebze-grubu","14":"product_tag-sebze-toplama-araclari","15":"product_tag-sebze-toplama-makineleri","16":"product_tag-sebze-yetistiriciligi","18":"first","19":"instock","20":"taxable","21":"shipping-taxable","22":"product-type-external","23":"col-xs-6 col-sm-4","24":"col-md-3 col-lg-3","25":"un-4-cols"},"_links":{"self":[{"href":"https:\/\/www.agriomarket.com\/index.php\/wp-json\/wp\/v2\/product\/5894","targetHints":{"allow":["GET"]}}],"collection":[{"href":"https:\/\/www.agriomarket.com\/index.php\/wp-json\/wp\/v2\/product"}],"about":[{"href":"https:\/\/www.agriomarket.com\/index.php\/wp-json\/wp\/v2\/types\/product"}],"wp:featuredmedia":[{"embeddable":true,"href":"https:\/\/www.agriomarket.com\/index.php\/wp-json\/wp\/v2\/media\/5895"}],"wp:attachment":[{"href":"https:\/\/www.agriomarket.com\/index.php\/wp-json\/wp\/v2\/media?parent=5894"}],"wp:term":[{"taxonomy":"product_cat","embeddable":true,"href":"https:\/\/www.agriomarket.com\/index.php\/wp-json\/wp\/v2\/product_cat?post=5894"},{"taxonomy":"product_tag","embeddable":true,"href":"https:\/\/www.agriomarket.com\/index.php\/wp-json\/wp\/v2\/product_tag?post=5894"}],"curies":[{"name":"wp","href":"https:\/\/api.w.org\/{rel}","templated":true}]}}