{"id":5912,"date":"2022-02-04T00:31:52","date_gmt":"2022-02-03T21:31:52","guid":{"rendered":"https:\/\/www.agrio.market\/?post_type=product&#038;p=5912"},"modified":"2023-05-22T23:05:01","modified_gmt":"2023-05-22T20:05:01","slug":"2013-eterpol-v-powerwasher","status":"publish","type":"product","link":"https:\/\/www.agriomarket.com\/index.php\/urun\/2013-eterpol-v-powerwasher\/","title":{"rendered":"2013 Eterpol V-PowerWasher\u200b"},"content":{"rendered":"<p>Farkl\u0131 b\u00fcy\u00fckl\u00fckteki seralar i\u00e7in geni\u015flik ayarlanabilir<br \/>\nHava platformu sayesinde serada platforma ihtiya\u00e7 duyulmaz.<br \/>\nHava platformunu bir \u00e7at\u0131dan di\u011ferine s\u00fcrmek i\u00e7in bir ki\u015fi gereklidir.<br \/>\nCox V-PowerWasher sera \u00e7at\u0131 y\u0131kama makinesi Anten platformlu komple<br \/>\nSeralar i\u00e7in \u00e7e\u015fitli geni\u015flikler i\u00e7in uygundur F\u0131r\u00e7a kolunu uzatarak ve f\u0131r\u00e7a ekleyerek farkl\u0131 ebatlarda sera \/ oluk yapmak m\u00fcmk\u00fcnd\u00fcr.<br \/>\nDeutz dizel motorlu hava platformu dahil, y\u00fckseklik +\/- 12 metre<br \/>\nKubota dizel motorlu su pompas\u0131<br \/>\nHava platformu sayesinde serada bir platform olmas\u0131na gerek yoktur.<\/p>\n","protected":false},"excerpt":{"rendered":"<p>Farkl\u0131 b\u00fcy\u00fckl\u00fckteki seralar i\u00e7in geni\u015flik ayarlanabilir Hava platformu sayesinde serada platforma ihtiya\u00e7 duyulmaz. Hava platformunu bir \u00e7at\u0131dan di\u011ferine s\u00fcrmek i\u00e7in bir ki\u015fi gereklidir. Cox V-PowerWasher sera \u00e7at\u0131 y\u0131kama makinesi Anten platformlu komple Seralar i\u00e7in \u00e7e\u015fitli geni\u015flikler i\u00e7in uygundur F\u0131r\u00e7a kolunu uzatarak ve f\u0131r\u00e7a ekleyerek farkl\u0131 ebatlarda sera \/ oluk yapmak m\u00fcmk\u00fcnd\u00fcr. Deutz dizel motorlu hava&hellip;<\/p>\n","protected":false},"featured_media":5913,"template":"","meta":[],"product_cat":[381,212],"product_tag":[402,275,327,324,390,276,329,326,391],"class_list":{"0":"post-5912","1":"product","2":"type-product","3":"status-publish","4":"has-post-thumbnail","6":"product_cat-meyve-ve-sebze-hasat-makineleri","7":"product_cat-tarim-makine-ve-ekipmanlari","8":"product_tag-meyve","9":"product_tag-meyve-grubu","10":"product_tag-meyve-toplama-araclari","11":"product_tag-meyve-toplama-makineleri","12":"product_tag-meyve-yetistiriciligi","13":"product_tag-sebze-grubu","14":"product_tag-sebze-toplama-araclari","15":"product_tag-sebze-toplama-makineleri","16":"product_tag-sebze-yetistiriciligi","18":"first","19":"instock","20":"taxable","21":"shipping-taxable","22":"product-type-external","23":"col-xs-6 col-sm-4","24":"col-md-3 col-lg-3","25":"un-4-cols"},"_links":{"self":[{"href":"https:\/\/www.agriomarket.com\/index.php\/wp-json\/wp\/v2\/product\/5912","targetHints":{"allow":["GET"]}}],"collection":[{"href":"https:\/\/www.agriomarket.com\/index.php\/wp-json\/wp\/v2\/product"}],"about":[{"href":"https:\/\/www.agriomarket.com\/index.php\/wp-json\/wp\/v2\/types\/product"}],"wp:featuredmedia":[{"embeddable":true,"href":"https:\/\/www.agriomarket.com\/index.php\/wp-json\/wp\/v2\/media\/5913"}],"wp:attachment":[{"href":"https:\/\/www.agriomarket.com\/index.php\/wp-json\/wp\/v2\/media?parent=5912"}],"wp:term":[{"taxonomy":"product_cat","embeddable":true,"href":"https:\/\/www.agriomarket.com\/index.php\/wp-json\/wp\/v2\/product_cat?post=5912"},{"taxonomy":"product_tag","embeddable":true,"href":"https:\/\/www.agriomarket.com\/index.php\/wp-json\/wp\/v2\/product_tag?post=5912"}],"curies":[{"name":"wp","href":"https:\/\/api.w.org\/{rel}","templated":true}]}}