{"id":6064,"date":"2022-02-15T23:04:22","date_gmt":"2022-02-15T20:04:22","guid":{"rendered":"https:\/\/www.agrio.market\/?post_type=product&#038;p=6064"},"modified":"2022-02-15T23:06:02","modified_gmt":"2022-02-15T20:06:02","slug":"2009-bottle-labeler-sts-s2t6-r-year-2009-labeling-machine","status":"publish","type":"product","link":"https:\/\/www.agriomarket.com\/index.php\/urun\/2009-bottle-labeler-sts-s2t6-r-year-2009-labeling-machine\/","title":{"rendered":"2009 Bottle Labeler STS S2T6\/R year 2009 Labeling Machine"},"content":{"rendered":"<p>2009&#8217;dan itibaren neredeyse yeni durumda etiketleme makinesi.<br \/>\n4 istasyonlu saat y\u00f6n\u00fcnde d\u00f6n\u00fc\u015f y\u00f6n\u00fc.<br \/>\n\u0130ki etiket haz\u0131r ve arkada iki etiket.<br \/>\nMakinenin toplam a\u011f\u0131rl\u0131\u011f\u0131 700 kg&#8217;d\u0131r.<br \/>\nT\u00fcketim konusunda ise 380 volt g\u00fc\u00e7 ve 50 Hz ile \u00e7al\u0131\u015fmaktad\u0131r.<\/p>\n","protected":false},"excerpt":{"rendered":"<p>2009&#8217;dan itibaren neredeyse yeni durumda etiketleme makinesi. 4 istasyonlu saat y\u00f6n\u00fcnde d\u00f6n\u00fc\u015f y\u00f6n\u00fc. \u0130ki etiket haz\u0131r ve arkada iki etiket. Makinenin toplam a\u011f\u0131rl\u0131\u011f\u0131 700 kg&#8217;d\u0131r. T\u00fcketim konusunda ise 380 volt g\u00fc\u00e7 ve 50 Hz ile \u00e7al\u0131\u015fmaktad\u0131r.<\/p>\n","protected":false},"featured_media":6065,"template":"","meta":[],"product_cat":[258,212],"product_tag":[361,401,379,362,360],"class_list":{"0":"post-6064","1":"product","2":"type-product","3":"status-publish","4":"has-post-thumbnail","6":"product_cat-paketleme-etiketleme-ve-ambalaj-makineleri","7":"product_cat-tarim-makine-ve-ekipmanlari","8":"product_tag-ambalaj-makineleri","9":"product_tag-arac","10":"product_tag-ekipman","11":"product_tag-etiketleme-makineleri","12":"product_tag-paketleme-makineleri","14":"first","15":"instock","16":"taxable","17":"shipping-taxable","18":"product-type-external","19":"col-xs-6 col-sm-4","20":"col-md-3 col-lg-3","21":"un-4-cols"},"_links":{"self":[{"href":"https:\/\/www.agriomarket.com\/index.php\/wp-json\/wp\/v2\/product\/6064","targetHints":{"allow":["GET"]}}],"collection":[{"href":"https:\/\/www.agriomarket.com\/index.php\/wp-json\/wp\/v2\/product"}],"about":[{"href":"https:\/\/www.agriomarket.com\/index.php\/wp-json\/wp\/v2\/types\/product"}],"wp:featuredmedia":[{"embeddable":true,"href":"https:\/\/www.agriomarket.com\/index.php\/wp-json\/wp\/v2\/media\/6065"}],"wp:attachment":[{"href":"https:\/\/www.agriomarket.com\/index.php\/wp-json\/wp\/v2\/media?parent=6064"}],"wp:term":[{"taxonomy":"product_cat","embeddable":true,"href":"https:\/\/www.agriomarket.com\/index.php\/wp-json\/wp\/v2\/product_cat?post=6064"},{"taxonomy":"product_tag","embeddable":true,"href":"https:\/\/www.agriomarket.com\/index.php\/wp-json\/wp\/v2\/product_tag?post=6064"}],"curies":[{"name":"wp","href":"https:\/\/api.w.org\/{rel}","templated":true}]}}