{"id":6087,"date":"2022-02-17T18:41:38","date_gmt":"2022-02-17T15:41:38","guid":{"rendered":"https:\/\/www.agrio.market\/?post_type=product&#038;p=6087"},"modified":"2023-05-22T22:43:39","modified_gmt":"2023-05-22T19:43:39","slug":"2015-tecnoma-lazer-4240","status":"publish","type":"product","link":"https:\/\/www.agriomarket.com\/index.php\/urun\/2015-tecnoma-lazer-4240\/","title":{"rendered":"2015 TECNOMA LAZER 4240"},"content":{"rendered":"<p>Iyi \u00e7al\u0131\u015fma ko\u015fullar\u0131!<\/p>\n","protected":false},"excerpt":{"rendered":"<p>Iyi \u00e7al\u0131\u015fma ko\u015fullar\u0131!<\/p>\n","protected":false},"featured_media":6088,"template":"","meta":[],"product_cat":[212,445],"product_tag":[361,392,401,379],"class_list":{"0":"post-6087","1":"product","2":"type-product","3":"status-publish","4":"has-post-thumbnail","6":"product_cat-tarim-makine-ve-ekipmanlari","7":"product_cat-tarimsal-ilaclama-makineleri","8":"product_tag-ambalaj-makineleri","9":"product_tag-aplikatorler","10":"product_tag-arac","11":"product_tag-ekipman","13":"first","14":"instock","15":"taxable","16":"shipping-taxable","17":"product-type-external","18":"col-xs-6 col-sm-4","19":"col-md-3 col-lg-3","20":"un-4-cols"},"_links":{"self":[{"href":"https:\/\/www.agriomarket.com\/index.php\/wp-json\/wp\/v2\/product\/6087","targetHints":{"allow":["GET"]}}],"collection":[{"href":"https:\/\/www.agriomarket.com\/index.php\/wp-json\/wp\/v2\/product"}],"about":[{"href":"https:\/\/www.agriomarket.com\/index.php\/wp-json\/wp\/v2\/types\/product"}],"wp:featuredmedia":[{"embeddable":true,"href":"https:\/\/www.agriomarket.com\/index.php\/wp-json\/wp\/v2\/media\/6088"}],"wp:attachment":[{"href":"https:\/\/www.agriomarket.com\/index.php\/wp-json\/wp\/v2\/media?parent=6087"}],"wp:term":[{"taxonomy":"product_cat","embeddable":true,"href":"https:\/\/www.agriomarket.com\/index.php\/wp-json\/wp\/v2\/product_cat?post=6087"},{"taxonomy":"product_tag","embeddable":true,"href":"https:\/\/www.agriomarket.com\/index.php\/wp-json\/wp\/v2\/product_tag?post=6087"}],"curies":[{"name":"wp","href":"https:\/\/api.w.org\/{rel}","templated":true}]}}