{"id":6174,"date":"2022-02-22T12:32:52","date_gmt":"2022-02-22T09:32:52","guid":{"rendered":"https:\/\/www.agrio.market\/?post_type=product&#038;p=6174"},"modified":"2023-05-23T00:00:49","modified_gmt":"2023-05-22T21:00:49","slug":"kverneland-taarup-3-point-linkage-2","status":"publish","type":"product","link":"https:\/\/www.agriomarket.com\/index.php\/urun\/kverneland-taarup-3-point-linkage-2\/","title":{"rendered":"Kverneland Taarup 3 Point Linkage 2"},"content":{"rendered":"<p>Kverneland Taarup 3 Nokta Ba\u011flant\u0131l\u0131 2.8m Bi\u00e7me Makinesi Sa\u00e7 Kremi<\/p>\n<p>Al\u0131c\u0131 Primi: %3,5 + KDV, 1000 \u00a3 veya alt\u0131 %6 + KDV, minimum 5 \u00a3 + KDV<\/p>\n<p>{label_lcf_front_end_reserve_price}: {lcf_front_end_reserve_price}<br \/>\nKDV Durumu: 20<\/p>\n","protected":false},"excerpt":{"rendered":"<p>Kverneland Taarup 3 Nokta Ba\u011flant\u0131l\u0131 2.8m Bi\u00e7me Makinesi Sa\u00e7 Kremi Al\u0131c\u0131 Primi: %3,5 + KDV, 1000 \u00a3 veya alt\u0131 %6 + KDV, minimum 5 \u00a3 + KDV {label_lcf_front_end_reserve_price}: {lcf_front_end_reserve_price} KDV Durumu: 20<\/p>\n","protected":false},"featured_media":6175,"template":"","meta":[],"product_cat":[212,446],"product_tag":[401,394,393,379,300,299],"class_list":{"0":"post-6174","1":"product","2":"type-product","3":"status-publish","4":"has-post-thumbnail","6":"product_cat-tarim-makine-ve-ekipmanlari","7":"product_cat-yem-hasat-makineleri","8":"product_tag-arac","9":"product_tag-balya-isleme-ekipmanlari","10":"product_tag-balya-makineleri","11":"product_tag-ekipman","12":"product_tag-tarim-ekipmanlari","13":"product_tag-tarim-makineleri","15":"first","16":"instock","17":"taxable","18":"shipping-taxable","19":"product-type-external","20":"col-xs-6 col-sm-4","21":"col-md-3 col-lg-3","22":"un-4-cols"},"_links":{"self":[{"href":"https:\/\/www.agriomarket.com\/index.php\/wp-json\/wp\/v2\/product\/6174","targetHints":{"allow":["GET"]}}],"collection":[{"href":"https:\/\/www.agriomarket.com\/index.php\/wp-json\/wp\/v2\/product"}],"about":[{"href":"https:\/\/www.agriomarket.com\/index.php\/wp-json\/wp\/v2\/types\/product"}],"wp:featuredmedia":[{"embeddable":true,"href":"https:\/\/www.agriomarket.com\/index.php\/wp-json\/wp\/v2\/media\/6175"}],"wp:attachment":[{"href":"https:\/\/www.agriomarket.com\/index.php\/wp-json\/wp\/v2\/media?parent=6174"}],"wp:term":[{"taxonomy":"product_cat","embeddable":true,"href":"https:\/\/www.agriomarket.com\/index.php\/wp-json\/wp\/v2\/product_cat?post=6174"},{"taxonomy":"product_tag","embeddable":true,"href":"https:\/\/www.agriomarket.com\/index.php\/wp-json\/wp\/v2\/product_tag?post=6174"}],"curies":[{"name":"wp","href":"https:\/\/api.w.org\/{rel}","templated":true}]}}