{"id":6218,"date":"2022-02-22T15:52:23","date_gmt":"2022-02-22T12:52:23","guid":{"rendered":"https:\/\/www.agrio.market\/?post_type=product&#038;p=6218"},"modified":"2022-02-22T15:56:13","modified_gmt":"2022-02-22T12:56:13","slug":"map","status":"publish","type":"product","link":"https:\/\/www.agriomarket.com\/index.php\/urun\/map\/","title":{"rendered":"MAP 12.52.0"},"content":{"rendered":"<p>B\u00fcnyesinde azotla birlikte y\u00fcksek oranda fosfor i\u00e7erir. Bitkilerin olgunla\u015fmas\u0131n\u0131 h\u0131zland\u0131r\u0131r, dane d\u00f6k\u00fcm\u00fcn\u00fc \u00f6nleyerek dolgun dane olu\u015fmas\u0131n\u0131 sa\u011flar. Fosfor, bitkinin k\u00f6k sisteminin geli\u015fmesine ve yay\u0131lmas\u0131na yard\u0131mc\u0131 olur, \u00e7i\u00e7ek ve meyve olu\u015fumunda rol oynar. Mahsul\u00fcn kalitesini ve verimini y\u00fckseltir. Bitkinin hastal\u0131k ve zararl\u0131lara kar\u015f\u0131 direncini artt\u0131r\u0131r. Topraktan di\u011fer besin elementlerinin al\u0131m\u0131n\u0131 kolayla\u015ft\u0131r\u0131r.<\/p>\n","protected":false},"excerpt":{"rendered":"<p>B\u00fcnyesinde azotla birlikte y\u00fcksek oranda fosfor i\u00e7erir. Bitkilerin olgunla\u015fmas\u0131n\u0131 h\u0131zland\u0131r\u0131r, dane d\u00f6k\u00fcm\u00fcn\u00fc \u00f6nleyerek dolgun dane olu\u015fmas\u0131n\u0131 sa\u011flar. Fosfor, bitkinin k\u00f6k sisteminin geli\u015fmesine ve yay\u0131lmas\u0131na yard\u0131mc\u0131 olur, \u00e7i\u00e7ek ve meyve olu\u015fumunda rol oynar. Mahsul\u00fcn kalitesini ve verimini y\u00fckseltir. Bitkinin hastal\u0131k ve zararl\u0131lara kar\u015f\u0131 direncini artt\u0131r\u0131r. Topraktan di\u011fer besin elementlerinin al\u0131m\u0131n\u0131 kolayla\u015ft\u0131r\u0131r.<\/p>\n","protected":false},"featured_media":6219,"template":"","meta":[],"product_cat":[234,211],"product_tag":[295,293,406,292],"class_list":{"0":"post-6218","1":"product","2":"type-product","3":"status-publish","4":"has-post-thumbnail","6":"product_cat-gubre-grubu","7":"product_cat-tarimsal-uretim-girdi-ve-hammadde","8":"product_tag-gubre-grubu","9":"product_tag-hammadde","10":"product_tag-kati-gubre","11":"product_tag-uretim","13":"first","14":"instock","15":"taxable","16":"shipping-taxable","17":"product-type-external","18":"col-xs-6 col-sm-4","19":"col-md-3 col-lg-3","20":"un-4-cols"},"_links":{"self":[{"href":"https:\/\/www.agriomarket.com\/index.php\/wp-json\/wp\/v2\/product\/6218","targetHints":{"allow":["GET"]}}],"collection":[{"href":"https:\/\/www.agriomarket.com\/index.php\/wp-json\/wp\/v2\/product"}],"about":[{"href":"https:\/\/www.agriomarket.com\/index.php\/wp-json\/wp\/v2\/types\/product"}],"wp:featuredmedia":[{"embeddable":true,"href":"https:\/\/www.agriomarket.com\/index.php\/wp-json\/wp\/v2\/media\/6219"}],"wp:attachment":[{"href":"https:\/\/www.agriomarket.com\/index.php\/wp-json\/wp\/v2\/media?parent=6218"}],"wp:term":[{"taxonomy":"product_cat","embeddable":true,"href":"https:\/\/www.agriomarket.com\/index.php\/wp-json\/wp\/v2\/product_cat?post=6218"},{"taxonomy":"product_tag","embeddable":true,"href":"https:\/\/www.agriomarket.com\/index.php\/wp-json\/wp\/v2\/product_tag?post=6218"}],"curies":[{"name":"wp","href":"https:\/\/api.w.org\/{rel}","templated":true}]}}