{"id":6222,"date":"2022-02-22T16:08:28","date_gmt":"2022-02-22T13:08:28","guid":{"rendered":"https:\/\/www.agrio.market\/?post_type=product&#038;p=6222"},"modified":"2022-02-22T16:10:36","modified_gmt":"2022-02-22T13:10:36","slug":"25-5-10","status":"publish","type":"product","link":"https:\/\/www.agriomarket.com\/index.php\/urun\/25-5-10\/","title":{"rendered":"25.5.10"},"content":{"rendered":"<p>\u00c7ay i\u00e7in \u00f6zel \u00fcretilmi\u015ftir ancak yapraklar\u0131 yenen sebzelerde, patateste ve \u00e7im alanlarda da rahatl\u0131kla kullan\u0131labilir. \u0130\u00e7eri\u011findeki azot, bitkilerin sa\u011fl\u0131kl\u0131 ve dengeli bir \u015fekilde b\u00fcy\u00fcme ve geli\u015fmesine yard\u0131mc\u0131 olur. Fosfor ve potasyum ise uygun dal ve karde\u015flenme meydana getirerek, d\u0131\u015f etkilere kar\u015f\u0131 bitkiyi dayan\u0131kl\u0131 hale getirir. G\u00fcbredeki azot oran\u0131n\u0131n fosfor ve potasyuma g\u00f6re fazla olmas\u0131n\u0131n sebebi \u00e7ay bitkisinin topraktan daha fazla azot kald\u0131rmas\u0131d\u0131r. Azot ile \u00e7ay yapra\u011f\u0131n\u0131n kalitesi do\u011frudan ili\u015fkilidir.<\/p>\n","protected":false},"excerpt":{"rendered":"<p>\u00c7ay i\u00e7in \u00f6zel \u00fcretilmi\u015ftir ancak yapraklar\u0131 yenen sebzelerde, patateste ve \u00e7im alanlarda da rahatl\u0131kla kullan\u0131labilir. \u0130\u00e7eri\u011findeki azot, bitkilerin sa\u011fl\u0131kl\u0131 ve dengeli bir \u015fekilde b\u00fcy\u00fcme ve geli\u015fmesine yard\u0131mc\u0131 olur. Fosfor ve potasyum ise uygun dal ve karde\u015flenme meydana getirerek, d\u0131\u015f etkilere kar\u015f\u0131 bitkiyi dayan\u0131kl\u0131 hale getirir. G\u00fcbredeki azot oran\u0131n\u0131n fosfor ve potasyuma g\u00f6re fazla olmas\u0131n\u0131n sebebi&hellip;<\/p>\n","protected":false},"featured_media":6223,"template":"","meta":[],"product_cat":[234,211],"product_tag":[295,293,406,407,292],"class_list":{"0":"post-6222","1":"product","2":"type-product","3":"status-publish","4":"has-post-thumbnail","6":"product_brand-gubretas","7":"product_cat-gubre-grubu","8":"product_cat-tarimsal-uretim-girdi-ve-hammadde","9":"product_tag-gubre-grubu","10":"product_tag-hammadde","11":"product_tag-kati-gubre","12":"product_tag-ozel-urunler","13":"product_tag-uretim","15":"first","16":"instock","17":"taxable","18":"shipping-taxable","19":"product-type-external","20":"col-xs-6 col-sm-4","21":"col-md-3 col-lg-3","22":"un-4-cols"},"_links":{"self":[{"href":"https:\/\/www.agriomarket.com\/index.php\/wp-json\/wp\/v2\/product\/6222","targetHints":{"allow":["GET"]}}],"collection":[{"href":"https:\/\/www.agriomarket.com\/index.php\/wp-json\/wp\/v2\/product"}],"about":[{"href":"https:\/\/www.agriomarket.com\/index.php\/wp-json\/wp\/v2\/types\/product"}],"wp:featuredmedia":[{"embeddable":true,"href":"https:\/\/www.agriomarket.com\/index.php\/wp-json\/wp\/v2\/media\/6223"}],"wp:attachment":[{"href":"https:\/\/www.agriomarket.com\/index.php\/wp-json\/wp\/v2\/media?parent=6222"}],"wp:term":[{"taxonomy":"product_cat","embeddable":true,"href":"https:\/\/www.agriomarket.com\/index.php\/wp-json\/wp\/v2\/product_cat?post=6222"},{"taxonomy":"product_tag","embeddable":true,"href":"https:\/\/www.agriomarket.com\/index.php\/wp-json\/wp\/v2\/product_tag?post=6222"}],"curies":[{"name":"wp","href":"https:\/\/api.w.org\/{rel}","templated":true}]}}