{"id":6226,"date":"2022-02-22T16:28:23","date_gmt":"2022-02-22T13:28:23","guid":{"rendered":"https:\/\/www.agrio.market\/?post_type=product&#038;p=6226"},"modified":"2022-02-22T16:33:04","modified_gmt":"2022-02-22T13:33:04","slug":"fullfour-15-15-1515s03","status":"publish","type":"product","link":"https:\/\/www.agriomarket.com\/index.php\/urun\/fullfour-15-15-1515s03\/","title":{"rendered":"FULLFOUR 15.15.15+(15S03)"},"content":{"rendered":"<p>E\u015fit oranda azot, fosfor ve potasyumun yan\u0131s\u0131ra , %15 k\u00fck\u00fcrt i\u00e7eren kompozeb\u0131r g\u00fcbredir. Daha \u00e7ok meyvesinin ve danesinin kalitesi \u00f6n plana \u00e7\u0131kan bitkilerde kullan\u0131l\u0131r. Narenciye, sebze, mey\u00ad ve, pamuk, antep f\u0131st\u0131\u011f\u0131, ay\u00e7i\u00e7e\u011fi yeti\u015ftiricili\u011finde tercih edilen bir g\u00fcbredir. B\u00fcnyesindeki k\u00fck\u00fcrt sayesinde topraktaki di\u011fer bitki besin maddelerinin al\u0131nmas\u0131nda kolayl\u0131k sa\u011flar. Di\u011fer bitkilerde de rahatl\u0131kla kullan\u0131l\u0131r.<\/p>\n","protected":false},"excerpt":{"rendered":"<p>E\u015fit oranda azot, fosfor ve potasyumun yan\u0131s\u0131ra , %15 k\u00fck\u00fcrt i\u00e7eren kompozeb\u0131r g\u00fcbredir. Daha \u00e7ok meyvesinin ve danesinin kalitesi \u00f6n plana \u00e7\u0131kan bitkilerde kullan\u0131l\u0131r. Narenciye, sebze, mey\u00ad ve, pamuk, antep f\u0131st\u0131\u011f\u0131, ay\u00e7i\u00e7e\u011fi yeti\u015ftiricili\u011finde tercih edilen bir g\u00fcbredir. B\u00fcnyesindeki k\u00fck\u00fcrt sayesinde topraktaki di\u011fer bitki besin maddelerinin al\u0131nmas\u0131nda kolayl\u0131k sa\u011flar. Di\u011fer bitkilerde de rahatl\u0131kla kullan\u0131l\u0131r.<\/p>\n","protected":false},"featured_media":6227,"template":"","meta":[],"product_cat":[234,211],"product_tag":[295,293,406,407,292],"class_list":{"0":"post-6226","1":"product","2":"type-product","3":"status-publish","4":"has-post-thumbnail","6":"product_brand-gubretas","7":"product_cat-gubre-grubu","8":"product_cat-tarimsal-uretim-girdi-ve-hammadde","9":"product_tag-gubre-grubu","10":"product_tag-hammadde","11":"product_tag-kati-gubre","12":"product_tag-ozel-urunler","13":"product_tag-uretim","15":"first","16":"instock","17":"taxable","18":"shipping-taxable","19":"product-type-external","20":"col-xs-6 col-sm-4","21":"col-md-3 col-lg-3","22":"un-4-cols"},"_links":{"self":[{"href":"https:\/\/www.agriomarket.com\/index.php\/wp-json\/wp\/v2\/product\/6226","targetHints":{"allow":["GET"]}}],"collection":[{"href":"https:\/\/www.agriomarket.com\/index.php\/wp-json\/wp\/v2\/product"}],"about":[{"href":"https:\/\/www.agriomarket.com\/index.php\/wp-json\/wp\/v2\/types\/product"}],"wp:featuredmedia":[{"embeddable":true,"href":"https:\/\/www.agriomarket.com\/index.php\/wp-json\/wp\/v2\/media\/6227"}],"wp:attachment":[{"href":"https:\/\/www.agriomarket.com\/index.php\/wp-json\/wp\/v2\/media?parent=6226"}],"wp:term":[{"taxonomy":"product_cat","embeddable":true,"href":"https:\/\/www.agriomarket.com\/index.php\/wp-json\/wp\/v2\/product_cat?post=6226"},{"taxonomy":"product_tag","embeddable":true,"href":"https:\/\/www.agriomarket.com\/index.php\/wp-json\/wp\/v2\/product_tag?post=6226"}],"curies":[{"name":"wp","href":"https:\/\/api.w.org\/{rel}","templated":true}]}}