{"id":6256,"date":"2022-02-22T23:00:18","date_gmt":"2022-02-22T20:00:18","guid":{"rendered":"https:\/\/www.agrio.market\/?post_type=product&#038;p=6256"},"modified":"2023-05-22T23:58:38","modified_gmt":"2023-05-22T20:58:38","slug":"teagle-7150-dual-chop-bale-processor","status":"publish","type":"product","link":"https:\/\/www.agriomarket.com\/index.php\/urun\/teagle-7150-dual-chop-bale-processor\/","title":{"rendered":"Teagle 7150 Dual Chop Bale Processor"},"content":{"rendered":"<p>\u00c7ift do\u011frama.<br \/>\nB\u0131\u00e7aklar yenilendi.<br \/>\n2014 model.<\/p>\n","protected":false},"excerpt":{"rendered":"<p>\u00c7ift do\u011frama. B\u0131\u00e7aklar yenilendi. 2014 model.<\/p>\n","protected":false},"featured_media":6257,"template":"","meta":[],"product_cat":[212,446],"product_tag":[401,394,393,379,300,299],"class_list":{"0":"post-6256","1":"product","2":"type-product","3":"status-publish","4":"has-post-thumbnail","6":"product_cat-tarim-makine-ve-ekipmanlari","7":"product_cat-yem-hasat-makineleri","8":"product_tag-arac","9":"product_tag-balya-isleme-ekipmanlari","10":"product_tag-balya-makineleri","11":"product_tag-ekipman","12":"product_tag-tarim-ekipmanlari","13":"product_tag-tarim-makineleri","15":"first","16":"instock","17":"taxable","18":"shipping-taxable","19":"product-type-external","20":"col-xs-6 col-sm-4","21":"col-md-3 col-lg-3","22":"un-4-cols"},"_links":{"self":[{"href":"https:\/\/www.agriomarket.com\/index.php\/wp-json\/wp\/v2\/product\/6256","targetHints":{"allow":["GET"]}}],"collection":[{"href":"https:\/\/www.agriomarket.com\/index.php\/wp-json\/wp\/v2\/product"}],"about":[{"href":"https:\/\/www.agriomarket.com\/index.php\/wp-json\/wp\/v2\/types\/product"}],"wp:featuredmedia":[{"embeddable":true,"href":"https:\/\/www.agriomarket.com\/index.php\/wp-json\/wp\/v2\/media\/6257"}],"wp:attachment":[{"href":"https:\/\/www.agriomarket.com\/index.php\/wp-json\/wp\/v2\/media?parent=6256"}],"wp:term":[{"taxonomy":"product_cat","embeddable":true,"href":"https:\/\/www.agriomarket.com\/index.php\/wp-json\/wp\/v2\/product_cat?post=6256"},{"taxonomy":"product_tag","embeddable":true,"href":"https:\/\/www.agriomarket.com\/index.php\/wp-json\/wp\/v2\/product_tag?post=6256"}],"curies":[{"name":"wp","href":"https:\/\/api.w.org\/{rel}","templated":true}]}}