{"id":6266,"date":"2022-02-23T09:32:15","date_gmt":"2022-02-23T06:32:15","guid":{"rendered":"https:\/\/www.agrio.market\/?post_type=product&#038;p=6266"},"modified":"2022-02-23T15:24:40","modified_gmt":"2022-02-23T12:24:40","slug":"cotanak-fertil","status":"publish","type":"product","link":"https:\/\/www.agriomarket.com\/index.php\/urun\/cotanak-fertil\/","title":{"rendered":"\u00c7OTANAK FERT\u0130L"},"content":{"rendered":"<p>\u00c7OTANAK FERT\u0130L f\u0131nd\u0131k bitkisinin ihtiyac\u0131 olan 6 farkl\u0131 besin maddesini i\u00e7erir. \u00dclkemizde yap\u0131lan toprak ve yaprak analizleri sonu\u00e7lar\u0131, azot, fosfor, magnezyum, potasyum, kalsiyum, \u00e7inko, bor gibi bitkide bir\u00e7ok fizyolojik olayda g\u00f6rev alan elementlerin toprak ve bitkilerde eksikli\u011fini ortaya koymaktad\u0131r. \u00c7OTANAK FERT\u0130L g\u00fcbresi ile bu elementlerin eksiklikleri giderilerek; kuvvetli k\u00f6k geli\u015fimi, artan tomurcuk say\u0131s\u0131 ile g\u00fc\u00e7l\u00fc ve bol s\u00fcrg\u00fcn olu\u015fumu, parlak ve iri ye\u015fil yaprak olu\u015fumu, uzun zuruflu \u00e7otanak olu\u015fumu, bo\u015f f\u0131nd\u0131k oran\u0131 d\u00fc\u015f\u00fck i\u00e7i dolu ve buru\u015fuksuz \u00fcr\u00fcn elde edilmesi, ya\u011f ve protein gibi kalite parametrelerini artmas\u0131 ve rand\u0131man\u0131 y\u00fcksek \u00fcr\u00fcn elde edilmesi sa\u011flan\u0131r. \u00c7OTANAK FERT\u0130L Do\u011fu Karadeniz b\u00f6lgesi i\u00e7in tavsiye edilmektedir<\/p>\n","protected":false},"excerpt":{"rendered":"<p>\u00c7OTANAK FERT\u0130L f\u0131nd\u0131k bitkisinin ihtiyac\u0131 olan 6 farkl\u0131 besin maddesini i\u00e7erir. \u00dclkemizde yap\u0131lan toprak ve yaprak analizleri sonu\u00e7lar\u0131, azot, fosfor, magnezyum, potasyum, kalsiyum, \u00e7inko, bor gibi bitkide bir\u00e7ok fizyolojik olayda g\u00f6rev alan elementlerin toprak ve bitkilerde eksikli\u011fini ortaya koymaktad\u0131r. \u00c7OTANAK FERT\u0130L g\u00fcbresi ile bu elementlerin eksiklikleri giderilerek; kuvvetli k\u00f6k geli\u015fimi, artan tomurcuk say\u0131s\u0131 ile g\u00fc\u00e7l\u00fc&hellip;<\/p>\n","protected":false},"featured_media":6465,"template":"","meta":[],"product_cat":[234,211],"product_tag":[295,293,406,407,292],"class_list":{"0":"post-6266","1":"product","2":"type-product","3":"status-publish","4":"has-post-thumbnail","6":"product_brand-gubretas","7":"product_cat-gubre-grubu","8":"product_cat-tarimsal-uretim-girdi-ve-hammadde","9":"product_tag-gubre-grubu","10":"product_tag-hammadde","11":"product_tag-kati-gubre","12":"product_tag-ozel-urunler","13":"product_tag-uretim","15":"first","16":"instock","17":"taxable","18":"shipping-taxable","19":"product-type-external","20":"col-xs-6 col-sm-4","21":"col-md-3 col-lg-3","22":"un-4-cols"},"_links":{"self":[{"href":"https:\/\/www.agriomarket.com\/index.php\/wp-json\/wp\/v2\/product\/6266","targetHints":{"allow":["GET"]}}],"collection":[{"href":"https:\/\/www.agriomarket.com\/index.php\/wp-json\/wp\/v2\/product"}],"about":[{"href":"https:\/\/www.agriomarket.com\/index.php\/wp-json\/wp\/v2\/types\/product"}],"wp:featuredmedia":[{"embeddable":true,"href":"https:\/\/www.agriomarket.com\/index.php\/wp-json\/wp\/v2\/media\/6465"}],"wp:attachment":[{"href":"https:\/\/www.agriomarket.com\/index.php\/wp-json\/wp\/v2\/media?parent=6266"}],"wp:term":[{"taxonomy":"product_cat","embeddable":true,"href":"https:\/\/www.agriomarket.com\/index.php\/wp-json\/wp\/v2\/product_cat?post=6266"},{"taxonomy":"product_tag","embeddable":true,"href":"https:\/\/www.agriomarket.com\/index.php\/wp-json\/wp\/v2\/product_tag?post=6266"}],"curies":[{"name":"wp","href":"https:\/\/api.w.org\/{rel}","templated":true}]}}