{"id":6276,"date":"2022-02-23T09:59:29","date_gmt":"2022-02-23T06:59:29","guid":{"rendered":"https:\/\/www.agrio.market\/?post_type=product&#038;p=6276"},"modified":"2022-02-23T10:00:47","modified_gmt":"2022-02-23T07:00:47","slug":"13-18-152-mgo10so3","status":"publish","type":"product","link":"https:\/\/www.agriomarket.com\/index.php\/urun\/13-18-152-mgo10so3\/","title":{"rendered":"13.18.15+2 (MGO)+10(SO3)"},"content":{"rendered":"<p>Bile\u015fiminde 5 \u00e7e\u015fit bitki besin maddesi (Azot, fosfor, potasyum, magnezyum ve k\u00fck\u00fcrt) bulunan dengeli bir taban g\u00fcbresidir. Bitkinin erken vejetasyon d\u00f6nemindeki azot ihtiyac\u0131 amonyak ve \u00fcre ile sa\u011flan\u0131r. Fosfor; \u00e7imlenme, k\u00f6klenme, \u00e7i\u00e7eklenme ile meyve\/dane olu\u015fumunu etkiler. Potasyum; su dengesini ve s\u0131cakl\u0131k de\u011fi\u015fikliklerinde bitkiyi stres fakt\u00f6rlerine kar\u015f\u0131 korur, ayr\u0131ca kaliteli \u00fcr\u00fcn hasad\u0131 sa\u011flar. Zengin i\u00e7erikle birlikte ekonomik bir \u00fcr\u00fcn olan 13.18.15+2(MgO)+10(SO3) bir\u00e7ok bitkide ba\u015flang\u0131\u00e7 g\u00fcbresi olarak kullan\u0131labilir.<\/p>\n","protected":false},"excerpt":{"rendered":"<p>Bile\u015fiminde 5 \u00e7e\u015fit bitki besin maddesi (Azot, fosfor, potasyum, magnezyum ve k\u00fck\u00fcrt) bulunan dengeli bir taban g\u00fcbresidir. Bitkinin erken vejetasyon d\u00f6nemindeki azot ihtiyac\u0131 amonyak ve \u00fcre ile sa\u011flan\u0131r. Fosfor; \u00e7imlenme, k\u00f6klenme, \u00e7i\u00e7eklenme ile meyve\/dane olu\u015fumunu etkiler. Potasyum; su dengesini ve s\u0131cakl\u0131k de\u011fi\u015fikliklerinde bitkiyi stres fakt\u00f6rlerine kar\u015f\u0131 korur, ayr\u0131ca kaliteli \u00fcr\u00fcn hasad\u0131 sa\u011flar. Zengin i\u00e7erikle birlikte&hellip;<\/p>\n","protected":false},"featured_media":6277,"template":"","meta":[],"product_cat":[234,211],"product_tag":[295,293,406,407,292],"class_list":{"0":"post-6276","1":"product","2":"type-product","3":"status-publish","4":"has-post-thumbnail","6":"product_brand-gubretas","7":"product_cat-gubre-grubu","8":"product_cat-tarimsal-uretim-girdi-ve-hammadde","9":"product_tag-gubre-grubu","10":"product_tag-hammadde","11":"product_tag-kati-gubre","12":"product_tag-ozel-urunler","13":"product_tag-uretim","15":"first","16":"instock","17":"taxable","18":"shipping-taxable","19":"product-type-external","20":"col-xs-6 col-sm-4","21":"col-md-3 col-lg-3","22":"un-4-cols"},"_links":{"self":[{"href":"https:\/\/www.agriomarket.com\/index.php\/wp-json\/wp\/v2\/product\/6276","targetHints":{"allow":["GET"]}}],"collection":[{"href":"https:\/\/www.agriomarket.com\/index.php\/wp-json\/wp\/v2\/product"}],"about":[{"href":"https:\/\/www.agriomarket.com\/index.php\/wp-json\/wp\/v2\/types\/product"}],"wp:featuredmedia":[{"embeddable":true,"href":"https:\/\/www.agriomarket.com\/index.php\/wp-json\/wp\/v2\/media\/6277"}],"wp:attachment":[{"href":"https:\/\/www.agriomarket.com\/index.php\/wp-json\/wp\/v2\/media?parent=6276"}],"wp:term":[{"taxonomy":"product_cat","embeddable":true,"href":"https:\/\/www.agriomarket.com\/index.php\/wp-json\/wp\/v2\/product_cat?post=6276"},{"taxonomy":"product_tag","embeddable":true,"href":"https:\/\/www.agriomarket.com\/index.php\/wp-json\/wp\/v2\/product_tag?post=6276"}],"curies":[{"name":"wp","href":"https:\/\/api.w.org\/{rel}","templated":true}]}}