{"id":6296,"date":"2022-02-23T10:57:27","date_gmt":"2022-02-23T07:57:27","guid":{"rendered":"https:\/\/www.agrio.market\/?post_type=product&#038;p=6296"},"modified":"2022-02-23T11:01:00","modified_gmt":"2022-02-23T08:01:00","slug":"cinko-sulfat-granul","status":"publish","type":"product","link":"https:\/\/www.agriomarket.com\/index.php\/urun\/cinko-sulfat-granul\/","title":{"rendered":"\u00c7\u0130NKO S\u00dcLFAT GRAN\u00dcL"},"content":{"rendered":"<p>Gran\u00fcl yap\u0131s\u0131ndan dolay\u0131 kullan\u0131m\u0131 kolayd\u0131r, makineli tar\u0131m i\u00e7in uygundur. \u00c7inko, bitkinin AUX\u0130N hor- monunu etkiler ve klorofil te\u015fekk\u00fcl\u00fc i\u00e7in gereklidir. Bitkinin verim ve kalitesini y\u00fcksek oranda etkiler. Tah\u0131llarda karde\u015flenme ve sapa kalkmay\u0131, sebzelerde ve meyve a\u011fa\u00e7lar\u0131nda g\u00f6vde ve dal geli\u015fimini h\u0131zland\u0131r\u0131r. Bu\u011fday, arpa ve \u00e7eltikte karde\u015flenmeyi art\u0131rarak verimi y\u00fckseltir. Meyve a\u011fa\u00e7lar\u0131nda gen\u00e7 s\u00fcrg\u00fcn u\u00e7lar\u0131, k\u00fc\u00e7\u00fck yapraklar\u0131n bir araya toplanmas\u0131ndan kaynaklanan rozet veya demet olu\u015fu- munu engeller.<\/p>\n","protected":false},"excerpt":{"rendered":"<p>Gran\u00fcl yap\u0131s\u0131ndan dolay\u0131 kullan\u0131m\u0131 kolayd\u0131r, makineli tar\u0131m i\u00e7in uygundur. \u00c7inko, bitkinin AUX\u0130N hor- monunu etkiler ve klorofil te\u015fekk\u00fcl\u00fc i\u00e7in gereklidir. Bitkinin verim ve kalitesini y\u00fcksek oranda etkiler. Tah\u0131llarda karde\u015flenme ve sapa kalkmay\u0131, sebzelerde ve meyve a\u011fa\u00e7lar\u0131nda g\u00f6vde ve dal geli\u015fimini h\u0131zland\u0131r\u0131r. Bu\u011fday, arpa ve \u00e7eltikte karde\u015flenmeyi art\u0131rarak verimi y\u00fckseltir. Meyve a\u011fa\u00e7lar\u0131nda gen\u00e7 s\u00fcrg\u00fcn u\u00e7lar\u0131, k\u00fc\u00e7\u00fck&hellip;<\/p>\n","protected":false},"featured_media":6297,"template":"","meta":[],"product_cat":[234,211],"product_tag":[409,295,293,410,292],"class_list":{"0":"post-6296","1":"product","2":"type-product","3":"status-publish","4":"has-post-thumbnail","6":"product_brand-gubretas","7":"product_cat-gubre-grubu","8":"product_cat-tarimsal-uretim-girdi-ve-hammadde","9":"product_tag-damla-sulama-ve-yaprak-gubreleri","10":"product_tag-gubre-grubu","11":"product_tag-hammadde","12":"product_tag-kristal-ve-toz-form","13":"product_tag-uretim","15":"first","16":"instock","17":"taxable","18":"shipping-taxable","19":"product-type-external","20":"col-xs-6 col-sm-4","21":"col-md-3 col-lg-3","22":"un-4-cols"},"_links":{"self":[{"href":"https:\/\/www.agriomarket.com\/index.php\/wp-json\/wp\/v2\/product\/6296","targetHints":{"allow":["GET"]}}],"collection":[{"href":"https:\/\/www.agriomarket.com\/index.php\/wp-json\/wp\/v2\/product"}],"about":[{"href":"https:\/\/www.agriomarket.com\/index.php\/wp-json\/wp\/v2\/types\/product"}],"wp:featuredmedia":[{"embeddable":true,"href":"https:\/\/www.agriomarket.com\/index.php\/wp-json\/wp\/v2\/media\/6297"}],"wp:attachment":[{"href":"https:\/\/www.agriomarket.com\/index.php\/wp-json\/wp\/v2\/media?parent=6296"}],"wp:term":[{"taxonomy":"product_cat","embeddable":true,"href":"https:\/\/www.agriomarket.com\/index.php\/wp-json\/wp\/v2\/product_cat?post=6296"},{"taxonomy":"product_tag","embeddable":true,"href":"https:\/\/www.agriomarket.com\/index.php\/wp-json\/wp\/v2\/product_tag?post=6296"}],"curies":[{"name":"wp","href":"https:\/\/api.w.org\/{rel}","templated":true}]}}