{"id":6302,"date":"2022-02-23T11:08:31","date_gmt":"2022-02-23T08:08:31","guid":{"rendered":"https:\/\/www.agrio.market\/?post_type=product&#038;p=6302"},"modified":"2022-02-23T11:11:12","modified_gmt":"2022-02-23T08:11:12","slug":"balmax","status":"publish","type":"product","link":"https:\/\/www.agriomarket.com\/index.php\/urun\/balmax\/","title":{"rendered":"BALMAX"},"content":{"rendered":"<p>Potasyumca zengin, iz elementli NPK g\u00fcbresidir. Bile\u015fimindeki azot ve iz elementler \u00f6zellikle domates, biber, h\u0131yar, \u00e7ilek, karpuz, kavun, fasulye gibi s\u00fcrekli yeni meyve te\u015fekk\u00fcl ettiren bitki- lerde, generatif d\u00f6nemde de yaprak faaliyetlerinin devaml\u0131l\u0131\u011f\u0131n\u0131 sa\u011flayarak dane ve meyvelerin b\u00fcy\u00fcmesi ve i\u00e7 doldurmas\u0131 i\u00e7in gerekli kuru maddenin \u00fcretilmesini sa\u011flar. BALMAX iri, dolgun, sert, homojen g\u00f6r\u00fcn\u00fcml\u00fc, canl\u0131 renkte \u00fcr\u00fcn hasad\u0131 i\u00e7in ideal bir g\u00fcbredir. Meyve d\u00f6k\u00fcm\u00fcn\u00fc azalt\u0131r, \u00fcr\u00fcn\u00fcn depolama ve raf \u00f6mr\u00fcn\u00fc uzat\u0131r.<\/p>\n","protected":false},"excerpt":{"rendered":"<p>Potasyumca zengin, iz elementli NPK g\u00fcbresidir. Bile\u015fimindeki azot ve iz elementler \u00f6zellikle domates, biber, h\u0131yar, \u00e7ilek, karpuz, kavun, fasulye gibi s\u00fcrekli yeni meyve te\u015fekk\u00fcl ettiren bitki- lerde, generatif d\u00f6nemde de yaprak faaliyetlerinin devaml\u0131l\u0131\u011f\u0131n\u0131 sa\u011flayarak dane ve meyvelerin b\u00fcy\u00fcmesi ve i\u00e7 doldurmas\u0131 i\u00e7in gerekli kuru maddenin \u00fcretilmesini sa\u011flar. BALMAX iri, dolgun, sert, homojen g\u00f6r\u00fcn\u00fcml\u00fc, canl\u0131 renkte&hellip;<\/p>\n","protected":false},"featured_media":6303,"template":"","meta":[],"product_cat":[234,211],"product_tag":[409,295,293,410,292],"class_list":{"0":"post-6302","1":"product","2":"type-product","3":"status-publish","4":"has-post-thumbnail","6":"product_brand-gubretas","7":"product_cat-gubre-grubu","8":"product_cat-tarimsal-uretim-girdi-ve-hammadde","9":"product_tag-damla-sulama-ve-yaprak-gubreleri","10":"product_tag-gubre-grubu","11":"product_tag-hammadde","12":"product_tag-kristal-ve-toz-form","13":"product_tag-uretim","15":"first","16":"instock","17":"taxable","18":"shipping-taxable","19":"product-type-external","20":"col-xs-6 col-sm-4","21":"col-md-3 col-lg-3","22":"un-4-cols"},"_links":{"self":[{"href":"https:\/\/www.agriomarket.com\/index.php\/wp-json\/wp\/v2\/product\/6302","targetHints":{"allow":["GET"]}}],"collection":[{"href":"https:\/\/www.agriomarket.com\/index.php\/wp-json\/wp\/v2\/product"}],"about":[{"href":"https:\/\/www.agriomarket.com\/index.php\/wp-json\/wp\/v2\/types\/product"}],"wp:featuredmedia":[{"embeddable":true,"href":"https:\/\/www.agriomarket.com\/index.php\/wp-json\/wp\/v2\/media\/6303"}],"wp:attachment":[{"href":"https:\/\/www.agriomarket.com\/index.php\/wp-json\/wp\/v2\/media?parent=6302"}],"wp:term":[{"taxonomy":"product_cat","embeddable":true,"href":"https:\/\/www.agriomarket.com\/index.php\/wp-json\/wp\/v2\/product_cat?post=6302"},{"taxonomy":"product_tag","embeddable":true,"href":"https:\/\/www.agriomarket.com\/index.php\/wp-json\/wp\/v2\/product_tag?post=6302"}],"curies":[{"name":"wp","href":"https:\/\/api.w.org\/{rel}","templated":true}]}}