{"id":6322,"date":"2022-02-23T11:38:47","date_gmt":"2022-02-23T08:38:47","guid":{"rendered":"https:\/\/www.agrio.market\/?post_type=product&#038;p=6322"},"modified":"2022-02-23T11:44:55","modified_gmt":"2022-02-23T08:44:55","slug":"potasyum-nitrat","status":"publish","type":"product","link":"https:\/\/www.agriomarket.com\/index.php\/urun\/potasyum-nitrat\/","title":{"rendered":"POTASYUM N\u0130TRAT"},"content":{"rendered":"<p>Y\u00fcksek oranda potasyum i\u00e7erir. Dane ve meyvelerin iri, dolgun ve sert; renklerinin canl\u0131 olmas\u0131n\u0131 sa\u011flar. \u00dcr\u00fcn\u00fcn g\u0131da de\u011ferini (\u015feker, protein, aroma maddeleri, vitaminler) art\u0131r\u0131r. Meyve d\u00f6k\u00fcm\u00fcn\u00fc en aza indirir. Olumsuz yeti\u015fme ko\u015fullar\u0131na, yatmaya ve hastal\u0131klara kar\u015f\u0131 dayan\u0131kl\u0131l\u0131\u011f\u0131 art\u0131r\u0131r. Yeterli potasyumu alamayan bitkilerde \u00fcr\u00fcn\u00fcn kalitesi dolay\u0131s\u0131yla pazar de\u011feri d\u00fc\u015fer. Bile\u015fimindeki azot, \u00e7i\u00e7eklenme d\u00f6neminden sonra da vejetatif faaliyetlerin devaml\u0131l\u0131\u011f\u0131n\u0131 sa\u011flayarak meyve olu\u015fumu ve geli\u015fiminin devam etmesini sa\u011flar. Sodyum, klor ve a\u011f\u0131r metal i\u00e7ermedi\u011finden t\u00fcm bitkilerde g\u00fcvenle kullan\u0131labilir. Suda eriyen t\u00fcm g\u00fcbrelerle ve ila\u00e7larla kar\u0131\u015ft\u0131r\u0131larak verilebilir. Kalsiyumlu bile\u015fiklerle kar\u0131\u015ft\u0131r\u0131lmamal\u0131d\u0131r.<\/p>\n<p>&nbsp;<\/p>\n","protected":false},"excerpt":{"rendered":"<p>Y\u00fcksek oranda potasyum i\u00e7erir. Dane ve meyvelerin iri, dolgun ve sert; renklerinin canl\u0131 olmas\u0131n\u0131 sa\u011flar. \u00dcr\u00fcn\u00fcn g\u0131da de\u011ferini (\u015feker, protein, aroma maddeleri, vitaminler) art\u0131r\u0131r. Meyve d\u00f6k\u00fcm\u00fcn\u00fc en aza indirir. Olumsuz yeti\u015fme ko\u015fullar\u0131na, yatmaya ve hastal\u0131klara kar\u015f\u0131 dayan\u0131kl\u0131l\u0131\u011f\u0131 art\u0131r\u0131r. Yeterli potasyumu alamayan bitkilerde \u00fcr\u00fcn\u00fcn kalitesi dolay\u0131s\u0131yla pazar de\u011feri d\u00fc\u015fer. Bile\u015fimindeki azot, \u00e7i\u00e7eklenme d\u00f6neminden sonra da vejetatif&hellip;<\/p>\n","protected":false},"featured_media":6323,"template":"","meta":[],"product_cat":[234,211],"product_tag":[409,295,293,410,292],"class_list":{"0":"post-6322","1":"product","2":"type-product","3":"status-publish","4":"has-post-thumbnail","6":"product_brand-gubretas","7":"product_cat-gubre-grubu","8":"product_cat-tarimsal-uretim-girdi-ve-hammadde","9":"product_tag-damla-sulama-ve-yaprak-gubreleri","10":"product_tag-gubre-grubu","11":"product_tag-hammadde","12":"product_tag-kristal-ve-toz-form","13":"product_tag-uretim","15":"first","16":"instock","17":"taxable","18":"shipping-taxable","19":"product-type-external","20":"col-xs-6 col-sm-4","21":"col-md-3 col-lg-3","22":"un-4-cols"},"_links":{"self":[{"href":"https:\/\/www.agriomarket.com\/index.php\/wp-json\/wp\/v2\/product\/6322","targetHints":{"allow":["GET"]}}],"collection":[{"href":"https:\/\/www.agriomarket.com\/index.php\/wp-json\/wp\/v2\/product"}],"about":[{"href":"https:\/\/www.agriomarket.com\/index.php\/wp-json\/wp\/v2\/types\/product"}],"wp:featuredmedia":[{"embeddable":true,"href":"https:\/\/www.agriomarket.com\/index.php\/wp-json\/wp\/v2\/media\/6323"}],"wp:attachment":[{"href":"https:\/\/www.agriomarket.com\/index.php\/wp-json\/wp\/v2\/media?parent=6322"}],"wp:term":[{"taxonomy":"product_cat","embeddable":true,"href":"https:\/\/www.agriomarket.com\/index.php\/wp-json\/wp\/v2\/product_cat?post=6322"},{"taxonomy":"product_tag","embeddable":true,"href":"https:\/\/www.agriomarket.com\/index.php\/wp-json\/wp\/v2\/product_tag?post=6322"}],"curies":[{"name":"wp","href":"https:\/\/api.w.org\/{rel}","templated":true}]}}