{"id":6324,"date":"2022-02-23T11:51:20","date_gmt":"2022-02-23T08:51:20","guid":{"rendered":"https:\/\/www.agrio.market\/?post_type=product&#038;p=6324"},"modified":"2022-02-23T11:53:18","modified_gmt":"2022-02-23T08:53:18","slug":"slowfert-as-profit","status":"publish","type":"product","link":"https:\/\/www.agriomarket.com\/index.php\/urun\/slowfert-as-profit\/","title":{"rendered":"SLOWFERT AS PROFIT"},"content":{"rendered":"<p>Azotlu g\u00fcbrelerde uygulama s\u0131ras\u0131nda, bu elementin toprakta form de\u011fi\u015ftirmesi nedeniyle \u00f6nemli miktarda kay\u0131plar olu\u015fmaktad\u0131r. Azot kay\u0131plar\u0131n\u0131 \u00f6nlemek ve bitkinin bu besin maddesinden maksimum faydalanmas\u0131n\u0131 sa\u011flamak i\u00e7in; kullan\u0131lacak miktar\u0131n birka\u00e7 par\u00e7aya b\u00f6l\u00fcnerek uygulanmas\u0131 \u00f6nerilir. Sadece par\u00e7alar halinde uygulama azot kay\u0131plar\u0131n\u0131 \u00f6nlemede yeterli olmamaktad\u0131r. AS PROF\u0130T, b\u00fcnyesindeki DMPP teknolojisi sayesinde nitrifikasyon s\u00fcrecini engelleyerek azot kayb\u0131n\u0131 minimum d\u00fczeye indirir. DMPP amonyumun nitrat azotuna par\u00e7alanmas\u0131n\u0131 sa\u011flayan bakterilerin \u00e7al\u0131\u015fmas\u0131n\u0131 yava\u015flatarak nitrata d\u00f6n\u00fc\u015f\u00fcm s\u00fcresini uzatmaktad\u0131r. Bu sayede bitkiler daha etkili beslenir, mahs\u00fcl verimi ve kalitesi artar.<br \/>\nTopraktaki azot kay\u0131plar\u0131 toprak nemi, oksijeni ve s\u0131cakl\u0131\u011f\u0131na ba\u011fl\u0131 olarak de\u011fi\u015fir. Klasik azotlu g\u00fcbrelerde azot kay\u0131plar\u0131 y\u0131kanma ve buharla\u015fma yoluyla \u00e7ok h\u0131zl\u0131 (1-3 hafta) ger\u00e7ekle\u015firken, AS PROFiT i\u00e7erdi\u011fi DMPP inhibit\u00f6r\u00fcyle azotun kullan\u0131m s\u00fcresini 6-10 haftaya kadar uzat\u0131r. Azotun amonyum formu ile daha uzun s\u00fcre beslenen bitki k\u00f6k b\u00f6lgesindeki pH\u2019y\u0131 anl\u0131k d\u00fc\u015f\u00fcr\u00fcr, di\u011fer besin maddelerinin al\u0131m\u0131n\u0131 kolayla\u015ft\u0131ran bir ortam olu\u015fturur. Ya\u011fmur ve sulama suyu ile y\u0131kanarak olu\u015fan kay\u0131plar SLOWFERT AS PROF\u0130T\u2019te minimum d\u00fczeydedir.<\/p>\n","protected":false},"excerpt":{"rendered":"<p>Azotlu g\u00fcbrelerde uygulama s\u0131ras\u0131nda, bu elementin toprakta form de\u011fi\u015ftirmesi nedeniyle \u00f6nemli miktarda kay\u0131plar olu\u015fmaktad\u0131r. Azot kay\u0131plar\u0131n\u0131 \u00f6nlemek ve bitkinin bu besin maddesinden maksimum faydalanmas\u0131n\u0131 sa\u011flamak i\u00e7in; kullan\u0131lacak miktar\u0131n birka\u00e7 par\u00e7aya b\u00f6l\u00fcnerek uygulanmas\u0131 \u00f6nerilir. Sadece par\u00e7alar halinde uygulama azot kay\u0131plar\u0131n\u0131 \u00f6nlemede yeterli olmamaktad\u0131r. AS PROF\u0130T, b\u00fcnyesindeki DMPP teknolojisi sayesinde nitrifikasyon s\u00fcrecini engelleyerek azot kayb\u0131n\u0131 minimum d\u00fczeye&hellip;<\/p>\n","protected":false},"featured_media":6325,"template":"","meta":[],"product_cat":[234,211],"product_tag":[295,293,292,412,411],"class_list":{"0":"post-6324","1":"product","2":"type-product","3":"status-publish","4":"has-post-thumbnail","6":"product_brand-gubretas","7":"product_cat-gubre-grubu","8":"product_cat-tarimsal-uretim-girdi-ve-hammadde","9":"product_tag-gubre-grubu","10":"product_tag-hammadde","11":"product_tag-uretim","12":"product_tag-yavas-salinimli-azotlu-gubreler","13":"product_tag-yavas-salinimli-gubreler","15":"first","16":"instock","17":"taxable","18":"shipping-taxable","19":"product-type-external","20":"col-xs-6 col-sm-4","21":"col-md-3 col-lg-3","22":"un-4-cols"},"_links":{"self":[{"href":"https:\/\/www.agriomarket.com\/index.php\/wp-json\/wp\/v2\/product\/6324","targetHints":{"allow":["GET"]}}],"collection":[{"href":"https:\/\/www.agriomarket.com\/index.php\/wp-json\/wp\/v2\/product"}],"about":[{"href":"https:\/\/www.agriomarket.com\/index.php\/wp-json\/wp\/v2\/types\/product"}],"wp:featuredmedia":[{"embeddable":true,"href":"https:\/\/www.agriomarket.com\/index.php\/wp-json\/wp\/v2\/media\/6325"}],"wp:attachment":[{"href":"https:\/\/www.agriomarket.com\/index.php\/wp-json\/wp\/v2\/media?parent=6324"}],"wp:term":[{"taxonomy":"product_cat","embeddable":true,"href":"https:\/\/www.agriomarket.com\/index.php\/wp-json\/wp\/v2\/product_cat?post=6324"},{"taxonomy":"product_tag","embeddable":true,"href":"https:\/\/www.agriomarket.com\/index.php\/wp-json\/wp\/v2\/product_tag?post=6324"}],"curies":[{"name":"wp","href":"https:\/\/api.w.org\/{rel}","templated":true}]}}