{"id":6386,"date":"2022-02-23T13:17:58","date_gmt":"2022-02-23T10:17:58","guid":{"rendered":"https:\/\/www.agrio.market\/?post_type=product&#038;p=6386"},"modified":"2022-02-23T13:24:20","modified_gmt":"2022-02-23T10:24:20","slug":"conviso-od-80","status":"publish","type":"product","link":"https:\/\/www.agriomarket.com\/index.php\/urun\/conviso-od-80\/","title":{"rendered":"CONVISO OD 80"},"content":{"rendered":"<p>Bal\u0131klar i\u00e7in zehirlidir, yeralt\u0131 ve yer\u00fcst\u00fc sular\u0131na bula\u015ft\u0131rmaktan ka\u00e7\u0131n\u0131n\u0131z.<br \/>\nAr\u0131lara zehirlidir, \u00e7i\u00e7eklenme zaman\u0131 kullanmay\u0131n\u0131z.<br \/>\n\u00dcr\u00fcn\u00fc kullanmadan \u00f6nce iyice \u00e7alkalay\u0131n\u0131z.<br \/>\n\u0130la\u00e7l\u0131 mahl\u00fcl\u00fcn tamam\u0131n\u0131 tarlaya p\u00fcsk\u00fcrt\u00fcn\u00fcz.<br \/>\nR\u00fczgarl\u0131 havada ila\u00e7lama yapmay\u0131n\u0131z.<br \/>\nKom\u015fu tarlalara direkt veya indirekt temas\u0131ndan ka\u00e7\u0131n\u0131n\u0131z.<br \/>\n\u0130la\u00e7lamada kullan\u0131lan alet ve edevat\u0131 iyice y\u0131kamadan di\u011fer m\u00fccadele islerinde kullanmay\u0131n\u0131z.<br \/>\nT\u0131kanm\u0131\u015f adapt\u00f6rleri a\u011fz\u0131n\u0131zla \u00fcfleyerek a\u00e7may\u0131n\u0131z, f\u0131r\u00e7a ile temizleyiniz.<br \/>\nBo\u015f \u00fcr\u00fcn ambalajlar\u0131n\u0131 herhangi bir gaye i\u00e7in kullanmay\u0131n\u0131z, usul\u00fcne uygun olarak imha ediniz.<br \/>\n\u00dcr\u00fcn\u00fcn d\u00f6k\u00fclmesi halinde, \u00fczerine talas, kil, toprak d\u00f6k\u00fcn\u00fcz, sonra dikkatlice s\u00fcp\u00fcr\u00fcp toplay\u0131n\u0131z ve uygun bir yere g\u00f6m\u00fcn\u00fcz.<\/p>\n<p>Ruhsatl\u0131 Oldu\u011fu Bitkisel \u00dcr\u00fcnler<br \/>\n\u015eeker pancar\u0131 (ALS grubu her bisitleretolerantl\u0131 \u00e7e\u015fitler)<\/p>\n","protected":false},"excerpt":{"rendered":"<p>Bal\u0131klar i\u00e7in zehirlidir, yeralt\u0131 ve yer\u00fcst\u00fc sular\u0131na bula\u015ft\u0131rmaktan ka\u00e7\u0131n\u0131n\u0131z. Ar\u0131lara zehirlidir, \u00e7i\u00e7eklenme zaman\u0131 kullanmay\u0131n\u0131z. \u00dcr\u00fcn\u00fc kullanmadan \u00f6nce iyice \u00e7alkalay\u0131n\u0131z. \u0130la\u00e7l\u0131 mahl\u00fcl\u00fcn tamam\u0131n\u0131 tarlaya p\u00fcsk\u00fcrt\u00fcn\u00fcz. R\u00fczgarl\u0131 havada ila\u00e7lama yapmay\u0131n\u0131z. Kom\u015fu tarlalara direkt veya indirekt temas\u0131ndan ka\u00e7\u0131n\u0131n\u0131z. \u0130la\u00e7lamada kullan\u0131lan alet ve edevat\u0131 iyice y\u0131kamadan di\u011fer m\u00fccadele islerinde kullanmay\u0131n\u0131z. T\u0131kanm\u0131\u015f adapt\u00f6rleri a\u011fz\u0131n\u0131zla \u00fcfleyerek a\u00e7may\u0131n\u0131z, f\u0131r\u00e7a ile temizleyiniz. Bo\u015f&hellip;<\/p>\n","protected":false},"featured_media":6387,"template":"","meta":[],"product_cat":[235,211],"product_tag":[296,292],"class_list":{"0":"post-6386","1":"product","2":"type-product","3":"status-publish","4":"has-post-thumbnail","6":"product_brand-bayer","7":"product_cat-tarimsal-ilac","8":"product_cat-tarimsal-uretim-girdi-ve-hammadde","9":"product_tag-tarim-ilaclari","10":"product_tag-uretim","12":"first","13":"instock","14":"taxable","15":"shipping-taxable","16":"product-type-external","17":"col-xs-6 col-sm-4","18":"col-md-3 col-lg-3","19":"un-4-cols"},"_links":{"self":[{"href":"https:\/\/www.agriomarket.com\/index.php\/wp-json\/wp\/v2\/product\/6386","targetHints":{"allow":["GET"]}}],"collection":[{"href":"https:\/\/www.agriomarket.com\/index.php\/wp-json\/wp\/v2\/product"}],"about":[{"href":"https:\/\/www.agriomarket.com\/index.php\/wp-json\/wp\/v2\/types\/product"}],"wp:featuredmedia":[{"embeddable":true,"href":"https:\/\/www.agriomarket.com\/index.php\/wp-json\/wp\/v2\/media\/6387"}],"wp:attachment":[{"href":"https:\/\/www.agriomarket.com\/index.php\/wp-json\/wp\/v2\/media?parent=6386"}],"wp:term":[{"taxonomy":"product_cat","embeddable":true,"href":"https:\/\/www.agriomarket.com\/index.php\/wp-json\/wp\/v2\/product_cat?post=6386"},{"taxonomy":"product_tag","embeddable":true,"href":"https:\/\/www.agriomarket.com\/index.php\/wp-json\/wp\/v2\/product_tag?post=6386"}],"curies":[{"name":"wp","href":"https:\/\/api.w.org\/{rel}","templated":true}]}}