{"id":6393,"date":"2022-02-23T13:39:56","date_gmt":"2022-02-23T10:39:56","guid":{"rendered":"https:\/\/www.agrio.market\/?post_type=product&#038;p=6393"},"modified":"2022-02-23T13:58:27","modified_gmt":"2022-02-23T10:58:27","slug":"c955","status":"publish","type":"product","link":"https:\/\/www.agriomarket.com\/index.php\/urun\/c955\/","title":{"rendered":"C955"},"content":{"rendered":"<p>Y\u00fcksek ve stabil verim potansiyeline sahiptir .Toprak se\u00e7icili\u011fi yoktur . G\u00fc\u00e7l\u00fc bir k\u00f6k ve g\u00f6vde yap\u0131s\u0131na sahiptir. Hasatta ilk yapraklar\u0131n\u0131 kurutmaz.<\/p>\n<p>&nbsp;<\/p>\n","protected":false},"excerpt":{"rendered":"<p>Y\u00fcksek ve stabil verim potansiyeline sahiptir .Toprak se\u00e7icili\u011fi yoktur . G\u00fc\u00e7l\u00fc bir k\u00f6k ve g\u00f6vde yap\u0131s\u0131na sahiptir. Hasatta ilk yapraklar\u0131n\u0131 kurutmaz. &nbsp;<\/p>\n","protected":false},"featured_media":6402,"template":"","meta":[],"product_cat":[211,233],"product_tag":[294,292],"class_list":{"0":"post-6393","1":"product","2":"type-product","3":"status-publish","4":"has-post-thumbnail","6":"product_brand-dekalb","7":"product_cat-tarimsal-uretim-girdi-ve-hammadde","8":"product_cat-tohum-grubu","9":"product_tag-tohum-grubu","10":"product_tag-uretim","12":"first","13":"instock","14":"taxable","15":"shipping-taxable","16":"product-type-external","17":"col-xs-6 col-sm-4","18":"col-md-3 col-lg-3","19":"un-4-cols"},"_links":{"self":[{"href":"https:\/\/www.agriomarket.com\/index.php\/wp-json\/wp\/v2\/product\/6393","targetHints":{"allow":["GET"]}}],"collection":[{"href":"https:\/\/www.agriomarket.com\/index.php\/wp-json\/wp\/v2\/product"}],"about":[{"href":"https:\/\/www.agriomarket.com\/index.php\/wp-json\/wp\/v2\/types\/product"}],"wp:featuredmedia":[{"embeddable":true,"href":"https:\/\/www.agriomarket.com\/index.php\/wp-json\/wp\/v2\/media\/6402"}],"wp:attachment":[{"href":"https:\/\/www.agriomarket.com\/index.php\/wp-json\/wp\/v2\/media?parent=6393"}],"wp:term":[{"taxonomy":"product_cat","embeddable":true,"href":"https:\/\/www.agriomarket.com\/index.php\/wp-json\/wp\/v2\/product_cat?post=6393"},{"taxonomy":"product_tag","embeddable":true,"href":"https:\/\/www.agriomarket.com\/index.php\/wp-json\/wp\/v2\/product_tag?post=6393"}],"curies":[{"name":"wp","href":"https:\/\/api.w.org\/{rel}","templated":true}]}}