{"id":6477,"date":"2022-02-23T15:53:53","date_gmt":"2022-02-23T12:53:53","guid":{"rendered":"https:\/\/www.agrio.market\/?post_type=product&#038;p=6477"},"modified":"2022-02-23T15:55:42","modified_gmt":"2022-02-23T12:55:42","slug":"mocap-10-g","status":"publish","type":"product","link":"https:\/\/www.agriomarket.com\/index.php\/urun\/mocap-10-g\/","title":{"rendered":"MOCAP 10 G"},"content":{"rendered":"<p>Kontak ve mide zehiri etkili bir nematosit-insekttisittir. Topra\u011fa uyguland\u0131\u011f\u0131ndan nematodlar\u0131 ve b\u00f6cekleri \u00f6ld\u00fcr\u00fcr.<\/p>\n","protected":false},"excerpt":{"rendered":"<p>Kontak ve mide zehiri etkili bir nematosit-insekttisittir. Topra\u011fa uyguland\u0131\u011f\u0131ndan nematodlar\u0131 ve b\u00f6cekleri \u00f6ld\u00fcr\u00fcr.<\/p>\n","protected":false},"featured_media":6478,"template":"","meta":[],"product_cat":[235,211],"product_tag":[296,292],"class_list":{"0":"post-6477","1":"product","2":"type-product","3":"status-publish","4":"has-post-thumbnail","6":"product_brand-hektas","7":"product_cat-tarimsal-ilac","8":"product_cat-tarimsal-uretim-girdi-ve-hammadde","9":"product_tag-tarim-ilaclari","10":"product_tag-uretim","12":"first","13":"instock","14":"taxable","15":"shipping-taxable","16":"product-type-external","17":"col-xs-6 col-sm-4","18":"col-md-3 col-lg-3","19":"un-4-cols"},"_links":{"self":[{"href":"https:\/\/www.agriomarket.com\/index.php\/wp-json\/wp\/v2\/product\/6477","targetHints":{"allow":["GET"]}}],"collection":[{"href":"https:\/\/www.agriomarket.com\/index.php\/wp-json\/wp\/v2\/product"}],"about":[{"href":"https:\/\/www.agriomarket.com\/index.php\/wp-json\/wp\/v2\/types\/product"}],"wp:featuredmedia":[{"embeddable":true,"href":"https:\/\/www.agriomarket.com\/index.php\/wp-json\/wp\/v2\/media\/6478"}],"wp:attachment":[{"href":"https:\/\/www.agriomarket.com\/index.php\/wp-json\/wp\/v2\/media?parent=6477"}],"wp:term":[{"taxonomy":"product_cat","embeddable":true,"href":"https:\/\/www.agriomarket.com\/index.php\/wp-json\/wp\/v2\/product_cat?post=6477"},{"taxonomy":"product_tag","embeddable":true,"href":"https:\/\/www.agriomarket.com\/index.php\/wp-json\/wp\/v2\/product_tag?post=6477"}],"curies":[{"name":"wp","href":"https:\/\/api.w.org\/{rel}","templated":true}]}}