{"id":6485,"date":"2022-02-23T16:09:18","date_gmt":"2022-02-23T13:09:18","guid":{"rendered":"https:\/\/www.agrio.market\/?post_type=product&#038;p=6485"},"modified":"2022-02-23T16:11:10","modified_gmt":"2022-02-23T13:11:10","slug":"avuport-80-wp","status":"publish","type":"product","link":"https:\/\/www.agriomarket.com\/index.php\/urun\/avuport-80-wp\/","title":{"rendered":"Avuport 80 WP"},"content":{"rendered":"<p>AVUPORT 80 WP adl\u0131 bitki koruma \u00fcr\u00fcn\u00fc, etki mekanizmas\u0131na g\u00f6re Grup C1,5 olarak s\u0131n\u0131fland\u0131r\u0131lm\u0131\u015f bir herbisittir.<\/p>\n","protected":false},"excerpt":{"rendered":"<p>AVUPORT 80 WP adl\u0131 bitki koruma \u00fcr\u00fcn\u00fc, etki mekanizmas\u0131na g\u00f6re Grup C1,5 olarak s\u0131n\u0131fland\u0131r\u0131lm\u0131\u015f bir herbisittir.<\/p>\n","protected":false},"featured_media":6486,"template":"","meta":[],"product_cat":[235,211],"product_tag":[296,292],"class_list":{"0":"post-6485","1":"product","2":"type-product","3":"status-publish","4":"has-post-thumbnail","6":"product_brand-koruma","7":"product_cat-tarimsal-ilac","8":"product_cat-tarimsal-uretim-girdi-ve-hammadde","9":"product_tag-tarim-ilaclari","10":"product_tag-uretim","12":"first","13":"instock","14":"taxable","15":"shipping-taxable","16":"product-type-external","17":"col-xs-6 col-sm-4","18":"col-md-3 col-lg-3","19":"un-4-cols"},"_links":{"self":[{"href":"https:\/\/www.agriomarket.com\/index.php\/wp-json\/wp\/v2\/product\/6485","targetHints":{"allow":["GET"]}}],"collection":[{"href":"https:\/\/www.agriomarket.com\/index.php\/wp-json\/wp\/v2\/product"}],"about":[{"href":"https:\/\/www.agriomarket.com\/index.php\/wp-json\/wp\/v2\/types\/product"}],"wp:featuredmedia":[{"embeddable":true,"href":"https:\/\/www.agriomarket.com\/index.php\/wp-json\/wp\/v2\/media\/6486"}],"wp:attachment":[{"href":"https:\/\/www.agriomarket.com\/index.php\/wp-json\/wp\/v2\/media?parent=6485"}],"wp:term":[{"taxonomy":"product_cat","embeddable":true,"href":"https:\/\/www.agriomarket.com\/index.php\/wp-json\/wp\/v2\/product_cat?post=6485"},{"taxonomy":"product_tag","embeddable":true,"href":"https:\/\/www.agriomarket.com\/index.php\/wp-json\/wp\/v2\/product_tag?post=6485"}],"curies":[{"name":"wp","href":"https:\/\/api.w.org\/{rel}","templated":true}]}}