{"id":6537,"date":"2022-02-24T11:27:13","date_gmt":"2022-02-24T08:27:13","guid":{"rendered":"https:\/\/www.agrio.market\/?post_type=product&#038;p=6537"},"modified":"2022-02-24T11:34:04","modified_gmt":"2022-02-24T08:34:04","slug":"15-15-15-zn-super-kompoze","status":"publish","type":"product","link":"https:\/\/www.agriomarket.com\/index.php\/urun\/15-15-15-zn-super-kompoze\/","title":{"rendered":"15.15.15 + ZN (S\u00fcper Kompoze)"},"content":{"rendered":"<p>Bile\u015fiminde %15 azot (N), %15 fosfor (P2O5) ve %15 potasyumu (K2O) e\u015fit oranda i\u00e7eren kompoze g\u00fcbrede ayr\u0131ca %1 oran\u0131nda \u00e7inko (ZN) bulunmaktad\u0131r. Dengeli g\u00fcbreleme yapmak i\u00e7in ideal bir \u00fcr\u00fcn olan 15.15.15 + ZN g\u00fcbresi mahsulde verime etki etmektedir.<\/p>\n<p>As\u0131l faydas\u0131 ise kalite \u00fczerine olmaktad\u0131r. \u0130\u00e7eri\u011finde bulunan potasyum sayesinde \u00f6zellikle \u00fcr\u00fcnde kalite artar. G\u00fcbre bile\u015fimine ilave edilen \u00e7inko, \u00e7imlenme h\u0131zl\u0131 k\u00f6k olu\u015fumu ve b\u00fcy\u00fcme \u00fczerine etkilidir.<\/p>\n<p>15.15.15 + ZN g\u00fcbresinde azot, fosfor ve potasyum d\u0131\u015f\u0131nda %9 oran\u0131nda da k\u00fck\u00fcrt bulunmaktad\u0131r. K\u00fck\u00fcrt SO4 formunda olup bitkiler taraf\u0131ndan do\u011frudan al\u0131nabilir.<\/p>\n<p>\u0130\u00e7eri\u011finde bulunan potasyum sayesinde; don ve so\u011fuklara dayan\u0131kl\u0131l\u0131k artar, hastal\u0131k ve zararl\u0131lara kar\u015f\u0131 bitki direnci y\u00fckselir. Meyve de; \u015feker \/ asit oran\u0131 dengelenir, raf \u00f6mr\u00fc uzar, meyve rengi iyile\u015fir. Meyveler ayn\u0131 zamanda olgunla\u015f\u0131p, hasat s\u00fcresi k\u0131sal\u0131r.<\/p>\n<p>15.15.15 + ZN g\u00fcbresi m\u0131s\u0131r, t\u00fct\u00fcn, patates, meyve a\u011fa\u00e7lar\u0131, ba\u011f, zeytin ve narenciye ile her t\u00fcrl\u00fc sebze yeti\u015ftiricili\u011fince rahatl\u0131kla kullan\u0131labilir. Sebzelerde fide dikiminden 1-2 hafta \u00f6nce, a\u011fa\u00e7larda ise tomurcuklanmadan 3-4 hafta \u00f6nce kullan\u0131lmal\u0131d\u0131r.<\/p>\n","protected":false},"excerpt":{"rendered":"<p>Bile\u015fiminde %15 azot (N), %15 fosfor (P2O5) ve %15 potasyumu (K2O) e\u015fit oranda i\u00e7eren kompoze g\u00fcbrede ayr\u0131ca %1 oran\u0131nda \u00e7inko (ZN) bulunmaktad\u0131r. Dengeli g\u00fcbreleme yapmak i\u00e7in ideal bir \u00fcr\u00fcn olan 15.15.15 + ZN g\u00fcbresi mahsulde verime etki etmektedir. As\u0131l faydas\u0131 ise kalite \u00fczerine olmaktad\u0131r. \u0130\u00e7eri\u011finde bulunan potasyum sayesinde \u00f6zellikle \u00fcr\u00fcnde kalite artar. G\u00fcbre bile\u015fimine ilave&hellip;<\/p>\n","protected":false},"featured_media":6538,"template":"","meta":[],"product_cat":[234,211],"product_tag":[295,293,424,292],"class_list":{"0":"post-6537","1":"product","2":"type-product","3":"status-publish","4":"has-post-thumbnail","6":"product_brand-ege-gubre","7":"product_cat-gubre-grubu","8":"product_cat-tarimsal-uretim-girdi-ve-hammadde","9":"product_tag-gubre-grubu","10":"product_tag-hammadde","11":"product_tag-kompoze-gubreler","12":"product_tag-uretim","14":"first","15":"instock","16":"taxable","17":"shipping-taxable","18":"product-type-external","19":"col-xs-6 col-sm-4","20":"col-md-3 col-lg-3","21":"un-4-cols"},"_links":{"self":[{"href":"https:\/\/www.agriomarket.com\/index.php\/wp-json\/wp\/v2\/product\/6537","targetHints":{"allow":["GET"]}}],"collection":[{"href":"https:\/\/www.agriomarket.com\/index.php\/wp-json\/wp\/v2\/product"}],"about":[{"href":"https:\/\/www.agriomarket.com\/index.php\/wp-json\/wp\/v2\/types\/product"}],"wp:featuredmedia":[{"embeddable":true,"href":"https:\/\/www.agriomarket.com\/index.php\/wp-json\/wp\/v2\/media\/6538"}],"wp:attachment":[{"href":"https:\/\/www.agriomarket.com\/index.php\/wp-json\/wp\/v2\/media?parent=6537"}],"wp:term":[{"taxonomy":"product_cat","embeddable":true,"href":"https:\/\/www.agriomarket.com\/index.php\/wp-json\/wp\/v2\/product_cat?post=6537"},{"taxonomy":"product_tag","embeddable":true,"href":"https:\/\/www.agriomarket.com\/index.php\/wp-json\/wp\/v2\/product_tag?post=6537"}],"curies":[{"name":"wp","href":"https:\/\/api.w.org\/{rel}","templated":true}]}}