{"id":6550,"date":"2022-02-24T13:15:18","date_gmt":"2022-02-24T10:15:18","guid":{"rendered":"https:\/\/www.agrio.market\/?post_type=product&#038;p=6550"},"modified":"2022-02-24T13:16:42","modified_gmt":"2022-02-24T10:16:42","slug":"ure","status":"publish","type":"product","link":"https:\/\/www.agriomarket.com\/index.php\/urun\/ure\/","title":{"rendered":"\u00dcre"},"content":{"rendered":"<p>Azotlu g\u00fcbreler i\u00e7inde azot miktar\u0131 en y\u00fcksek olan, gran\u00fcl yap\u0131l\u0131, beyaz renkli, suda kolay ve \u00e7ok eriyen bir g\u00fcbredir.<\/p>\n<p>Hem topraktan, hem de yapraktan uygulamayla bitkilerin azot ihtiyac\u0131n\u0131 kar\u015f\u0131lar. Form\u00fcl\u00fc CO(NH2)2 &#8211; %46 N (azot) \u015feklindedir. B\u00fcnyesinde karbon (C) bulunmas\u0131 ve yap\u0131s\u0131ndaki azotun NH2 formunda olmas\u0131 nedeniyle amidli bir g\u00fcbredir. Suda kolay erimesine ra\u011fmen b\u00fcnyesindeki azot (NH2) bitki k\u00f6kleri taraf\u0131ndan hemen al\u0131nabilir formda de\u011fildir. B\u00fcnyesindeki azotun yaray\u0131\u015fl\u0131 hale ge\u00e7ebilmesi i\u00e7in topraktaki \u00fcre bakterilerinin enzimatik reaksiyonla \u00fcreyi amonyum (NH4) azotu formuna \u00e7evirmesi gerekir. Bunun i\u00e7in topra\u011f\u0131n s\u0131cakl\u0131\u011f\u0131 ve topraktaki \u00fcre bakterisi miktar\u0131 (konsantrasyonu) \u00f6nemlidir. Bu nedenle \u00fcre g\u00fcbresi yava\u015f etkili g\u00fcbre grubuna girmektedir.<\/p>\n","protected":false},"excerpt":{"rendered":"<p>Azotlu g\u00fcbreler i\u00e7inde azot miktar\u0131 en y\u00fcksek olan, gran\u00fcl yap\u0131l\u0131, beyaz renkli, suda kolay ve \u00e7ok eriyen bir g\u00fcbredir. Hem topraktan, hem de yapraktan uygulamayla bitkilerin azot ihtiyac\u0131n\u0131 kar\u015f\u0131lar. Form\u00fcl\u00fc CO(NH2)2 &#8211; %46 N (azot) \u015feklindedir. B\u00fcnyesinde karbon (C) bulunmas\u0131 ve yap\u0131s\u0131ndaki azotun NH2 formunda olmas\u0131 nedeniyle amidli bir g\u00fcbredir. Suda kolay erimesine ra\u011fmen b\u00fcnyesindeki&hellip;<\/p>\n","protected":false},"featured_media":6551,"template":"","meta":[],"product_cat":[234,211],"product_tag":[295,293,426,292],"class_list":{"0":"post-6550","1":"product","2":"type-product","3":"status-publish","4":"has-post-thumbnail","6":"product_brand-toros-gubre","7":"product_cat-gubre-grubu","8":"product_cat-tarimsal-uretim-girdi-ve-hammadde","9":"product_tag-gubre-grubu","10":"product_tag-hammadde","11":"product_tag-klasik-gubre","12":"product_tag-uretim","14":"first","15":"instock","16":"taxable","17":"shipping-taxable","18":"product-type-external","19":"col-xs-6 col-sm-4","20":"col-md-3 col-lg-3","21":"un-4-cols"},"_links":{"self":[{"href":"https:\/\/www.agriomarket.com\/index.php\/wp-json\/wp\/v2\/product\/6550","targetHints":{"allow":["GET"]}}],"collection":[{"href":"https:\/\/www.agriomarket.com\/index.php\/wp-json\/wp\/v2\/product"}],"about":[{"href":"https:\/\/www.agriomarket.com\/index.php\/wp-json\/wp\/v2\/types\/product"}],"wp:featuredmedia":[{"embeddable":true,"href":"https:\/\/www.agriomarket.com\/index.php\/wp-json\/wp\/v2\/media\/6551"}],"wp:attachment":[{"href":"https:\/\/www.agriomarket.com\/index.php\/wp-json\/wp\/v2\/media?parent=6550"}],"wp:term":[{"taxonomy":"product_cat","embeddable":true,"href":"https:\/\/www.agriomarket.com\/index.php\/wp-json\/wp\/v2\/product_cat?post=6550"},{"taxonomy":"product_tag","embeddable":true,"href":"https:\/\/www.agriomarket.com\/index.php\/wp-json\/wp\/v2\/product_tag?post=6550"}],"curies":[{"name":"wp","href":"https:\/\/api.w.org\/{rel}","templated":true}]}}