{"id":6554,"date":"2022-02-24T13:20:57","date_gmt":"2022-02-24T10:20:57","guid":{"rendered":"https:\/\/www.agrio.market\/?post_type=product&#038;p=6554"},"modified":"2022-02-24T13:23:38","modified_gmt":"2022-02-24T10:23:38","slug":"25-5-10-kompoze","status":"publish","type":"product","link":"https:\/\/www.agriomarket.com\/index.php\/urun\/25-5-10-kompoze\/","title":{"rendered":"25-5-10 (Kompoze)"},"content":{"rendered":"<p>25-5-10 kompoze g\u00fcbresi sadece yapra\u011f\u0131 t\u00fcketilen ve bir kalite bitkisi olan \u00e7ay bitkisinin gerek yeti\u015fme alan\u0131 topraklar\u0131n\u0131n \u00f6zelli\u011fi ve gerekse \u00e7ay bitkisinin topraktan kald\u0131rd\u0131\u011f\u0131 azot, fosfor ve potasyum miktarlar\u0131 \u00fczerine yap\u0131lan bilimsel \u00e7al\u0131\u015fmalar sonucunda geli\u015ftirilmi\u015f bir kompoze g\u00fcbresidir.<\/p>\n<p>Bu g\u00fcbrenin b\u00fcnyesinde % 25 oran\u0131nda bitki taraf\u0131ndan al\u0131nabilir azot (N), % 5 oran\u0131nda fosfor (P2O5) ve % 10 oran\u0131nda potasyum (K2O) bulunur. Gran\u00fcl yap\u0131ya sahip olan 25-5-10 kompoze g\u00fcbresi elle ve g\u00fcbreleme ekipman\u0131 ile uygulamaya uygundur.<\/p>\n","protected":false},"excerpt":{"rendered":"<p>25-5-10 kompoze g\u00fcbresi sadece yapra\u011f\u0131 t\u00fcketilen ve bir kalite bitkisi olan \u00e7ay bitkisinin gerek yeti\u015fme alan\u0131 topraklar\u0131n\u0131n \u00f6zelli\u011fi ve gerekse \u00e7ay bitkisinin topraktan kald\u0131rd\u0131\u011f\u0131 azot, fosfor ve potasyum miktarlar\u0131 \u00fczerine yap\u0131lan bilimsel \u00e7al\u0131\u015fmalar sonucunda geli\u015ftirilmi\u015f bir kompoze g\u00fcbresidir. Bu g\u00fcbrenin b\u00fcnyesinde % 25 oran\u0131nda bitki taraf\u0131ndan al\u0131nabilir azot (N), % 5 oran\u0131nda fosfor (P2O5) ve&hellip;<\/p>\n","protected":false},"featured_media":6555,"template":"","meta":[],"product_cat":[234,211],"product_tag":[295,293,426,292],"class_list":{"0":"post-6554","1":"product","2":"type-product","3":"status-publish","4":"has-post-thumbnail","6":"product_brand-toros-gubre","7":"product_cat-gubre-grubu","8":"product_cat-tarimsal-uretim-girdi-ve-hammadde","9":"product_tag-gubre-grubu","10":"product_tag-hammadde","11":"product_tag-klasik-gubre","12":"product_tag-uretim","14":"first","15":"instock","16":"taxable","17":"shipping-taxable","18":"product-type-external","19":"col-xs-6 col-sm-4","20":"col-md-3 col-lg-3","21":"un-4-cols"},"_links":{"self":[{"href":"https:\/\/www.agriomarket.com\/index.php\/wp-json\/wp\/v2\/product\/6554","targetHints":{"allow":["GET"]}}],"collection":[{"href":"https:\/\/www.agriomarket.com\/index.php\/wp-json\/wp\/v2\/product"}],"about":[{"href":"https:\/\/www.agriomarket.com\/index.php\/wp-json\/wp\/v2\/types\/product"}],"wp:featuredmedia":[{"embeddable":true,"href":"https:\/\/www.agriomarket.com\/index.php\/wp-json\/wp\/v2\/media\/6555"}],"wp:attachment":[{"href":"https:\/\/www.agriomarket.com\/index.php\/wp-json\/wp\/v2\/media?parent=6554"}],"wp:term":[{"taxonomy":"product_cat","embeddable":true,"href":"https:\/\/www.agriomarket.com\/index.php\/wp-json\/wp\/v2\/product_cat?post=6554"},{"taxonomy":"product_tag","embeddable":true,"href":"https:\/\/www.agriomarket.com\/index.php\/wp-json\/wp\/v2\/product_tag?post=6554"}],"curies":[{"name":"wp","href":"https:\/\/api.w.org\/{rel}","templated":true}]}}