{"id":6562,"date":"2022-02-24T14:07:26","date_gmt":"2022-02-24T11:07:26","guid":{"rendered":"https:\/\/www.agrio.market\/?post_type=product&#038;p=6562"},"modified":"2022-02-24T14:21:04","modified_gmt":"2022-02-24T11:21:04","slug":"13-24-1214-so3-zn","status":"publish","type":"product","link":"https:\/\/www.agriomarket.com\/index.php\/urun\/13-24-1214-so3-zn\/","title":{"rendered":"13-24-12+14 (SO3)+ Zn"},"content":{"rendered":"<p>Toros Tar\u0131m taraf\u0131ndan \u00fcretilen be\u015f besinli k\u00fck\u00fcrtl\u00fc g\u00fcbrenin yap\u0131s\u0131ndaki bitki besin elementlerinin tamam\u0131 bitkiler taraf\u0131ndan kolay al\u0131nabilir formdad\u0131r.<\/p>\n","protected":false},"excerpt":{"rendered":"<p>Toros Tar\u0131m taraf\u0131ndan \u00fcretilen be\u015f besinli k\u00fck\u00fcrtl\u00fc g\u00fcbrenin yap\u0131s\u0131ndaki bitki besin elementlerinin tamam\u0131 bitkiler taraf\u0131ndan kolay al\u0131nabilir formdad\u0131r.<\/p>\n","protected":false},"featured_media":6563,"template":"","meta":[],"product_cat":[234,211],"product_tag":[295,293,426,292],"class_list":{"0":"post-6562","1":"product","2":"type-product","3":"status-publish","4":"has-post-thumbnail","6":"product_brand-toros-gubre","7":"product_cat-gubre-grubu","8":"product_cat-tarimsal-uretim-girdi-ve-hammadde","9":"product_tag-gubre-grubu","10":"product_tag-hammadde","11":"product_tag-klasik-gubre","12":"product_tag-uretim","14":"first","15":"instock","16":"featured","17":"taxable","18":"shipping-taxable","19":"product-type-external","20":"col-xs-6 col-sm-4","21":"col-md-3 col-lg-3","22":"un-4-cols"},"_links":{"self":[{"href":"https:\/\/www.agriomarket.com\/index.php\/wp-json\/wp\/v2\/product\/6562","targetHints":{"allow":["GET"]}}],"collection":[{"href":"https:\/\/www.agriomarket.com\/index.php\/wp-json\/wp\/v2\/product"}],"about":[{"href":"https:\/\/www.agriomarket.com\/index.php\/wp-json\/wp\/v2\/types\/product"}],"wp:featuredmedia":[{"embeddable":true,"href":"https:\/\/www.agriomarket.com\/index.php\/wp-json\/wp\/v2\/media\/6563"}],"wp:attachment":[{"href":"https:\/\/www.agriomarket.com\/index.php\/wp-json\/wp\/v2\/media?parent=6562"}],"wp:term":[{"taxonomy":"product_cat","embeddable":true,"href":"https:\/\/www.agriomarket.com\/index.php\/wp-json\/wp\/v2\/product_cat?post=6562"},{"taxonomy":"product_tag","embeddable":true,"href":"https:\/\/www.agriomarket.com\/index.php\/wp-json\/wp\/v2\/product_tag?post=6562"}],"curies":[{"name":"wp","href":"https:\/\/api.w.org\/{rel}","templated":true}]}}