{"id":6592,"date":"2022-02-24T15:03:39","date_gmt":"2022-02-24T12:03:39","guid":{"rendered":"https:\/\/www.agrio.market\/?post_type=product&#038;p=6592"},"modified":"2022-02-24T15:05:04","modified_gmt":"2022-02-24T12:05:04","slug":"ure-fosfat","status":"publish","type":"product","link":"https:\/\/www.agriomarket.com\/index.php\/urun\/ure-fosfat\/","title":{"rendered":"\u00dcre Fosfat"},"content":{"rendered":"<p>\u00dcre Fosfat g\u00fcbresi (H3PO4CO(NH2)2) bitkilerdeki fosfor eksikli\u011fini gidermeye uygun, suda tamamen eriyebilen saf ve kristal bir g\u00fcbredir.<\/p>\n<p>B\u00fcnyesinde % 17,5 \u00dcre (NH2) ve % 44 fosfor (H3PO4) i\u00e7erir. Suda kolayl\u0131kla eridi\u011fi i\u00e7in damla sulama ile uygulamaya uygundur. \u00dcre fosfat\u0131n fiziksel ve kimyasal \u00f6zellikleri \u015fu \u015fekildedir<\/p>\n","protected":false},"excerpt":{"rendered":"<p>\u00dcre Fosfat g\u00fcbresi (H3PO4CO(NH2)2) bitkilerdeki fosfor eksikli\u011fini gidermeye uygun, suda tamamen eriyebilen saf ve kristal bir g\u00fcbredir. B\u00fcnyesinde % 17,5 \u00dcre (NH2) ve % 44 fosfor (H3PO4) i\u00e7erir. Suda kolayl\u0131kla eridi\u011fi i\u00e7in damla sulama ile uygulamaya uygundur. \u00dcre fosfat\u0131n fiziksel ve kimyasal \u00f6zellikleri \u015fu \u015fekildedir<\/p>\n","protected":false},"featured_media":6593,"template":"","meta":[],"product_cat":[234,211],"product_tag":[295,293,429,292],"class_list":{"0":"post-6592","1":"product","2":"type-product","3":"status-publish","4":"has-post-thumbnail","6":"product_brand-toros-gubre","7":"product_cat-gubre-grubu","8":"product_cat-tarimsal-uretim-girdi-ve-hammadde","9":"product_tag-gubre-grubu","10":"product_tag-hammadde","11":"product_tag-ozel-gubre","12":"product_tag-uretim","14":"first","15":"instock","16":"taxable","17":"shipping-taxable","18":"product-type-external","19":"col-xs-6 col-sm-4","20":"col-md-3 col-lg-3","21":"un-4-cols"},"_links":{"self":[{"href":"https:\/\/www.agriomarket.com\/index.php\/wp-json\/wp\/v2\/product\/6592","targetHints":{"allow":["GET"]}}],"collection":[{"href":"https:\/\/www.agriomarket.com\/index.php\/wp-json\/wp\/v2\/product"}],"about":[{"href":"https:\/\/www.agriomarket.com\/index.php\/wp-json\/wp\/v2\/types\/product"}],"wp:featuredmedia":[{"embeddable":true,"href":"https:\/\/www.agriomarket.com\/index.php\/wp-json\/wp\/v2\/media\/6593"}],"wp:attachment":[{"href":"https:\/\/www.agriomarket.com\/index.php\/wp-json\/wp\/v2\/media?parent=6592"}],"wp:term":[{"taxonomy":"product_cat","embeddable":true,"href":"https:\/\/www.agriomarket.com\/index.php\/wp-json\/wp\/v2\/product_cat?post=6592"},{"taxonomy":"product_tag","embeddable":true,"href":"https:\/\/www.agriomarket.com\/index.php\/wp-json\/wp\/v2\/product_tag?post=6592"}],"curies":[{"name":"wp","href":"https:\/\/api.w.org\/{rel}","templated":true}]}}