{"id":6608,"date":"2022-02-24T15:24:06","date_gmt":"2022-02-24T12:24:06","guid":{"rendered":"https:\/\/www.agrio.market\/?post_type=product&#038;p=6608"},"modified":"2022-02-24T15:25:48","modified_gmt":"2022-02-24T12:25:48","slug":"potasyum-nitrat-low-ph","status":"publish","type":"product","link":"https:\/\/www.agriomarket.com\/index.php\/urun\/potasyum-nitrat-low-ph\/","title":{"rendered":"Potasyum Nitrat Low Ph"},"content":{"rendered":"<p>Sulama suyunda eritildi\u011fi zaman sulama \u2013 suyunun pH de\u011ferini azaltt\u0131\u011f\u0131 i\u00e7in ve suda \u00e7ok h\u0131zl\u0131 ve tamamen eridi\u011fi i\u00e7in \u00e7ok tercih edilen bir potasyum nitrat tipidir.<\/p>\n","protected":false},"excerpt":{"rendered":"<p>Sulama suyunda eritildi\u011fi zaman sulama \u2013 suyunun pH de\u011ferini azaltt\u0131\u011f\u0131 i\u00e7in ve suda \u00e7ok h\u0131zl\u0131 ve tamamen eridi\u011fi i\u00e7in \u00e7ok tercih edilen bir potasyum nitrat tipidir.<\/p>\n","protected":false},"featured_media":6609,"template":"","meta":[],"product_cat":[234,211],"product_tag":[295,293,429,292],"class_list":{"0":"post-6608","1":"product","2":"type-product","3":"status-publish","4":"has-post-thumbnail","6":"product_brand-toros-gubre","7":"product_cat-gubre-grubu","8":"product_cat-tarimsal-uretim-girdi-ve-hammadde","9":"product_tag-gubre-grubu","10":"product_tag-hammadde","11":"product_tag-ozel-gubre","12":"product_tag-uretim","14":"first","15":"instock","16":"taxable","17":"shipping-taxable","18":"product-type-external","19":"col-xs-6 col-sm-4","20":"col-md-3 col-lg-3","21":"un-4-cols"},"_links":{"self":[{"href":"https:\/\/www.agriomarket.com\/index.php\/wp-json\/wp\/v2\/product\/6608","targetHints":{"allow":["GET"]}}],"collection":[{"href":"https:\/\/www.agriomarket.com\/index.php\/wp-json\/wp\/v2\/product"}],"about":[{"href":"https:\/\/www.agriomarket.com\/index.php\/wp-json\/wp\/v2\/types\/product"}],"wp:featuredmedia":[{"embeddable":true,"href":"https:\/\/www.agriomarket.com\/index.php\/wp-json\/wp\/v2\/media\/6609"}],"wp:attachment":[{"href":"https:\/\/www.agriomarket.com\/index.php\/wp-json\/wp\/v2\/media?parent=6608"}],"wp:term":[{"taxonomy":"product_cat","embeddable":true,"href":"https:\/\/www.agriomarket.com\/index.php\/wp-json\/wp\/v2\/product_cat?post=6608"},{"taxonomy":"product_tag","embeddable":true,"href":"https:\/\/www.agriomarket.com\/index.php\/wp-json\/wp\/v2\/product_tag?post=6608"}],"curies":[{"name":"wp","href":"https:\/\/api.w.org\/{rel}","templated":true}]}}