{"id":6618,"date":"2022-02-24T15:40:32","date_gmt":"2022-02-24T12:40:32","guid":{"rendered":"https:\/\/www.agrio.market\/?post_type=product&#038;p=6618"},"modified":"2022-02-24T15:41:45","modified_gmt":"2022-02-24T12:41:45","slug":"smart-urea","status":"publish","type":"product","link":"https:\/\/www.agriomarket.com\/index.php\/urun\/smart-urea\/","title":{"rendered":"Smart UREA"},"content":{"rendered":"<p>Smart UREA, yava\u015f sal\u0131n\u0131ml\u0131 ve \u00e7ift inhbit\u00f6rl\u00fc \u00fcre g\u00fcbresidir.<\/p>\n<p>Azotun amonyak olarak kayb\u0131n\u0131 azaltmak i\u00e7in geli\u015ftirilen Smart UREA, i\u00e7erdi\u011fi \u00fcreaz inhibit\u00f6r\u00fc sayesinde yava\u015f\u00e7a sal\u0131n\u0131r. Topraktan havaya azot kayb\u0131n\u0131n gecikmesi g\u00fcbre kullan\u0131m\u0131n\u0131 azalt\u0131rken daha etkili sonu\u00e7 al\u0131nmas\u0131n\u0131 sa\u011flar.<\/p>\n","protected":false},"excerpt":{"rendered":"<p>Smart UREA, yava\u015f sal\u0131n\u0131ml\u0131 ve \u00e7ift inhbit\u00f6rl\u00fc \u00fcre g\u00fcbresidir. Azotun amonyak olarak kayb\u0131n\u0131 azaltmak i\u00e7in geli\u015ftirilen Smart UREA, i\u00e7erdi\u011fi \u00fcreaz inhibit\u00f6r\u00fc sayesinde yava\u015f\u00e7a sal\u0131n\u0131r. Topraktan havaya azot kayb\u0131n\u0131n gecikmesi g\u00fcbre kullan\u0131m\u0131n\u0131 azalt\u0131rken daha etkili sonu\u00e7 al\u0131nmas\u0131n\u0131 sa\u011flar.<\/p>\n","protected":false},"featured_media":6619,"template":"","meta":[],"product_cat":[234,211],"product_tag":[295,293,429,292],"class_list":{"0":"post-6618","1":"product","2":"type-product","3":"status-publish","4":"has-post-thumbnail","6":"product_brand-toros-gubre","7":"product_cat-gubre-grubu","8":"product_cat-tarimsal-uretim-girdi-ve-hammadde","9":"product_tag-gubre-grubu","10":"product_tag-hammadde","11":"product_tag-ozel-gubre","12":"product_tag-uretim","14":"first","15":"instock","16":"taxable","17":"shipping-taxable","18":"product-type-external","19":"col-xs-6 col-sm-4","20":"col-md-3 col-lg-3","21":"un-4-cols"},"_links":{"self":[{"href":"https:\/\/www.agriomarket.com\/index.php\/wp-json\/wp\/v2\/product\/6618","targetHints":{"allow":["GET"]}}],"collection":[{"href":"https:\/\/www.agriomarket.com\/index.php\/wp-json\/wp\/v2\/product"}],"about":[{"href":"https:\/\/www.agriomarket.com\/index.php\/wp-json\/wp\/v2\/types\/product"}],"wp:featuredmedia":[{"embeddable":true,"href":"https:\/\/www.agriomarket.com\/index.php\/wp-json\/wp\/v2\/media\/6619"}],"wp:attachment":[{"href":"https:\/\/www.agriomarket.com\/index.php\/wp-json\/wp\/v2\/media?parent=6618"}],"wp:term":[{"taxonomy":"product_cat","embeddable":true,"href":"https:\/\/www.agriomarket.com\/index.php\/wp-json\/wp\/v2\/product_cat?post=6618"},{"taxonomy":"product_tag","embeddable":true,"href":"https:\/\/www.agriomarket.com\/index.php\/wp-json\/wp\/v2\/product_tag?post=6618"}],"curies":[{"name":"wp","href":"https:\/\/api.w.org\/{rel}","templated":true}]}}