{"id":6627,"date":"2022-02-24T15:55:38","date_gmt":"2022-02-24T12:55:38","guid":{"rendered":"https:\/\/www.agrio.market\/?post_type=product&#038;p=6627"},"modified":"2022-09-11T22:17:25","modified_gmt":"2022-09-11T19:17:25","slug":"dap-p2o5-diamonyum-fosfat-taban-gubresi","status":"publish","type":"product","link":"https:\/\/www.agriomarket.com\/index.php\/urun\/dap-p2o5-diamonyum-fosfat-taban-gubresi\/","title":{"rendered":"DAP &#8211; %18N, %46 P2O5 D\u0130AMONYUM FOSFAT TABAN G\u00dcBRES\u0130"},"content":{"rendered":"<p>Diamonyum fosfat g\u00fcbresi iki besinli bir g\u00fcbredir. B\u00fcnyesinde %18 azot (N) ve %46 fosfor (P2O5) bulunur. \u0130\u00e7eri\u011findeki azot, amonyum (NH4) formunda oldu\u011fu i\u00e7in \u00f6zellikle bitkilerin ilk geli\u015fme d\u00f6nemlerinde etkilidir.<\/p>\n","protected":false},"excerpt":{"rendered":"<p>Diamonyum fosfat g\u00fcbresi iki besinli bir g\u00fcbredir. B\u00fcnyesinde %18 azot (N) ve %46 fosfor (P2O5) bulunur. \u0130\u00e7eri\u011findeki azot, amonyum (NH4) formunda oldu\u011fu i\u00e7in \u00f6zellikle bitkilerin ilk geli\u015fme d\u00f6nemlerinde etkilidir.<\/p>\n","protected":false},"featured_media":6628,"template":"","meta":[],"product_cat":[234,211],"product_tag":[295,293,426,292],"class_list":{"0":"post-6627","1":"product","2":"type-product","3":"status-publish","4":"has-post-thumbnail","6":"product_brand-igsas","7":"product_cat-gubre-grubu","8":"product_cat-tarimsal-uretim-girdi-ve-hammadde","9":"product_tag-gubre-grubu","10":"product_tag-hammadde","11":"product_tag-klasik-gubre","12":"product_tag-uretim","14":"first","15":"instock","16":"taxable","17":"shipping-taxable","18":"product-type-external","19":"col-xs-6 col-sm-4","20":"col-md-3 col-lg-3","21":"un-4-cols"},"_links":{"self":[{"href":"https:\/\/www.agriomarket.com\/index.php\/wp-json\/wp\/v2\/product\/6627","targetHints":{"allow":["GET"]}}],"collection":[{"href":"https:\/\/www.agriomarket.com\/index.php\/wp-json\/wp\/v2\/product"}],"about":[{"href":"https:\/\/www.agriomarket.com\/index.php\/wp-json\/wp\/v2\/types\/product"}],"wp:featuredmedia":[{"embeddable":true,"href":"https:\/\/www.agriomarket.com\/index.php\/wp-json\/wp\/v2\/media\/6628"}],"wp:attachment":[{"href":"https:\/\/www.agriomarket.com\/index.php\/wp-json\/wp\/v2\/media?parent=6627"}],"wp:term":[{"taxonomy":"product_cat","embeddable":true,"href":"https:\/\/www.agriomarket.com\/index.php\/wp-json\/wp\/v2\/product_cat?post=6627"},{"taxonomy":"product_tag","embeddable":true,"href":"https:\/\/www.agriomarket.com\/index.php\/wp-json\/wp\/v2\/product_tag?post=6627"}],"curies":[{"name":"wp","href":"https:\/\/api.w.org\/{rel}","templated":true}]}}