{"id":6632,"date":"2022-02-24T16:00:50","date_gmt":"2022-02-24T13:00:50","guid":{"rendered":"https:\/\/www.agrio.market\/?post_type=product&#038;p=6632"},"modified":"2022-02-24T16:02:12","modified_gmt":"2022-02-24T13:02:12","slug":"15-15-15zn-cinko-katkili-kompoze-gubre-taban-gubresi","status":"publish","type":"product","link":"https:\/\/www.agriomarket.com\/index.php\/urun\/15-15-15zn-cinko-katkili-kompoze-gubre-taban-gubresi\/","title":{"rendered":"15.15.15+ZN \u00c7\u0130NKO KATKILI KOMPOZE G\u00dcBRE &#8211; TABAN G\u00dcBRES\u0130"},"content":{"rendered":"<p>\u00c7inko katk\u0131l\u0131 kompoze g\u00fcbre, ba\u015fta turun\u00e7giller olmak \u00fczere t\u00fcm meyve a\u011fa\u00e7lar\u0131nda, sebzelerde ve m\u0131s\u0131r, patates, \u015feker pancar\u0131 gibi baz\u0131 tarla bitkilerinde s\u0131k g\u00f6r\u00fclen \u00e7inko eksikli\u011fini ortadan kald\u0131rmak i\u00e7in kullan\u0131l\u0131r. \u00c7inko bitkinin k\u00f6k sistemi ile vejetatif aksam\u0131 iyi geli\u015ftirerek ve hormonalenzimsel aktiviteleri d\u00fczenleyerek verim art\u0131\u015f\u0131 ve kalite \u00fczerine olumlu etkiler yapar.<\/p>\n","protected":false},"excerpt":{"rendered":"<p>\u00c7inko katk\u0131l\u0131 kompoze g\u00fcbre, ba\u015fta turun\u00e7giller olmak \u00fczere t\u00fcm meyve a\u011fa\u00e7lar\u0131nda, sebzelerde ve m\u0131s\u0131r, patates, \u015feker pancar\u0131 gibi baz\u0131 tarla bitkilerinde s\u0131k g\u00f6r\u00fclen \u00e7inko eksikli\u011fini ortadan kald\u0131rmak i\u00e7in kullan\u0131l\u0131r. \u00c7inko bitkinin k\u00f6k sistemi ile vejetatif aksam\u0131 iyi geli\u015ftirerek ve hormonalenzimsel aktiviteleri d\u00fczenleyerek verim art\u0131\u015f\u0131 ve kalite \u00fczerine olumlu etkiler yapar.<\/p>\n","protected":false},"featured_media":6633,"template":"","meta":[],"product_cat":[234,211],"product_tag":[295,293,426,292],"class_list":{"0":"post-6632","1":"product","2":"type-product","3":"status-publish","4":"has-post-thumbnail","6":"product_brand-igsas","7":"product_cat-gubre-grubu","8":"product_cat-tarimsal-uretim-girdi-ve-hammadde","9":"product_tag-gubre-grubu","10":"product_tag-hammadde","11":"product_tag-klasik-gubre","12":"product_tag-uretim","14":"first","15":"instock","16":"taxable","17":"shipping-taxable","18":"product-type-external","19":"col-xs-6 col-sm-4","20":"col-md-3 col-lg-3","21":"un-4-cols"},"_links":{"self":[{"href":"https:\/\/www.agriomarket.com\/index.php\/wp-json\/wp\/v2\/product\/6632","targetHints":{"allow":["GET"]}}],"collection":[{"href":"https:\/\/www.agriomarket.com\/index.php\/wp-json\/wp\/v2\/product"}],"about":[{"href":"https:\/\/www.agriomarket.com\/index.php\/wp-json\/wp\/v2\/types\/product"}],"wp:featuredmedia":[{"embeddable":true,"href":"https:\/\/www.agriomarket.com\/index.php\/wp-json\/wp\/v2\/media\/6633"}],"wp:attachment":[{"href":"https:\/\/www.agriomarket.com\/index.php\/wp-json\/wp\/v2\/media?parent=6632"}],"wp:term":[{"taxonomy":"product_cat","embeddable":true,"href":"https:\/\/www.agriomarket.com\/index.php\/wp-json\/wp\/v2\/product_cat?post=6632"},{"taxonomy":"product_tag","embeddable":true,"href":"https:\/\/www.agriomarket.com\/index.php\/wp-json\/wp\/v2\/product_tag?post=6632"}],"curies":[{"name":"wp","href":"https:\/\/api.w.org\/{rel}","templated":true}]}}