{"id":6665,"date":"2022-02-25T09:32:13","date_gmt":"2022-02-25T06:32:13","guid":{"rendered":"https:\/\/www.agrio.market\/?post_type=product&#038;p=6665"},"modified":"2022-02-25T09:34:15","modified_gmt":"2022-02-25T06:34:15","slug":"kukurtlu-kompoze-15-15-15-25-so3","status":"publish","type":"product","link":"https:\/\/www.agriomarket.com\/index.php\/urun\/kukurtlu-kompoze-15-15-15-25-so3\/","title":{"rendered":"K\u00fck\u00fcrtl\u00fc Kompoze 15.15.15 + 25 SO3"},"content":{"rendered":"<p>Kompoze 15.15.15 + 25SO3 g\u00fcbresinde % 15 oran\u0131nda N (azot), % 15 oran\u0131nda P2O5 (fosfat), % 15 oran\u0131nda K2O (potasyum) ve % 25 oran\u0131nda SO3 bulunmaktad\u0131r. \u00dclkemiz topraklar\u0131ndaki potasyum (K) eksikli\u011fine kar\u015f\u0131 son y\u0131llarda bu g\u00fcbre \u00e7e\u015fidinin gitgide daha fazla tercih edildi\u011fi g\u00f6r\u00fclmektedir.<\/p>\n","protected":false},"excerpt":{"rendered":"<p>Kompoze 15.15.15 + 25SO3 g\u00fcbresinde % 15 oran\u0131nda N (azot), % 15 oran\u0131nda P2O5 (fosfat), % 15 oran\u0131nda K2O (potasyum) ve % 25 oran\u0131nda SO3 bulunmaktad\u0131r. \u00dclkemiz topraklar\u0131ndaki potasyum (K) eksikli\u011fine kar\u015f\u0131 son y\u0131llarda bu g\u00fcbre \u00e7e\u015fidinin gitgide daha fazla tercih edildi\u011fi g\u00f6r\u00fclmektedir.<\/p>\n","protected":false},"featured_media":6667,"template":"","meta":[],"product_cat":[234,211],"product_tag":[295,293,292],"class_list":{"0":"post-6665","1":"product","2":"type-product","3":"status-publish","4":"has-post-thumbnail","6":"product_brand-bagfas","7":"product_cat-gubre-grubu","8":"product_cat-tarimsal-uretim-girdi-ve-hammadde","9":"product_tag-gubre-grubu","10":"product_tag-hammadde","11":"product_tag-uretim","13":"first","14":"instock","15":"taxable","16":"shipping-taxable","17":"product-type-external","18":"col-xs-6 col-sm-4","19":"col-md-3 col-lg-3","20":"un-4-cols"},"_links":{"self":[{"href":"https:\/\/www.agriomarket.com\/index.php\/wp-json\/wp\/v2\/product\/6665","targetHints":{"allow":["GET"]}}],"collection":[{"href":"https:\/\/www.agriomarket.com\/index.php\/wp-json\/wp\/v2\/product"}],"about":[{"href":"https:\/\/www.agriomarket.com\/index.php\/wp-json\/wp\/v2\/types\/product"}],"wp:featuredmedia":[{"embeddable":true,"href":"https:\/\/www.agriomarket.com\/index.php\/wp-json\/wp\/v2\/media\/6667"}],"wp:attachment":[{"href":"https:\/\/www.agriomarket.com\/index.php\/wp-json\/wp\/v2\/media?parent=6665"}],"wp:term":[{"taxonomy":"product_cat","embeddable":true,"href":"https:\/\/www.agriomarket.com\/index.php\/wp-json\/wp\/v2\/product_cat?post=6665"},{"taxonomy":"product_tag","embeddable":true,"href":"https:\/\/www.agriomarket.com\/index.php\/wp-json\/wp\/v2\/product_tag?post=6665"}],"curies":[{"name":"wp","href":"https:\/\/api.w.org\/{rel}","templated":true}]}}