{"id":6684,"date":"2022-02-25T12:33:21","date_gmt":"2022-02-25T09:33:21","guid":{"rendered":"https:\/\/www.agrio.market\/?post_type=product&#038;p=6684"},"modified":"2022-02-25T12:34:57","modified_gmt":"2022-02-25T09:34:57","slug":"p64lp140-aycicegi-tohumu","status":"publish","type":"product","link":"https:\/\/www.agriomarket.com\/index.php\/urun\/p64lp140-aycicegi-tohumu\/","title":{"rendered":"P64LP140 Ay\u00e7i\u00e7e\u011fi Tohumu"},"content":{"rendered":"<p>Clearfield Plus<sup>\u00ae<\/sup>\u00a0teknolojisine uygun bir ay\u00e7i\u00e7e\u011fi \u00e7e\u015fidimizdir.<\/p>\n<p>Verem otunun T\u00fcrkiye\u2019deki bilinen \u0131rklar\u0131na kar\u015f\u0131 y\u00fcksek derecede toleransl\u0131d\u0131r.<\/p>\n<p>K\u00f6se (Mildiy\u00f6) hastal\u0131\u011f\u0131n\u0131n T\u00fcrkiye\u2019deki g\u00f6z\u00fcken \u0131rklar\u0131na kar\u015f\u0131 y\u00fcksek derece toleransl\u0131 bir \u00e7e\u015fitimizdir.<\/p>\n<p>Intervix Plus ilac\u0131 at\u0131ld\u0131ktan sonra daha iyi ot kontrol\u00fc sa\u011flanarak bitkinin verim potansiyeli artm\u0131\u015f olur.<\/p>\n<p>\u0130la\u00e7lamadan sonra ay\u00e7i\u00e7e\u011finde duraklama, bitkide yava\u015flama g\u00f6r\u00fclmez.<\/p>\n<p>Ya\u011f oran\u0131 olduk\u00e7a y\u00fcksektir.<\/p>\n<p>Hem kurak \u015fartlarda hemde ya\u011f\u0131\u015fl\u0131 ve sulanabilir ko\u015fullarda e\u015fsiz bir verim potansiyeline sahiptir.<\/p>\n<p>Tabla yap\u0131s\u0131 e\u011fik ve d\u0131\u015fb\u00fckeydir.<\/p>\n<p>Tok ve dolgun dane yap\u0131s\u0131na sahiptir.<\/p>\n<p>Toprak se\u00e7icili\u011fi yoktur.<\/p>\n<p>Standart tablal\u0131d\u0131r. Tarlada stabil ve homojen bir g\u00f6r\u00fcnt\u00fcs\u00fc vard\u0131r.<\/p>\n","protected":false},"excerpt":{"rendered":"<p>Clearfield Plus\u00ae\u00a0teknolojisine uygun bir ay\u00e7i\u00e7e\u011fi \u00e7e\u015fidimizdir. Verem otunun T\u00fcrkiye\u2019deki bilinen \u0131rklar\u0131na kar\u015f\u0131 y\u00fcksek derecede toleransl\u0131d\u0131r. K\u00f6se (Mildiy\u00f6) hastal\u0131\u011f\u0131n\u0131n T\u00fcrkiye\u2019deki g\u00f6z\u00fcken \u0131rklar\u0131na kar\u015f\u0131 y\u00fcksek derece toleransl\u0131 bir \u00e7e\u015fitimizdir. Intervix Plus ilac\u0131 at\u0131ld\u0131ktan sonra daha iyi ot kontrol\u00fc sa\u011flanarak bitkinin verim potansiyeli artm\u0131\u015f olur. \u0130la\u00e7lamadan sonra ay\u00e7i\u00e7e\u011finde duraklama, bitkide yava\u015flama g\u00f6r\u00fclmez. Ya\u011f oran\u0131 olduk\u00e7a y\u00fcksektir. Hem kurak&hellip;<\/p>\n","protected":false},"featured_media":6676,"template":"","meta":[],"product_cat":[211,233],"product_tag":[294,292],"class_list":{"0":"post-6684","1":"product","2":"type-product","3":"status-publish","4":"has-post-thumbnail","6":"product_brand-pioneer","7":"product_cat-tarimsal-uretim-girdi-ve-hammadde","8":"product_cat-tohum-grubu","9":"product_tag-tohum-grubu","10":"product_tag-uretim","12":"first","13":"instock","14":"taxable","15":"shipping-taxable","16":"product-type-external","17":"col-xs-6 col-sm-4","18":"col-md-3 col-lg-3","19":"un-4-cols"},"_links":{"self":[{"href":"https:\/\/www.agriomarket.com\/index.php\/wp-json\/wp\/v2\/product\/6684","targetHints":{"allow":["GET"]}}],"collection":[{"href":"https:\/\/www.agriomarket.com\/index.php\/wp-json\/wp\/v2\/product"}],"about":[{"href":"https:\/\/www.agriomarket.com\/index.php\/wp-json\/wp\/v2\/types\/product"}],"wp:featuredmedia":[{"embeddable":true,"href":"https:\/\/www.agriomarket.com\/index.php\/wp-json\/wp\/v2\/media\/6676"}],"wp:attachment":[{"href":"https:\/\/www.agriomarket.com\/index.php\/wp-json\/wp\/v2\/media?parent=6684"}],"wp:term":[{"taxonomy":"product_cat","embeddable":true,"href":"https:\/\/www.agriomarket.com\/index.php\/wp-json\/wp\/v2\/product_cat?post=6684"},{"taxonomy":"product_tag","embeddable":true,"href":"https:\/\/www.agriomarket.com\/index.php\/wp-json\/wp\/v2\/product_tag?post=6684"}],"curies":[{"name":"wp","href":"https:\/\/api.w.org\/{rel}","templated":true}]}}