{"id":6704,"date":"2022-02-25T13:56:15","date_gmt":"2022-02-25T10:56:15","guid":{"rendered":"https:\/\/www.agrio.market\/?post_type=product&#038;p=6704"},"modified":"2022-02-25T13:59:39","modified_gmt":"2022-02-25T10:59:39","slug":"bernache-kapsiz-seker-pancari-tohumu","status":"publish","type":"product","link":"https:\/\/www.agriomarket.com\/index.php\/urun\/bernache-kapsiz-seker-pancari-tohumu\/","title":{"rendered":"BERNACHE KAPSIZ \u015eEKER PANCARI TOHUMU"},"content":{"rendered":"<p>Rhizomania (K\u00f6k Sakallanmas\u0131) dayan\u0131kl\u0131, Cercospora yaprak lekesine tolerant<br \/>\nY\u00fcksek k\u00f6k verimi ve \u015feker oran\u0131na sahiptir,<br \/>\nBa\u015f k\u0131sm\u0131 konik, makinal\u0131 hasada uygun<br \/>\nToprak se\u00e7icili\u011fi yoktur<br \/>\nBitki boyu orta, yapraklar dik<br \/>\nYapraklar sezonda ve hasat \u00f6ncesi a\u00e7\u0131k ye\u015fil renktedir,<\/p>\n<p>&nbsp;<\/p>\n","protected":false},"excerpt":{"rendered":"<p>Rhizomania (K\u00f6k Sakallanmas\u0131) dayan\u0131kl\u0131, Cercospora yaprak lekesine tolerant Y\u00fcksek k\u00f6k verimi ve \u015feker oran\u0131na sahiptir, Ba\u015f k\u0131sm\u0131 konik, makinal\u0131 hasada uygun Toprak se\u00e7icili\u011fi yoktur Bitki boyu orta, yapraklar dik Yapraklar sezonda ve hasat \u00f6ncesi a\u00e7\u0131k ye\u015fil renktedir, &nbsp;<\/p>\n","protected":false},"featured_media":6707,"template":"","meta":[],"product_cat":[211,233],"product_tag":[294,292],"class_list":{"0":"post-6704","1":"product","2":"type-product","3":"status-publish","4":"has-post-thumbnail","6":"product_brand-florimond-desprez","7":"product_cat-tarimsal-uretim-girdi-ve-hammadde","8":"product_cat-tohum-grubu","9":"product_tag-tohum-grubu","10":"product_tag-uretim","12":"first","13":"instock","14":"taxable","15":"shipping-taxable","16":"product-type-external","17":"col-xs-6 col-sm-4","18":"col-md-3 col-lg-3","19":"un-4-cols"},"_links":{"self":[{"href":"https:\/\/www.agriomarket.com\/index.php\/wp-json\/wp\/v2\/product\/6704","targetHints":{"allow":["GET"]}}],"collection":[{"href":"https:\/\/www.agriomarket.com\/index.php\/wp-json\/wp\/v2\/product"}],"about":[{"href":"https:\/\/www.agriomarket.com\/index.php\/wp-json\/wp\/v2\/types\/product"}],"wp:featuredmedia":[{"embeddable":true,"href":"https:\/\/www.agriomarket.com\/index.php\/wp-json\/wp\/v2\/media\/6707"}],"wp:attachment":[{"href":"https:\/\/www.agriomarket.com\/index.php\/wp-json\/wp\/v2\/media?parent=6704"}],"wp:term":[{"taxonomy":"product_cat","embeddable":true,"href":"https:\/\/www.agriomarket.com\/index.php\/wp-json\/wp\/v2\/product_cat?post=6704"},{"taxonomy":"product_tag","embeddable":true,"href":"https:\/\/www.agriomarket.com\/index.php\/wp-json\/wp\/v2\/product_tag?post=6704"}],"curies":[{"name":"wp","href":"https:\/\/api.w.org\/{rel}","templated":true}]}}