{"id":6708,"date":"2022-02-25T14:10:40","date_gmt":"2022-02-25T11:10:40","guid":{"rendered":"https:\/\/www.agrio.market\/?post_type=product&#038;p=6708"},"modified":"2022-02-25T14:14:34","modified_gmt":"2022-02-25T11:14:34","slug":"candia-pamuk-tohumlari","status":"publish","type":"product","link":"https:\/\/www.agriomarket.com\/index.php\/urun\/candia-pamuk-tohumlari\/","title":{"rendered":"Candia Pamuk Tohumlar\u0131"},"content":{"rendered":"<p>Verim potansiyeli \u00e7ok y\u00fcksektir.<br \/>\nVejetasyon s\u00fcresi orta \u2013 ge\u00e7 s\u0131n\u0131ftad\u0131r.<br \/>\nKoza ba\u011flama, bitkide tamamen ana g\u00f6vdede oldu\u011fu i\u00e7in s\u0131k ekime ve makineli hasada son derece uygundur<br \/>\n\u00c7\u0131r\u00e7\u0131r rand\u0131man\u0131 % 43 \u2013 45\u2019d\u0131r. Bu nedenle \u00e7\u0131r\u00e7\u0131r i\u015fletmelerince aran\u0131lan \u00e7e\u015fitlerdendir.<br \/>\nHasat d\u00f6neminde olu\u015facak olumsuz hava ko\u015fullar\u0131nda elyaf d\u00f6k\u00fcm\u00fcne kar\u015f\u0131 tolerans\u0131 y\u00fcksektir.<br \/>\nSu kaynakl\u0131 stres ko\u015fullar\u0131na son derece dayan\u0131kl\u0131d\u0131r.Kurakl\u0131ktan kaynaklanan tarak ve \u00e7i\u00e7ek d\u00f6k\u00fclmelerine kar\u015f\u0131 tolerans\u0131 y\u00fcksektir.<br \/>\n1 kg\u2019da yakla\u015f\u0131k 11.500 adet tohum bulunur.<br \/>\nSahip oldu\u011fu FiberMax\u00ae standartlar\u0131ndaki elyaf kalitesi ile tekstil sekt\u00f6r\u00fcn\u00fcn \u00f6ncelikli tercihidir.<\/p>\n<p>&nbsp;<\/p>\n","protected":false},"excerpt":{"rendered":"<p>Verim potansiyeli \u00e7ok y\u00fcksektir. Vejetasyon s\u00fcresi orta \u2013 ge\u00e7 s\u0131n\u0131ftad\u0131r. Koza ba\u011flama, bitkide tamamen ana g\u00f6vdede oldu\u011fu i\u00e7in s\u0131k ekime ve makineli hasada son derece uygundur \u00c7\u0131r\u00e7\u0131r rand\u0131man\u0131 % 43 \u2013 45\u2019d\u0131r. Bu nedenle \u00e7\u0131r\u00e7\u0131r i\u015fletmelerince aran\u0131lan \u00e7e\u015fitlerdendir. Hasat d\u00f6neminde olu\u015facak olumsuz hava ko\u015fullar\u0131nda elyaf d\u00f6k\u00fcm\u00fcne kar\u015f\u0131 tolerans\u0131 y\u00fcksektir. Su kaynakl\u0131 stres ko\u015fullar\u0131na son derece&hellip;<\/p>\n","protected":false},"featured_media":6709,"template":"","meta":[],"product_cat":[211,233],"product_tag":[294,292],"class_list":{"0":"post-6708","1":"product","2":"type-product","3":"status-publish","4":"has-post-thumbnail","6":"product_brand-basf","7":"product_cat-tarimsal-uretim-girdi-ve-hammadde","8":"product_cat-tohum-grubu","9":"product_tag-tohum-grubu","10":"product_tag-uretim","12":"first","13":"instock","14":"taxable","15":"shipping-taxable","16":"product-type-external","17":"col-xs-6 col-sm-4","18":"col-md-3 col-lg-3","19":"un-4-cols"},"_links":{"self":[{"href":"https:\/\/www.agriomarket.com\/index.php\/wp-json\/wp\/v2\/product\/6708","targetHints":{"allow":["GET"]}}],"collection":[{"href":"https:\/\/www.agriomarket.com\/index.php\/wp-json\/wp\/v2\/product"}],"about":[{"href":"https:\/\/www.agriomarket.com\/index.php\/wp-json\/wp\/v2\/types\/product"}],"wp:featuredmedia":[{"embeddable":true,"href":"https:\/\/www.agriomarket.com\/index.php\/wp-json\/wp\/v2\/media\/6709"}],"wp:attachment":[{"href":"https:\/\/www.agriomarket.com\/index.php\/wp-json\/wp\/v2\/media?parent=6708"}],"wp:term":[{"taxonomy":"product_cat","embeddable":true,"href":"https:\/\/www.agriomarket.com\/index.php\/wp-json\/wp\/v2\/product_cat?post=6708"},{"taxonomy":"product_tag","embeddable":true,"href":"https:\/\/www.agriomarket.com\/index.php\/wp-json\/wp\/v2\/product_tag?post=6708"}],"curies":[{"name":"wp","href":"https:\/\/api.w.org\/{rel}","templated":true}]}}