{"id":6712,"date":"2022-02-25T14:22:35","date_gmt":"2022-02-25T11:22:35","guid":{"rendered":"https:\/\/www.agrio.market\/?post_type=product&#038;p=6712"},"modified":"2022-02-25T14:24:35","modified_gmt":"2022-02-25T11:24:35","slug":"hektas-yazlik-yag","status":"publish","type":"product","link":"https:\/\/www.agriomarket.com\/index.php\/urun\/hektas-yazlik-yag\/","title":{"rendered":"HEKTA\u015e YAZLIK YA\u011e"},"content":{"rendered":"<p>K\u0131\u015f M\u00fccadele \u0130la\u00e7lar\u0131 ve Yazl\u0131k Ya\u011flar<\/p>\n","protected":false},"excerpt":{"rendered":"<p>K\u0131\u015f M\u00fccadele \u0130la\u00e7lar\u0131 ve Yazl\u0131k Ya\u011flar<\/p>\n","protected":false},"featured_media":6713,"template":"","meta":[],"product_cat":[235,211],"product_tag":[296,292],"class_list":{"0":"post-6712","1":"product","2":"type-product","3":"status-publish","4":"has-post-thumbnail","6":"product_brand-hektas","7":"product_cat-tarimsal-ilac","8":"product_cat-tarimsal-uretim-girdi-ve-hammadde","9":"product_tag-tarim-ilaclari","10":"product_tag-uretim","12":"first","13":"instock","14":"taxable","15":"shipping-taxable","16":"product-type-external","17":"col-xs-6 col-sm-4","18":"col-md-3 col-lg-3","19":"un-4-cols"},"_links":{"self":[{"href":"https:\/\/www.agriomarket.com\/index.php\/wp-json\/wp\/v2\/product\/6712","targetHints":{"allow":["GET"]}}],"collection":[{"href":"https:\/\/www.agriomarket.com\/index.php\/wp-json\/wp\/v2\/product"}],"about":[{"href":"https:\/\/www.agriomarket.com\/index.php\/wp-json\/wp\/v2\/types\/product"}],"wp:featuredmedia":[{"embeddable":true,"href":"https:\/\/www.agriomarket.com\/index.php\/wp-json\/wp\/v2\/media\/6713"}],"wp:attachment":[{"href":"https:\/\/www.agriomarket.com\/index.php\/wp-json\/wp\/v2\/media?parent=6712"}],"wp:term":[{"taxonomy":"product_cat","embeddable":true,"href":"https:\/\/www.agriomarket.com\/index.php\/wp-json\/wp\/v2\/product_cat?post=6712"},{"taxonomy":"product_tag","embeddable":true,"href":"https:\/\/www.agriomarket.com\/index.php\/wp-json\/wp\/v2\/product_tag?post=6712"}],"curies":[{"name":"wp","href":"https:\/\/api.w.org\/{rel}","templated":true}]}}