{"id":6846,"date":"2022-03-01T21:08:56","date_gmt":"2022-03-01T18:08:56","guid":{"rendered":"https:\/\/www.agrio.market\/?post_type=product&#038;p=6846"},"modified":"2022-04-08T09:50:23","modified_gmt":"2022-04-08T06:50:23","slug":"2019-john-deere-8600i-kendi-yurur-silaj-makinesi","status":"publish","type":"product","link":"https:\/\/www.agriomarket.com\/index.php\/urun\/2019-john-deere-8600i-kendi-yurur-silaj-makinesi\/","title":{"rendered":"2019 JOHN DEERE 8600I Kendi Y\u00fcr\u00fcr Silaj Makinesi"},"content":{"rendered":"<p>YEN\u0130 G\u0130B\u0130<br \/>\n2019 JOHN DEERE 8600I \u00c7ALI\u015eMA 340 SAAT<br \/>\nTOPLAMA \u00dcN\u0130TES\u0130 3M VE MISIR S\u0130LAJI DAH\u0130L<br \/>\nFULL DONANIMLI<\/p>\n","protected":false},"excerpt":{"rendered":"<p>YEN\u0130 G\u0130B\u0130 2019 JOHN DEERE 8600I \u00c7ALI\u015eMA 340 SAAT TOPLAMA \u00dcN\u0130TES\u0130 3M VE MISIR S\u0130LAJI DAH\u0130L FULL DONANIMLI<\/p>\n","protected":false},"featured_media":6847,"template":"","meta":[],"product_cat":[447,448,212],"product_tag":[523,462,496,494,298,300,299],"class_list":{"0":"post-6846","1":"product","2":"type-product","3":"status-publish","4":"has-post-thumbnail","6":"product_brand-john-deere","7":"product_cat-hasat-harman-makineleri","8":"product_cat-misir-hasat-makineleri","9":"product_cat-tarim-makine-ve-ekipmanlari","10":"product_tag-kendi-yurur-silaj-makinesi","11":"product_tag-misir-hasat-makineleri","12":"product_tag-misir-silaj-makinesi","13":"product_tag-silaj-makinesi","14":"product_tag-tarim-araclari","15":"product_tag-tarim-ekipmanlari","16":"product_tag-tarim-makineleri","18":"first","19":"instock","20":"taxable","21":"shipping-taxable","22":"product-type-external","23":"col-xs-6 col-sm-4","24":"col-md-3 col-lg-3","25":"un-4-cols"},"_links":{"self":[{"href":"https:\/\/www.agriomarket.com\/index.php\/wp-json\/wp\/v2\/product\/6846","targetHints":{"allow":["GET"]}}],"collection":[{"href":"https:\/\/www.agriomarket.com\/index.php\/wp-json\/wp\/v2\/product"}],"about":[{"href":"https:\/\/www.agriomarket.com\/index.php\/wp-json\/wp\/v2\/types\/product"}],"wp:featuredmedia":[{"embeddable":true,"href":"https:\/\/www.agriomarket.com\/index.php\/wp-json\/wp\/v2\/media\/6847"}],"wp:attachment":[{"href":"https:\/\/www.agriomarket.com\/index.php\/wp-json\/wp\/v2\/media?parent=6846"}],"wp:term":[{"taxonomy":"product_cat","embeddable":true,"href":"https:\/\/www.agriomarket.com\/index.php\/wp-json\/wp\/v2\/product_cat?post=6846"},{"taxonomy":"product_tag","embeddable":true,"href":"https:\/\/www.agriomarket.com\/index.php\/wp-json\/wp\/v2\/product_tag?post=6846"}],"curies":[{"name":"wp","href":"https:\/\/api.w.org\/{rel}","templated":true}]}}