{"id":6881,"date":"2022-03-01T21:36:05","date_gmt":"2022-03-01T18:36:05","guid":{"rendered":"https:\/\/www.agrio.market\/?post_type=product&#038;p=6881"},"modified":"2022-04-02T13:49:23","modified_gmt":"2022-04-02T10:49:23","slug":"2017-new-holland-fr-650-silaj-makinesi","status":"publish","type":"product","link":"https:\/\/www.agriomarket.com\/index.php\/urun\/2017-new-holland-fr-650-silaj-makinesi\/","title":{"rendered":"2017 New Holland FR 650 Silaj Makinesi"},"content":{"rendered":"<p>4 \u00e7eker<br \/>\nMotor FPT 16<br \/>\nEnjeksiyon sistemi Common Rail<br \/>\nECOBlue HI-eSCR sistemi<br \/>\nPower Cruise II sistemi<br \/>\n4 vitesli manuel \u015fanz\u0131man<br \/>\nhidrostatik<br \/>\nDiferansiyel kilidi<br \/>\nHWC&#8217;li \u00e7eki\u015f aks\u0131<br \/>\n40 km\/s<br \/>\nB\u00fcy\u00fck tekerlekler (HWC) i\u00e7in \u00f6nceden donat\u0131lm\u0131\u015f direksiyon aks\u0131 d\u00f6rt teker \u00e7eki\u015fli<br \/>\nOt b\u0131\u00e7a\u011f\u0131<br \/>\nMakine taraf\u0131nda \u00f6nceden donat\u0131lm\u0131\u015f otomatik y\u00fczd\u00fcrme<br \/>\n(hidr. paralel k\u0131lavuz)<br \/>\nA\u011f\u0131r hizmet tipi a\u015f\u0131nma plakalar\u0131<br \/>\nK\u0131rpma i\u015flemcisi 250 mm \u00e7ap<br \/>\n99 Z-126 Z Sert krom kaplama<br \/>\nM\u0131s\u0131r versiyonu (saya\u00e7l\u0131 kesici)<br \/>\nm\u0131s\u0131r aparat\u0131<br \/>\n2&#215;20 m\u0131s\u0131r b\u0131\u00e7a\u011f\u0131<br \/>\nDo\u011frama \u00fcnitesini tak\u0131p ve \u00e7\u0131karmal\u0131 \u015fasi<br \/>\nMerkezi ya\u011flama<br \/>\nPremium kabin DeLuxe<br \/>\nhaval\u0131 s\u00fcspansiyonlu koltuk<br \/>\nOtomatik klima<br \/>\nYolcu koltu\u011funun alt\u0131ndan so\u011futucu<br \/>\nRadyo<br \/>\nyan ve arka silecek<br \/>\nDikiz aynas\u0131<br \/>\nIs\u0131tmal\u0131 ve elektrikli ayarlanabilir d\u0131\u015f aynalar<br \/>\nIntelli View IV monit\u00f6r<br \/>\nMakineyi temizlemek i\u00e7in hava kompres\u00f6r\u00fc<br \/>\nHortum ve haval\u0131 tabanca<br \/>\nLED ayd\u0131nlatma paketi (tavanda 11 lamba 6 makinede)<br \/>\notomatik pilot<br \/>\nB\u0131\u00e7aklar\u0131n ileri ve geri d\u00f6nd\u00fcr\u00fclmesi ile b\u0131\u00e7aklar\u0131n bilenmesi<br \/>\nb\u0131\u00e7ak tamburu<br \/>\nkamera kiti<br \/>\n\u00e7arp\u0131\u015fma korumas\u0131<br \/>\nR\u00f6mork ba\u011flant\u0131s\u0131<br \/>\nher iki tarafta s\u00fcr\u00fcl\u00fcyor<\/p>\n","protected":false},"excerpt":{"rendered":"<p>4 \u00e7eker Motor FPT 16 Enjeksiyon sistemi Common Rail ECOBlue HI-eSCR sistemi Power Cruise II sistemi 4 vitesli manuel \u015fanz\u0131man hidrostatik Diferansiyel kilidi HWC&#8217;li \u00e7eki\u015f aks\u0131 40 km\/s B\u00fcy\u00fck tekerlekler (HWC) i\u00e7in \u00f6nceden donat\u0131lm\u0131\u015f direksiyon aks\u0131 d\u00f6rt teker \u00e7eki\u015fli Ot b\u0131\u00e7a\u011f\u0131 Makine taraf\u0131nda \u00f6nceden donat\u0131lm\u0131\u015f otomatik y\u00fczd\u00fcrme (hidr. paralel k\u0131lavuz) A\u011f\u0131r hizmet tipi a\u015f\u0131nma plakalar\u0131&hellip;<\/p>\n","protected":false},"featured_media":6882,"template":"","meta":[],"product_cat":[447,448,212],"product_tag":[523,462,496,494,298,300,299],"class_list":{"0":"post-6881","1":"product","2":"type-product","3":"status-publish","4":"has-post-thumbnail","6":"product_brand-new-holland","7":"product_cat-hasat-harman-makineleri","8":"product_cat-misir-hasat-makineleri","9":"product_cat-tarim-makine-ve-ekipmanlari","10":"product_tag-kendi-yurur-silaj-makinesi","11":"product_tag-misir-hasat-makineleri","12":"product_tag-misir-silaj-makinesi","13":"product_tag-silaj-makinesi","14":"product_tag-tarim-araclari","15":"product_tag-tarim-ekipmanlari","16":"product_tag-tarim-makineleri","18":"first","19":"instock","20":"taxable","21":"shipping-taxable","22":"product-type-external","23":"col-xs-6 col-sm-4","24":"col-md-3 col-lg-3","25":"un-4-cols"},"_links":{"self":[{"href":"https:\/\/www.agriomarket.com\/index.php\/wp-json\/wp\/v2\/product\/6881","targetHints":{"allow":["GET"]}}],"collection":[{"href":"https:\/\/www.agriomarket.com\/index.php\/wp-json\/wp\/v2\/product"}],"about":[{"href":"https:\/\/www.agriomarket.com\/index.php\/wp-json\/wp\/v2\/types\/product"}],"wp:featuredmedia":[{"embeddable":true,"href":"https:\/\/www.agriomarket.com\/index.php\/wp-json\/wp\/v2\/media\/6882"}],"wp:attachment":[{"href":"https:\/\/www.agriomarket.com\/index.php\/wp-json\/wp\/v2\/media?parent=6881"}],"wp:term":[{"taxonomy":"product_cat","embeddable":true,"href":"https:\/\/www.agriomarket.com\/index.php\/wp-json\/wp\/v2\/product_cat?post=6881"},{"taxonomy":"product_tag","embeddable":true,"href":"https:\/\/www.agriomarket.com\/index.php\/wp-json\/wp\/v2\/product_tag?post=6881"}],"curies":[{"name":"wp","href":"https:\/\/api.w.org\/{rel}","templated":true}]}}