{"id":6899,"date":"2022-03-01T21:52:30","date_gmt":"2022-03-01T18:52:30","guid":{"rendered":"https:\/\/www.agrio.market\/?post_type=product&#038;p=6899"},"modified":"2022-04-02T12:00:27","modified_gmt":"2022-04-02T09:00:27","slug":"2015-john-deere-8600i-kemper-375-pu-639-silaj-makinesi","status":"publish","type":"product","link":"https:\/\/www.agriomarket.com\/index.php\/urun\/2015-john-deere-8600i-kemper-375-pu-639-silaj-makinesi\/","title":{"rendered":"2015 John Deere 8600i Kemper 375 PU &#038; 639 Silaj Makinesi"},"content":{"rendered":"<p>Motor \u00e7al\u0131\u015fma saati 2990<br \/>\nTambur \u00e7al\u0131\u015fma saati 1910<br \/>\n56 B\u0131\u00e7ak tamburu<br \/>\nm\u0131s\u0131r k\u0131ran<br \/>\nPremium kabin<br \/>\nIs\u0131tma Havaland\u0131rma Klima<br \/>\n4 \u00e7eker<br \/>\nKule uzant\u0131s\u0131<br \/>\nAlt \u00f6n bask\u0131 silindirinde yerle\u015fik metal dedekt\u00f6r\u00fc<br \/>\n4 bask\u0131 \u00f6ncesi makaral\u0131 yay<br \/>\nSonsuz de\u011fi\u015fken kesim y\u00fckseklik ayar\u0131<br \/>\nB\u0131\u00e7ak bileme sistemi<br \/>\nKar\u015f\u0131 b\u0131\u00e7ak ayar\u0131<br \/>\nf\u0131rlatma h\u0131zland\u0131r\u0131c\u0131<br \/>\nEnjeksiyon manifoldu<br \/>\nSilaj katk\u0131s\u0131 i\u00e7in pompa kontrol \u00fcnitesi<br \/>\n4 ASR&#8217;li WD ProDrive, Hidromekanik tahrikli aks<br \/>\nDeri kapl\u0131 direksiyon<br \/>\nPremium haval\u0131 s\u00fcspansiyonlu koltuk<br \/>\nEmniyet kemerli yolcu koltu\u011fu<br \/>\nArka g\u00f6r\u00fc\u015f kameras\u0131<br \/>\nPremium servis \u0131\u015f\u0131klar\u0131 LED&#8217;i<br \/>\nm\u0131s\u0131r biti<br \/>\nKemper 375 Plus<br \/>\n\u00fcretim y\u0131l\u0131 2016<br \/>\n\u00c7al\u0131\u015fma geni\u015fli\u011fi 3,75 m<br \/>\n10. s\u0131ra<br \/>\ndahil ta\u015f\u0131ma tekerle\u011fi<br \/>\nToplamak<br \/>\nKemper 639<br \/>\n\u00fcretim y\u0131l\u0131 2015<br \/>\nModel y\u0131l\u0131 2016<\/p>\n","protected":false},"excerpt":{"rendered":"<p>Motor \u00e7al\u0131\u015fma saati 2990 Tambur \u00e7al\u0131\u015fma saati 1910 56 B\u0131\u00e7ak tamburu m\u0131s\u0131r k\u0131ran Premium kabin Is\u0131tma Havaland\u0131rma Klima 4 \u00e7eker Kule uzant\u0131s\u0131 Alt \u00f6n bask\u0131 silindirinde yerle\u015fik metal dedekt\u00f6r\u00fc 4 bask\u0131 \u00f6ncesi makaral\u0131 yay Sonsuz de\u011fi\u015fken kesim y\u00fckseklik ayar\u0131 B\u0131\u00e7ak bileme sistemi Kar\u015f\u0131 b\u0131\u00e7ak ayar\u0131 f\u0131rlatma h\u0131zland\u0131r\u0131c\u0131 Enjeksiyon manifoldu Silaj katk\u0131s\u0131 i\u00e7in pompa kontrol \u00fcnitesi&hellip;<\/p>\n","protected":false},"featured_media":6900,"template":"","meta":[],"product_cat":[447,448,212],"product_tag":[523,462,496,494,298,300,299],"class_list":{"0":"post-6899","1":"product","2":"type-product","3":"status-publish","4":"has-post-thumbnail","6":"product_brand-john-deere","7":"product_cat-hasat-harman-makineleri","8":"product_cat-misir-hasat-makineleri","9":"product_cat-tarim-makine-ve-ekipmanlari","10":"product_tag-kendi-yurur-silaj-makinesi","11":"product_tag-misir-hasat-makineleri","12":"product_tag-misir-silaj-makinesi","13":"product_tag-silaj-makinesi","14":"product_tag-tarim-araclari","15":"product_tag-tarim-ekipmanlari","16":"product_tag-tarim-makineleri","18":"first","19":"instock","20":"taxable","21":"shipping-taxable","22":"product-type-external","23":"col-xs-6 col-sm-4","24":"col-md-3 col-lg-3","25":"un-4-cols"},"_links":{"self":[{"href":"https:\/\/www.agriomarket.com\/index.php\/wp-json\/wp\/v2\/product\/6899","targetHints":{"allow":["GET"]}}],"collection":[{"href":"https:\/\/www.agriomarket.com\/index.php\/wp-json\/wp\/v2\/product"}],"about":[{"href":"https:\/\/www.agriomarket.com\/index.php\/wp-json\/wp\/v2\/types\/product"}],"wp:featuredmedia":[{"embeddable":true,"href":"https:\/\/www.agriomarket.com\/index.php\/wp-json\/wp\/v2\/media\/6900"}],"wp:attachment":[{"href":"https:\/\/www.agriomarket.com\/index.php\/wp-json\/wp\/v2\/media?parent=6899"}],"wp:term":[{"taxonomy":"product_cat","embeddable":true,"href":"https:\/\/www.agriomarket.com\/index.php\/wp-json\/wp\/v2\/product_cat?post=6899"},{"taxonomy":"product_tag","embeddable":true,"href":"https:\/\/www.agriomarket.com\/index.php\/wp-json\/wp\/v2\/product_tag?post=6899"}],"curies":[{"name":"wp","href":"https:\/\/api.w.org\/{rel}","templated":true}]}}