{"id":6911,"date":"2022-03-01T22:03:52","date_gmt":"2022-03-01T19:03:52","guid":{"rendered":"https:\/\/www.agrio.market\/?post_type=product&#038;p=6911"},"modified":"2022-04-02T11:29:14","modified_gmt":"2022-04-02T08:29:14","slug":"2017-claas-jaguar-940-4wd-kendi-yurur-silaj-makinesi","status":"publish","type":"product","link":"https:\/\/www.agriomarket.com\/index.php\/urun\/2017-claas-jaguar-940-4wd-kendi-yurur-silaj-makinesi\/","title":{"rendered":"2017 Claas Jaguar 940 (4WD) Kendi Y\u00fcr\u00fcr Silaj Makinesi"},"content":{"rendered":"<p>Claas Jaguar 940 (4WD):<br \/>\n&#8211; \u00fcretim y\u0131l\u0131 \u2013 2017,<br \/>\n&#8211; motor &#8211; Mercedes Benz &#8211; 516 HP,<br \/>\n&#8211; motor \u00e7al\u0131\u015fma saati \u2013 2034 saat,<br \/>\n&#8211; kesim silindiri \u00e7al\u0131\u015fma saati \u2013 1575 saat,<br \/>\n&#8211; s\u00fcr\u00fc\u015f h\u0131z\u0131 \u2013 40 km\/s,<br \/>\n&#8211; 4 teker \u00e7eki\u015fli, (4WD),<br \/>\n&#8211; CEBIS \u2013 ara\u00e7 i\u00e7i bilgi sistemi,<br \/>\n&#8211; V-MAX \u2013 kesme silindiri (20 b\u0131\u00e7ak),<br \/>\n&#8211; MULTI CROP CRACKER \u2013 \u00e7ekirdek i\u015flemci (80\/100 di\u015f),<br \/>\n&#8211; STOP ROCK \u2013 ta\u015f dedekt\u00f6r\u00fc,<br \/>\n&#8211; OPTI FILL \u2013 otomatik \u00e7\u0131k\u0131\u015f ucu d\u00f6nd\u00fcrme i\u015flevi,<br \/>\n&#8211; merkezi ya\u011flama sistemi,<br \/>\n&#8211; \u00e7\u0131k\u0131\u015f ucu uzant\u0131s\u0131 (M),<br \/>\n&#8211; silaj katk\u0131 sistemi,<br \/>\n&#8211; hava kompres\u00f6r\u00fc,<br \/>\n&#8211; ekstra yak\u0131t deposu (+ 300 l),<br \/>\n&#8211; R\u00f6mork ba\u011flant\u0131s\u0131,<br \/>\n&#8211; AC MATIC \u2013 otomatik klima,<br \/>\n&#8211; Tahrik aks\u0131 i\u00e7in lastik bas\u0131n\u00e7 kontrol sistemi,<br \/>\n&#8211; PLUS \u00e7al\u0131\u015fma lambalar\u0131,<br \/>\n&#8211; radyo MP3\/USB\/SD\/AUX\/Bluetooth,<br \/>\n&#8211; manuel olarak ayarlanabilen dikiz aynalar\u0131,<br \/>\n&#8211; buzdolab\u0131,<br \/>\n&#8211; \u00f6n lastikler \u2013 Michelin 710\/75 R34,<br \/>\n&#8211; arka lastikler \u2013 Alliance 540\/65 R28,<br \/>\n&#8211; \u00e7ok iyi durumda<br \/>\nAyr\u0131ca d\u00fcnya \u00e7ap\u0131nda nakliye sunuyoruz.<br \/>\nPar\u00e7a de\u011fi\u015fimi m\u00fcmk\u00fcnd\u00fcr.<\/p>\n","protected":false},"excerpt":{"rendered":"<p>Claas Jaguar 940 (4WD): &#8211; \u00fcretim y\u0131l\u0131 \u2013 2017, &#8211; motor &#8211; Mercedes Benz &#8211; 516 HP, &#8211; motor \u00e7al\u0131\u015fma saati \u2013 2034 saat, &#8211; kesim silindiri \u00e7al\u0131\u015fma saati \u2013 1575 saat, &#8211; s\u00fcr\u00fc\u015f h\u0131z\u0131 \u2013 40 km\/s, &#8211; 4 teker \u00e7eki\u015fli, (4WD), &#8211; CEBIS \u2013 ara\u00e7 i\u00e7i bilgi sistemi, &#8211; V-MAX \u2013 kesme silindiri&hellip;<\/p>\n","protected":false},"featured_media":6912,"template":"","meta":[],"product_cat":[447,448,212],"product_tag":[523,462,496,494,298,300,299],"class_list":{"0":"post-6911","1":"product","2":"type-product","3":"status-publish","4":"has-post-thumbnail","6":"product_brand-claas","7":"product_cat-hasat-harman-makineleri","8":"product_cat-misir-hasat-makineleri","9":"product_cat-tarim-makine-ve-ekipmanlari","10":"product_tag-kendi-yurur-silaj-makinesi","11":"product_tag-misir-hasat-makineleri","12":"product_tag-misir-silaj-makinesi","13":"product_tag-silaj-makinesi","14":"product_tag-tarim-araclari","15":"product_tag-tarim-ekipmanlari","16":"product_tag-tarim-makineleri","18":"first","19":"instock","20":"taxable","21":"shipping-taxable","22":"product-type-external","23":"col-xs-6 col-sm-4","24":"col-md-3 col-lg-3","25":"un-4-cols"},"_links":{"self":[{"href":"https:\/\/www.agriomarket.com\/index.php\/wp-json\/wp\/v2\/product\/6911","targetHints":{"allow":["GET"]}}],"collection":[{"href":"https:\/\/www.agriomarket.com\/index.php\/wp-json\/wp\/v2\/product"}],"about":[{"href":"https:\/\/www.agriomarket.com\/index.php\/wp-json\/wp\/v2\/types\/product"}],"wp:featuredmedia":[{"embeddable":true,"href":"https:\/\/www.agriomarket.com\/index.php\/wp-json\/wp\/v2\/media\/6912"}],"wp:attachment":[{"href":"https:\/\/www.agriomarket.com\/index.php\/wp-json\/wp\/v2\/media?parent=6911"}],"wp:term":[{"taxonomy":"product_cat","embeddable":true,"href":"https:\/\/www.agriomarket.com\/index.php\/wp-json\/wp\/v2\/product_cat?post=6911"},{"taxonomy":"product_tag","embeddable":true,"href":"https:\/\/www.agriomarket.com\/index.php\/wp-json\/wp\/v2\/product_tag?post=6911"}],"curies":[{"name":"wp","href":"https:\/\/api.w.org\/{rel}","templated":true}]}}