{"id":6996,"date":"2022-03-03T21:27:45","date_gmt":"2022-03-03T18:27:45","guid":{"rendered":"https:\/\/www.agrio.market\/?post_type=product&#038;p=6996"},"modified":"2023-05-22T22:52:51","modified_gmt":"2023-05-22T19:52:51","slug":"2019-vdw-saman-ufleme-makinesi-strohblaser-h-xl","status":"publish","type":"product","link":"https:\/\/www.agriomarket.com\/index.php\/urun\/2019-vdw-saman-ufleme-makinesi-strohblaser-h-xl\/","title":{"rendered":"2019 VDW Saman \u00dcfleme Makinesi &#8211; Strohbl\u00e4ser H XL"},"content":{"rendered":"<p>Hidrolik tahrikli &#8211; M c\u0131vatal\u0131 destekle durdurmaya uygun &#8211; Claas\/ CAT &#8211; HU-H i\u00e7in sabit bo\u015falt\u0131m &#8211; Y\u00f6n de\u011fi\u015ftirebilen bo\u015falt\u0131m<\/p>\n","protected":false},"excerpt":{"rendered":"<p>Hidrolik tahrikli &#8211; M c\u0131vatal\u0131 destekle durdurmaya uygun &#8211; Claas\/ CAT &#8211; HU-H i\u00e7in sabit bo\u015falt\u0131m &#8211; Y\u00f6n de\u011fi\u015ftirebilen bo\u015falt\u0131m<\/p>\n","protected":false},"featured_media":6997,"template":"","meta":[],"product_cat":[387,212,446],"product_tag":[394,563,379,399,389,564,298,300,299],"class_list":{"0":"post-6996","1":"product","2":"type-product","3":"status-publish","4":"has-post-thumbnail","6":"product_cat-hayvancilik-makine-ve-ekipmanlari","7":"product_cat-tarim-makine-ve-ekipmanlari","8":"product_cat-yem-hasat-makineleri","9":"product_tag-balya-isleme-ekipmanlari","10":"product_tag-balyadan-saman-ufleme-makinesi","11":"product_tag-ekipman","12":"product_tag-hayvancilik-ekipmanlari","13":"product_tag-romorklar","14":"product_tag-saman-ufleyici","15":"product_tag-tarim-araclari","16":"product_tag-tarim-ekipmanlari","17":"product_tag-tarim-makineleri","19":"first","20":"instock","21":"taxable","22":"shipping-taxable","23":"product-type-external","24":"col-xs-6 col-sm-4","25":"col-md-3 col-lg-3","26":"un-4-cols"},"_links":{"self":[{"href":"https:\/\/www.agriomarket.com\/index.php\/wp-json\/wp\/v2\/product\/6996","targetHints":{"allow":["GET"]}}],"collection":[{"href":"https:\/\/www.agriomarket.com\/index.php\/wp-json\/wp\/v2\/product"}],"about":[{"href":"https:\/\/www.agriomarket.com\/index.php\/wp-json\/wp\/v2\/types\/product"}],"wp:featuredmedia":[{"embeddable":true,"href":"https:\/\/www.agriomarket.com\/index.php\/wp-json\/wp\/v2\/media\/6997"}],"wp:attachment":[{"href":"https:\/\/www.agriomarket.com\/index.php\/wp-json\/wp\/v2\/media?parent=6996"}],"wp:term":[{"taxonomy":"product_cat","embeddable":true,"href":"https:\/\/www.agriomarket.com\/index.php\/wp-json\/wp\/v2\/product_cat?post=6996"},{"taxonomy":"product_tag","embeddable":true,"href":"https:\/\/www.agriomarket.com\/index.php\/wp-json\/wp\/v2\/product_tag?post=6996"}],"curies":[{"name":"wp","href":"https:\/\/api.w.org\/{rel}","templated":true}]}}