{"id":7017,"date":"2022-03-03T21:43:58","date_gmt":"2022-03-03T18:43:58","guid":{"rendered":"https:\/\/www.agrio.market\/?post_type=product&#038;p=7017"},"modified":"2023-05-22T23:03:11","modified_gmt":"2023-05-22T20:03:11","slug":"2021-greenkeeper-6m","status":"publish","type":"product","link":"https:\/\/www.agriomarket.com\/index.php\/urun\/2021-greenkeeper-6m\/","title":{"rendered":"2021 Zocon \u00c7im Ekim Makinesi 6m"},"content":{"rendered":"<p>Zocon Golf Sahas\u0131 \u00c7im Ekim Makinesi 6m &#8211; Seeder Z300 Prof &#8211; Ekim mili k\u0131rm\u0131z\u0131 &#8211; S\u00fcr\u00fc\u015f h\u0131z\u0131 i\u00e7in sens\u00f6r &#8211; Sens\u00f6r i\u00e7in zemin \u00e7ark\u0131 &#8211; Basamaklar &#8211; Ayd\u0131nlatma LED&#8217;i &#8211; Tohum t\u0131rm\u0131\u011f\u0131 parmakl\u0131<\/p>\n","protected":false},"excerpt":{"rendered":"<p>Zocon Golf Sahas\u0131 \u00c7im Ekim Makinesi 6m &#8211; Seeder Z300 Prof &#8211; Ekim mili k\u0131rm\u0131z\u0131 &#8211; S\u00fcr\u00fc\u015f h\u0131z\u0131 i\u00e7in sens\u00f6r &#8211; Sens\u00f6r i\u00e7in zemin \u00e7ark\u0131 &#8211; Basamaklar &#8211; Ayd\u0131nlatma LED&#8217;i &#8211; Tohum t\u0131rm\u0131\u011f\u0131 parmakl\u0131<\/p>\n","protected":false},"featured_media":7018,"template":"","meta":[],"product_cat":[381,212],"product_tag":[537,536,318,321,300,299],"class_list":{"0":"post-7017","1":"product","2":"type-product","3":"status-publish","4":"has-post-thumbnail","6":"product_brand-zocon","7":"product_cat-meyve-ve-sebze-hasat-makineleri","8":"product_cat-tarim-makine-ve-ekipmanlari","9":"product_tag-cim","10":"product_tag-cim-ekim-makinesi","11":"product_tag-ekim-araclari","12":"product_tag-ekim-makineleri","13":"product_tag-tarim-ekipmanlari","14":"product_tag-tarim-makineleri","16":"first","17":"instock","18":"taxable","19":"shipping-taxable","20":"product-type-external","21":"col-xs-6 col-sm-4","22":"col-md-3 col-lg-3","23":"un-4-cols"},"_links":{"self":[{"href":"https:\/\/www.agriomarket.com\/index.php\/wp-json\/wp\/v2\/product\/7017","targetHints":{"allow":["GET"]}}],"collection":[{"href":"https:\/\/www.agriomarket.com\/index.php\/wp-json\/wp\/v2\/product"}],"about":[{"href":"https:\/\/www.agriomarket.com\/index.php\/wp-json\/wp\/v2\/types\/product"}],"wp:featuredmedia":[{"embeddable":true,"href":"https:\/\/www.agriomarket.com\/index.php\/wp-json\/wp\/v2\/media\/7018"}],"wp:attachment":[{"href":"https:\/\/www.agriomarket.com\/index.php\/wp-json\/wp\/v2\/media?parent=7017"}],"wp:term":[{"taxonomy":"product_cat","embeddable":true,"href":"https:\/\/www.agriomarket.com\/index.php\/wp-json\/wp\/v2\/product_cat?post=7017"},{"taxonomy":"product_tag","embeddable":true,"href":"https:\/\/www.agriomarket.com\/index.php\/wp-json\/wp\/v2\/product_tag?post=7017"}],"curies":[{"name":"wp","href":"https:\/\/api.w.org\/{rel}","templated":true}]}}