{"id":7047,"date":"2022-03-05T13:26:17","date_gmt":"2022-03-05T10:26:17","guid":{"rendered":"https:\/\/www.agrio.market\/?post_type=product&#038;p=7047"},"modified":"2022-03-05T13:27:55","modified_gmt":"2022-03-05T10:27:55","slug":"dogus-sut-yemi","status":"publish","type":"product","link":"https:\/\/www.agriomarket.com\/index.php\/urun\/dogus-sut-yemi\/","title":{"rendered":"Do\u011fu\u015f S\u00fct Yemi"},"content":{"rendered":"<p>D\u00fc\u015f\u00fck miktarda tah\u0131l ve protein kaynaklar\u0131 kullan\u0131lan rasyonlarda enerji protein dengesini sa\u011flamak i\u00e7in kullan\u0131l\u0131r.<\/p>\n<p>\u00d6zellikleri<br \/>\nY\u00fcksek ve kaliteli protein i\u00e7eri\u011fi Y\u00fcksek enerji<br \/>\nDengeli amino asit profili<br \/>\nG\u00fc\u00e7l\u00fc vitamin ve mineral i\u00e7eri\u011fi<\/p>\n<p>FAYDALARI<br \/>\nPerformans art\u0131\u015f\u0131 ve hastal\u0131klara kar\u015f\u0131 koruma sa\u011flar.<br \/>\nS\u00fct Kalitesini Destekler<br \/>\nS\u00fct ya\u011f\u0131n\u0131 ve s\u00fct proteinini ideal seviyede korur.<\/p>\n","protected":false},"excerpt":{"rendered":"<p>D\u00fc\u015f\u00fck miktarda tah\u0131l ve protein kaynaklar\u0131 kullan\u0131lan rasyonlarda enerji protein dengesini sa\u011flamak i\u00e7in kullan\u0131l\u0131r. \u00d6zellikleri Y\u00fcksek ve kaliteli protein i\u00e7eri\u011fi Y\u00fcksek enerji Dengeli amino asit profili G\u00fc\u00e7l\u00fc vitamin ve mineral i\u00e7eri\u011fi FAYDALARI Performans art\u0131\u015f\u0131 ve hastal\u0131klara kar\u015f\u0131 koruma sa\u011flar. S\u00fct Kalitesini Destekler S\u00fct ya\u011f\u0131n\u0131 ve s\u00fct proteinini ideal seviyede korur.<\/p>\n","protected":false},"featured_media":7048,"template":"","meta":[],"product_cat":[211,236],"product_tag":[441,442,443,292,297],"class_list":{"0":"post-7047","1":"product","2":"type-product","3":"status-publish","4":"has-post-thumbnail","6":"product_brand-proyem","7":"product_cat-tarimsal-uretim-girdi-ve-hammadde","8":"product_cat-yem-grubu","9":"product_tag-buyukbas-yemleri","10":"product_tag-buzagi-yemleri","11":"product_tag-ciftlik-grubu-yemleri","12":"product_tag-uretim","13":"product_tag-yem-grubu","15":"first","16":"instock","17":"taxable","18":"shipping-taxable","19":"product-type-external","20":"col-xs-6 col-sm-4","21":"col-md-3 col-lg-3","22":"un-4-cols"},"_links":{"self":[{"href":"https:\/\/www.agriomarket.com\/index.php\/wp-json\/wp\/v2\/product\/7047","targetHints":{"allow":["GET"]}}],"collection":[{"href":"https:\/\/www.agriomarket.com\/index.php\/wp-json\/wp\/v2\/product"}],"about":[{"href":"https:\/\/www.agriomarket.com\/index.php\/wp-json\/wp\/v2\/types\/product"}],"wp:featuredmedia":[{"embeddable":true,"href":"https:\/\/www.agriomarket.com\/index.php\/wp-json\/wp\/v2\/media\/7048"}],"wp:attachment":[{"href":"https:\/\/www.agriomarket.com\/index.php\/wp-json\/wp\/v2\/media?parent=7047"}],"wp:term":[{"taxonomy":"product_cat","embeddable":true,"href":"https:\/\/www.agriomarket.com\/index.php\/wp-json\/wp\/v2\/product_cat?post=7047"},{"taxonomy":"product_tag","embeddable":true,"href":"https:\/\/www.agriomarket.com\/index.php\/wp-json\/wp\/v2\/product_tag?post=7047"}],"curies":[{"name":"wp","href":"https:\/\/api.w.org\/{rel}","templated":true}]}}