{"id":7051,"date":"2022-03-05T13:30:25","date_gmt":"2022-03-05T10:30:25","guid":{"rendered":"https:\/\/www.agrio.market\/?post_type=product&#038;p=7051"},"modified":"2022-03-05T13:34:58","modified_gmt":"2022-03-05T10:34:58","slug":"besi-yemi","status":"publish","type":"product","link":"https:\/\/www.agriomarket.com\/index.php\/urun\/besi-yemi\/","title":{"rendered":"Besi Yemi"},"content":{"rendered":"<p>Orta dereceli besi performans\u0131 istenen s\u0131\u011f\u0131rlarda kullan\u0131l\u0131r.<br \/>\nS\u00fcratli canl\u0131 a\u011f\u0131rl\u0131k art\u0131\u015f\u0131 i\u00e7in kuru madde esas\u0131na g\u00f6re en az % 15 ve en fazla % 20 oran\u0131nda kaba yem veriniz.<br \/>\nCanl\u0131 a\u011f\u0131rl\u0131k 350 kg. \u00dczerine \u00e7\u0131kt\u0131\u011f\u0131nda tah\u0131l ilavesi ile kullan\u0131lmas\u0131 \u00f6nerilir.<\/p>\n<p>FAYDALARI<br \/>\nTah\u0131l k\u0131rmalar\u0131 ile yo\u011fun bir \u015fekilde kullan\u0131ld\u0131\u011f\u0131nda besi s\u0131\u011f\u0131r\u0131 kesim olgunlu\u011funa \u00e7abuk ula\u015f\u0131r.<\/p>\n<p>&nbsp;<\/p>\n","protected":false},"excerpt":{"rendered":"<p>Orta dereceli besi performans\u0131 istenen s\u0131\u011f\u0131rlarda kullan\u0131l\u0131r. S\u00fcratli canl\u0131 a\u011f\u0131rl\u0131k art\u0131\u015f\u0131 i\u00e7in kuru madde esas\u0131na g\u00f6re en az % 15 ve en fazla % 20 oran\u0131nda kaba yem veriniz. Canl\u0131 a\u011f\u0131rl\u0131k 350 kg. \u00dczerine \u00e7\u0131kt\u0131\u011f\u0131nda tah\u0131l ilavesi ile kullan\u0131lmas\u0131 \u00f6nerilir. FAYDALARI Tah\u0131l k\u0131rmalar\u0131 ile yo\u011fun bir \u015fekilde kullan\u0131ld\u0131\u011f\u0131nda besi s\u0131\u011f\u0131r\u0131 kesim olgunlu\u011funa \u00e7abuk ula\u015f\u0131r. &nbsp;<\/p>\n","protected":false},"featured_media":7054,"template":"","meta":[],"product_cat":[211,236],"product_tag":[441,442,444,292,297],"class_list":{"0":"post-7051","1":"product","2":"type-product","3":"status-publish","4":"has-post-thumbnail","6":"product_brand-proyem","7":"product_cat-tarimsal-uretim-girdi-ve-hammadde","8":"product_cat-yem-grubu","9":"product_tag-buyukbas-yemleri","10":"product_tag-buzagi-yemleri","11":"product_tag-sigir-besi-yemleri","12":"product_tag-uretim","13":"product_tag-yem-grubu","15":"first","16":"instock","17":"taxable","18":"shipping-taxable","19":"product-type-external","20":"col-xs-6 col-sm-4","21":"col-md-3 col-lg-3","22":"un-4-cols"},"_links":{"self":[{"href":"https:\/\/www.agriomarket.com\/index.php\/wp-json\/wp\/v2\/product\/7051","targetHints":{"allow":["GET"]}}],"collection":[{"href":"https:\/\/www.agriomarket.com\/index.php\/wp-json\/wp\/v2\/product"}],"about":[{"href":"https:\/\/www.agriomarket.com\/index.php\/wp-json\/wp\/v2\/types\/product"}],"wp:featuredmedia":[{"embeddable":true,"href":"https:\/\/www.agriomarket.com\/index.php\/wp-json\/wp\/v2\/media\/7054"}],"wp:attachment":[{"href":"https:\/\/www.agriomarket.com\/index.php\/wp-json\/wp\/v2\/media?parent=7051"}],"wp:term":[{"taxonomy":"product_cat","embeddable":true,"href":"https:\/\/www.agriomarket.com\/index.php\/wp-json\/wp\/v2\/product_cat?post=7051"},{"taxonomy":"product_tag","embeddable":true,"href":"https:\/\/www.agriomarket.com\/index.php\/wp-json\/wp\/v2\/product_tag?post=7051"}],"curies":[{"name":"wp","href":"https:\/\/api.w.org\/{rel}","templated":true}]}}